{"id":19971,"date":"2023-03-06T13:53:19","date_gmt":"2023-03-06T18:53:19","guid":{"rendered":"https:\/\/naturalook.shop\/conditions-generales\/"},"modified":"2023-03-06T15:04:07","modified_gmt":"2023-03-06T20:04:07","slug":"conditions-generales","status":"publish","type":"page","link":"https:\/\/naturalook.shop\/fr\/conditions-generales\/","title":{"rendered":"Conditions g\u00e9n\u00e9rales"},"content":{"rendered":"<h2>Merci de consid\u00e9rer nos produits. En passant une commande aupr\u00e8s de nous, vous acceptez de respecter les conditions g\u00e9n\u00e9rales suivantes.<\/h2>\n<p>Veuillez noter que bien que nous offrions des conseils en mati\u00e8re de consultation, de s\u00e9lection de couleur et d&#8217;application de produit, ces services rel\u00e8vent de la comp\u00e9tence du contrat entre le salon et le client et sont la seule responsabilit\u00e9 du salon et\/ou du client.<\/p>\n<p>Nos extensions capillaires Naturalook sont con\u00e7ues pour un usage professionnel uniquement. Nous vous recommandons vivement de faire appel \u00e0 un professionnel certifi\u00e9 pour assurer l&#8217;application appropri\u00e9e et la long\u00e9vit\u00e9 de nos produits. De plus, veuillez noter que tout probl\u00e8me li\u00e9 \u00e0 la qualit\u00e9 des cheveux, \u00e0 la perte de cheveux ou au glissement doit \u00eatre trait\u00e9 par un sp\u00e9cialiste certifi\u00e9 des extensions capillaires.<\/p>\n<p><strong><span style=\"color: #ff0000;\">Toutes les ventes d&#8217;extensions capillaires, de produits de soins capillaires et de traitements sont finales.<\/span><\/strong> Veuillez noter que TOUS les produits Felps &amp; Honma Tokyo sont strictement interdits \u00e0 la revente et r\u00e9serv\u00e9s aux professionnels certifi\u00e9s.<\/p>\n<p>Nous regrettons de ne pouvoir offrir ni \u00e9change ni retour pour aucun de nos produits. Nous prenons la s\u00e9curit\u00e9 de vos informations de carte au s\u00e9rieux et utilisons un cryptage SSL pour garantir leur s\u00e9curit\u00e9.<\/p>\n<p>Veuillez noter que des taxes locales peuvent s&#8217;appliquer.<\/p>\n<h2>Livraison<\/h2>\n<p><strong>Les d\u00e9lais de livraison peuvent varier en raison de circonstances impr\u00e9vues, y compris les retards caus\u00e9s par Covid-19. Nous vous conseillons de ne pas prendre rendez-vous avec votre client avant d&#8217;avoir re\u00e7u et v\u00e9rifi\u00e9 les marchandises command\u00e9es.<\/strong><\/p>\n<h2>Limites et exclusions de responsabilit\u00e9<\/h2>\n<p>Bien que nous nous efforcions de fournir des produits de la plus haute qualit\u00e9, nous ne pouvons \u00eatre tenus responsables de tout dommage ou d\u00e9faut qui pourrait survenir apr\u00e8s la vente. Naturalook Hair Extensions ne sera pas responsable de tout dommage caus\u00e9 pendant ou apr\u00e8s le processus d&#8217;application d&#8217;extension capillaire. Tous les stylistes et les consommateurs conviennent d&#8217;utiliser nos produits \u00e0 leurs propres risques.<\/p>\n<p>Nous ne sommes pas responsables des co\u00fbts associ\u00e9s \u00e0 l&#8217;installation ou au retrait de nos produits. De plus, nous ne pouvons \u00eatre tenus responsables de toute perte d\u00e9coulant d&#8217;\u00e9v\u00e9nements ind\u00e9pendants de notre volont\u00e9, ni de toute perte d&#8217;activit\u00e9, notamment la perte de profits, de revenus, de chiffre d&#8217;affaires, d&#8217;utilisation, de production, d&#8217;\u00e9conomies anticip\u00e9es, de contrats, d&#8217;opportunit\u00e9s commerciales ou de r\u00e9putation.<\/p>\n<h2>Variation<\/h2>\n<p>Veuillez noter que nous nous r\u00e9servons le droit de r\u00e9viser ces conditions d&#8217;utilisation \u00e0 tout moment et sans pr\u00e9avis. Toute modification sera applicable \u00e0 compter de la date de publication sur notre site Web.<\/p>\n<p>Bien que nous puissions transf\u00e9rer, sous-traiter ou autrement traiter nos droits et\/ou obligations en vertu de ces conditions d&#8217;utilisation, vous ne pouvez pas transf\u00e9rer, sous-traiter ou autrement traiter vos droits et\/ou obligations en vertu de ces conditions d&#8217;utilisation.<\/p>\n","protected":false},"excerpt":{"rendered":"<p>Merci de consid\u00e9rer nos produits. En passant une commande aupr\u00e8s de nous, vous acceptez de respecter les conditions g\u00e9n\u00e9rales suivantes.<\/p>\n","protected":false},"author":1,"featured_media":0,"parent":0,"menu_order":0,"comment_status":"closed","ping_status":"closed","template":"","meta":{"_glsr_average":0,"_glsr_ranking":0,"_glsr_reviews":0,"footnotes":""},"class_list":["post-19971","page","type-page","status-publish","hentry","_wholesalex wsx-wholesalex-product"],"_hostinger_reach_plugin_has_subscription_block":false,"_hostinger_reach_plugin_is_elementor":false,"jetpack_sharing_enabled":true,"_links":{"self":[{"href":"https:\/\/naturalook.shop\/fr\/wp-json\/wp\/v2\/pages\/19971","targetHints":{"allow":["GET"]}}],"collection":[{"href":"https:\/\/naturalook.shop\/fr\/wp-json\/wp\/v2\/pages"}],"about":[{"href":"https:\/\/naturalook.shop\/fr\/wp-json\/wp\/v2\/types\/page"}],"author":[{"embeddable":true,"href":"https:\/\/naturalook.shop\/fr\/wp-json\/wp\/v2\/users\/1"}],"replies":[{"embeddable":true,"href":"https:\/\/naturalook.shop\/fr\/wp-json\/wp\/v2\/comments?post=19971"}],"version-history":[{"count":0,"href":"https:\/\/naturalook.shop\/fr\/wp-json\/wp\/v2\/pages\/19971\/revisions"}],"wp:attachment":[{"href":"https:\/\/naturalook.shop\/fr\/wp-json\/wp\/v2\/media?parent=19971"}],"curies":[{"name":"wp","href":"https:\/\/api.w.org\/{rel}","templated":true}]}}