{"id":17728,"date":"2023-02-24T15:58:00","date_gmt":"2023-02-24T20:58:00","guid":{"rendered":"https:\/\/naturalook.shop\/product\/felps-clarifying-shampoo-250ml\/"},"modified":"2026-02-16T16:37:10","modified_gmt":"2026-02-16T21:37:10","slug":"felps-shampooing-clarifiant-250ml","status":"publish","type":"product","link":"https:\/\/naturalook.shop\/fr\/produit\/felps-shampooing-clarifiant-250ml\/","title":{"rendered":"Felps \u2013 SHAMPOOING CLARIFIANT &#8211; 250ml"},"content":{"rendered":"<p><strong>Le shampooing clarifiant<\/strong> nettoie en profondeur vos cheveux et votre cuir chevelu, \u00e9liminant les impuret\u00e9s sans causer de dommages. Il poss\u00e8de une formule au pH \u00e9quilibr\u00e9 qui pr\u00e9pare vos cheveux aux traitements chimiques, garantissant des r\u00e9sultats optimaux.<\/p>\n<p>Son niveau de pH id\u00e9al assure un nettoyage en profondeur qui \u00e9limine efficacement toute accumulation ou r\u00e9sidu de vos cheveux. En utilisant ce shampooing avant le traitement, vous pouvez \u00eatre s\u00fbr que vos cheveux seront dans les meilleures conditions possibles pour recevoir tous les bienfaits du traitement.<\/p>\n","protected":false},"excerpt":{"rendered":"<p>PR\u00c9PARE LES CHEVEUX AUX TRAITEMENTS CHIMIQUES<\/p>\n","protected":false},"featured_media":33092,"comment_status":"open","ping_status":"closed","template":"","meta":{"_glsr_average":0,"_glsr_ranking":0,"_glsr_reviews":0},"product_brand":[900],"product_cat":[78],"product_tag":[],"class_list":{"0":"post-17728","1":"product","2":"type-product","3":"status-publish","4":"has-post-thumbnail","6":"product_brand-felps","7":"product_cat-traitement-capillaire","8":"_wholesalex wsx-wholesalex-product","10":"first","11":"instock","12":"taxable","13":"shipping-taxable","14":"product-type-simple"},"jetpack_sharing_enabled":true,"_links":{"self":[{"href":"https:\/\/naturalook.shop\/fr\/wp-json\/wp\/v2\/product\/17728","targetHints":{"allow":["GET"]}}],"collection":[{"href":"https:\/\/naturalook.shop\/fr\/wp-json\/wp\/v2\/product"}],"about":[{"href":"https:\/\/naturalook.shop\/fr\/wp-json\/wp\/v2\/types\/product"}],"replies":[{"embeddable":true,"href":"https:\/\/naturalook.shop\/fr\/wp-json\/wp\/v2\/comments?post=17728"}],"version-history":[{"count":1,"href":"https:\/\/naturalook.shop\/fr\/wp-json\/wp\/v2\/product\/17728\/revisions"}],"predecessor-version":[{"id":34140,"href":"https:\/\/naturalook.shop\/fr\/wp-json\/wp\/v2\/product\/17728\/revisions\/34140"}],"wp:featuredmedia":[{"embeddable":true,"href":"https:\/\/naturalook.shop\/fr\/wp-json\/wp\/v2\/media\/33092"}],"wp:attachment":[{"href":"https:\/\/naturalook.shop\/fr\/wp-json\/wp\/v2\/media?parent=17728"}],"wp:term":[{"taxonomy":"product_brand","embeddable":true,"href":"https:\/\/naturalook.shop\/fr\/wp-json\/wp\/v2\/product_brand?post=17728"},{"taxonomy":"product_cat","embeddable":true,"href":"https:\/\/naturalook.shop\/fr\/wp-json\/wp\/v2\/product_cat?post=17728"},{"taxonomy":"product_tag","embeddable":true,"href":"https:\/\/naturalook.shop\/fr\/wp-json\/wp\/v2\/product_tag?post=17728"}],"curies":[{"name":"wp","href":"https:\/\/api.w.org\/{rel}","templated":true}]}}