{"id":17751,"date":"2023-02-24T15:44:00","date_gmt":"2023-02-24T20:44:00","guid":{"rendered":"https:\/\/naturalook.shop\/product\/felps-xbtx-omega-zero-botox-300g\/"},"modified":"2026-02-16T16:37:11","modified_gmt":"2026-02-16T21:37:11","slug":"felps-xbtx-omega-zero-botox-300g","status":"publish","type":"product","link":"https:\/\/naturalook.shop\/fr\/produit\/felps-xbtx-omega-zero-botox-300g\/","title":{"rendered":"Felps &#8211; XBTX OMEGA ZERO BOTOX &#8211; 300g"},"content":{"rendered":"<p><strong>Omega Zero Mask<\/strong> est un traitement capillaire professionnel qui offre un traitement de masse sans formald\u00e9hyde. Il est sp\u00e9cialement formul\u00e9 pour hydrater et contr\u00f4ler le pH de la fibre capillaire, offrant ainsi plus de r\u00e9sistance. Ce traitement capillaire convient \u00e0 tous les types de cheveux, y compris les cheveux volumineux, ind\u00e9finis et secs, et peut \u00eatre utilis\u00e9 avec tout type de traitement chimique sans restrictions.<\/p>\n<p>Les ingr\u00e9dients actifs de la Omega Zero Smoothing Mask comprennent de l&#8217;acide tannique et de l&#8217;huile de macadamia. L&#8217;acide tannique est un puissant antioxydant extrait des raisins qui aide \u00e0 rompre les ponts de liaison dans le cortex capillaire de l&#8217;int\u00e9rieur vers l&#8217;ext\u00e9rieur, permettant aux cheveux d&#8217;\u00eatre m\u00e9caniquement moul\u00e9s par la chaleur. L&#8217;huile de macadamia r\u00e9pare l&#8217;\u00e9lasticit\u00e9 naturelle, pr\u00e9vient la casse et offre une hydratation profonde et des bienfaits anti-\u00e2ge.<\/p>\n<p>Les r\u00e9sultats attendus de l&#8217;utilisation de la Omega Zero Smoothing Mask comprennent la r\u00e9duction de volume, des cheveux hydrat\u00e9s et un contr\u00f4le des frisottis. Pour utiliser le produit, suivez ces \u00e9tapes :<\/p>\n<ol>\n<li><strong>\u00c9tape 1 :<\/strong> Lavez les cheveux 1 \u00e0 2 fois avec un shampooing clarifiant pour \u00e9liminer les r\u00e9sidus et pr\u00e9parer les cheveux au traitement.<\/li>\n<li><strong>\u00c9tape 2 :<\/strong> S\u00e9chez les cheveux compl\u00e8tement ou presque compl\u00e8tement \u00e0 l&#8217;aide d&#8217;un s\u00e8che-cheveux.<\/li>\n<li><strong>\u00c9tape 3 :<\/strong> Appliquez le Botox Capillaire uniform\u00e9ment, en assurant une couverture compl\u00e8te de chaque m\u00e8che tout en \u00e9vitant les racines.<\/li>\n<li><strong>\u00c9tape 4 :<\/strong> Laissez le produit agir pendant 35 \u00e0 45 minutes pour qu&#8217;il p\u00e9n\u00e8tre la structure capillaire.<\/li>\n<li><strong>\u00c9tape 5 :<\/strong> Rincez soigneusement pour enlever tout le produit.<\/li>\n<li><strong>\u00c9tape 6 :<\/strong> Appliquez le protecteur thermique Felps pour prot\u00e9ger les cheveux durant le processus de scellage.<\/li>\n<li><strong>\u00c9tape 7 :<\/strong> S\u00e9chez les cheveux \u00e0 100 % pour qu&#8217;ils soient compl\u00e8tement secs.<\/li>\n<li><strong>\u00c9tape 8 :<\/strong> Scellez le traitement \u00e0 l&#8217;aide d&#8217;un fer \u00e0 lisser, en ajustant la temp\u00e9rature selon le niveau de dommages des cheveux.<\/li>\n<\/ol>\n\t\t<div data-elementor-type=\"wp-post\" data-elementor-id=\"21679\" class=\"elementor elementor-21679 elementor-21663\" data-elementor-settings=\"{&quot;ha_cmc_init_switcher&quot;:&quot;no&quot;}\">\n\t\t\t\t\t\t<section class=\"wd-negative-gap elementor-section elementor-top-section elementor-element elementor-element-dfea947 elementor-section-boxed elementor-section-height-default elementor-section-height-default\" data-id=\"dfea947\" data-element_type=\"section\" data-settings=\"{&quot;_ha_eqh_enable&quot;:false}\">\n\t\t\t\t\t\t<div class=\"elementor-container elementor-column-gap-default\">\n\t\t\t\t\t<div class=\"elementor-column elementor-col-100 elementor-top-column elementor-element elementor-element-6cceacb\" data-id=\"6cceacb\" data-element_type=\"column\">\n\t\t\t<div class=\"elementor-widget-wrap elementor-element-populated\">\n\t\t\t\t\t\t<div class=\"elementor-element elementor-element-f7e9fb2 elementor-widget elementor-widget-wd_image_or_svg\" data-id=\"f7e9fb2\" data-element_type=\"widget\" data-widget_type=\"wd_image_or_svg.default\">\n\t\t\t\t<div class=\"elementor-widget-container\">\n\t\t\t\t\t\n\t\t<div class=\"wd-image text-left\">\n\t\t\t\t\t\t\t\t<img loading=\"lazy\" decoding=\"async\" width=\"1218\" height=\"528\" src=\"https:\/\/naturalook.shop\/wp-content\/uploads\/2023\/04\/botox-fr.png\" class=\"attachment-full size-full\" alt=\"\" srcset=\"https:\/\/naturalook.shop\/wp-content\/uploads\/2023\/04\/botox-fr.png 1218w, https:\/\/naturalook.shop\/wp-content\/uploads\/2023\/04\/botox-fr-430x186.png 430w, https:\/\/naturalook.shop\/wp-content\/uploads\/2023\/04\/botox-fr-150x65.png 150w, https:\/\/naturalook.shop\/wp-content\/uploads\/2023\/04\/botox-fr-900x390.png 900w, https:\/\/naturalook.shop\/wp-content\/uploads\/2023\/04\/botox-fr-400x173.png 400w, https:\/\/naturalook.shop\/wp-content\/uploads\/2023\/04\/botox-fr-768x333.png 768w, https:\/\/naturalook.shop\/wp-content\/uploads\/2023\/04\/botox-fr-860x373.png 860w\" sizes=\"auto, (max-width: 1218px) 100vw, 1218px\" \/>\t\t\t\t\t<\/div>\n\n\t\t\t\t\t\t<\/div>\n\t\t\t\t<\/div>\n\t\t\t\t\t<\/div>\n\t\t<\/div>\n\t\t\t\t\t<\/div>\n\t\t<\/section>\n\t\t\t\t<section class=\"wd-negative-gap elementor-section elementor-top-section elementor-element elementor-element-ff14e2e elementor-section-boxed elementor-section-height-default elementor-section-height-default\" data-id=\"ff14e2e\" data-element_type=\"section\" data-settings=\"{&quot;_ha_eqh_enable&quot;:false}\">\n\t\t\t\t\t\t<div class=\"elementor-container elementor-column-gap-default\">\n\t\t\t\t\t<div class=\"elementor-column elementor-col-100 elementor-top-column elementor-element elementor-element-f23574f\" data-id=\"f23574f\" data-element_type=\"column\">\n\t\t\t<div class=\"elementor-widget-wrap elementor-element-populated\">\n\t\t\t\t\t\t<div class=\"elementor-element elementor-element-856cb2c elementor-widget elementor-widget-wd_image_or_svg\" data-id=\"856cb2c\" data-element_type=\"widget\" data-widget_type=\"wd_image_or_svg.default\">\n\t\t\t\t<div class=\"elementor-widget-container\">\n\t\t\t\t\t\n\t\t<div class=\"wd-image text-left\">\n\t\t\t\t\t\t\t\t<img loading=\"lazy\" decoding=\"async\" width=\"1978\" height=\"2560\" src=\"https:\/\/naturalook.shop\/wp-content\/uploads\/2025\/02\/FELPS-botox-FR-scaled.jpg\" class=\"attachment-full size-full\" alt=\"\" srcset=\"https:\/\/naturalook.shop\/wp-content\/uploads\/2025\/02\/FELPS-botox-FR-scaled.jpg 1978w, https:\/\/naturalook.shop\/wp-content\/uploads\/2025\/02\/FELPS-botox-FR-scaled-430x557.jpg 430w, https:\/\/naturalook.shop\/wp-content\/uploads\/2025\/02\/FELPS-botox-FR-scaled-150x194.jpg 150w, https:\/\/naturalook.shop\/wp-content\/uploads\/2025\/02\/FELPS-botox-FR-scaled-900x1165.jpg 900w, https:\/\/naturalook.shop\/wp-content\/uploads\/2025\/02\/FELPS-botox-FR-232x300.jpg 232w, https:\/\/naturalook.shop\/wp-content\/uploads\/2025\/02\/FELPS-botox-FR-618x800.jpg 618w, https:\/\/naturalook.shop\/wp-content\/uploads\/2025\/02\/FELPS-botox-FR-768x994.jpg 768w, https:\/\/naturalook.shop\/wp-content\/uploads\/2025\/02\/FELPS-botox-FR-1187x1536.jpg 1187w, https:\/\/naturalook.shop\/wp-content\/uploads\/2025\/02\/FELPS-botox-FR-1583x2048.jpg 1583w, https:\/\/naturalook.shop\/wp-content\/uploads\/2025\/02\/FELPS-botox-FR-1320x1708.jpg 1320w\" sizes=\"auto, (max-width: 1978px) 100vw, 1978px\" \/>\t\t\t\t\t<\/div>\n\n\t\t\t\t\t\t<\/div>\n\t\t\t\t<\/div>\n\t\t\t\t\t<\/div>\n\t\t<\/div>\n\t\t\t\t\t<\/div>\n\t\t<\/section>\n\t\t\t\t<\/div>\n\t\t\n","protected":false},"excerpt":{"rendered":"<p>POUR TOUS TYPES DE CHEVEUX, Y COMPRIS LES CHEVEUX VOLUMINEUX, IND\u00c9FINIS ET SECS<\/p>\n","protected":false},"featured_media":17401,"comment_status":"open","ping_status":"closed","template":"","meta":{"_glsr_average":0,"_glsr_ranking":0,"_glsr_reviews":0},"product_brand":[900],"product_cat":[79],"product_tag":[],"class_list":{"0":"post-17751","1":"product","2":"type-product","3":"status-publish","4":"has-post-thumbnail","6":"product_brand-felps","7":"product_cat-botox-capillaire","8":"_wholesalex wsx-wholesalex-product","10":"first","11":"instock","12":"taxable","13":"shipping-taxable","14":"product-type-simple"},"jetpack_sharing_enabled":true,"_links":{"self":[{"href":"https:\/\/naturalook.shop\/fr\/wp-json\/wp\/v2\/product\/17751","targetHints":{"allow":["GET"]}}],"collection":[{"href":"https:\/\/naturalook.shop\/fr\/wp-json\/wp\/v2\/product"}],"about":[{"href":"https:\/\/naturalook.shop\/fr\/wp-json\/wp\/v2\/types\/product"}],"replies":[{"embeddable":true,"href":"https:\/\/naturalook.shop\/fr\/wp-json\/wp\/v2\/comments?post=17751"}],"version-history":[{"count":1,"href":"https:\/\/naturalook.shop\/fr\/wp-json\/wp\/v2\/product\/17751\/revisions"}],"predecessor-version":[{"id":34142,"href":"https:\/\/naturalook.shop\/fr\/wp-json\/wp\/v2\/product\/17751\/revisions\/34142"}],"wp:featuredmedia":[{"embeddable":true,"href":"https:\/\/naturalook.shop\/fr\/wp-json\/wp\/v2\/media\/17401"}],"wp:attachment":[{"href":"https:\/\/naturalook.shop\/fr\/wp-json\/wp\/v2\/media?parent=17751"}],"wp:term":[{"taxonomy":"product_brand","embeddable":true,"href":"https:\/\/naturalook.shop\/fr\/wp-json\/wp\/v2\/product_brand?post=17751"},{"taxonomy":"product_cat","embeddable":true,"href":"https:\/\/naturalook.shop\/fr\/wp-json\/wp\/v2\/product_cat?post=17751"},{"taxonomy":"product_tag","embeddable":true,"href":"https:\/\/naturalook.shop\/fr\/wp-json\/wp\/v2\/product_tag?post=17751"}],"curies":[{"name":"wp","href":"https:\/\/api.w.org\/{rel}","templated":true}]}}