{"id":17755,"date":"2023-02-24T15:27:00","date_gmt":"2023-02-24T20:27:00","guid":{"rendered":"https:\/\/naturalook.shop\/product\/felps-bamboo-intense-treatment-mask-300g\/"},"modified":"2026-02-16T16:37:13","modified_gmt":"2026-02-16T21:37:13","slug":"felps-bamboo-intense-treatment-mask-300g","status":"publish","type":"product","link":"https:\/\/naturalook.shop\/fr\/produit\/felps-bamboo-intense-treatment-mask-300g\/","title":{"rendered":"Felps &#8211; BAMBOO INTENSE TREATMENT MASK &#8211; 300g"},"content":{"rendered":"<p>La <strong>masque \u00e0 l&#8217;extrait de bambou<\/strong> avec du beurre de Cupua\u00e7u et de l&#8217;extrait de bambou est un m\u00e9lange riche en acides amin\u00e9s, vitamines A, B et C, nutriments et min\u00e9raux qui aident \u00e0 renforcer, hydrater et acc\u00e9l\u00e9rer la croissance des cheveux. Ce masque nourrissant est parfait pour obtenir des cheveux forts, longs, sains et brillants.<\/p>\n<p>Pour utiliser le produit, commencez avec des cheveux propres et secs et appliquez le masque, en l&#8217;enveloppant doucement autour des m\u00e8ches. Laissez le masque agir pendant 5 \u00e0 10 minutes avant de rincer abondamment. Profitez des avantages d&#8217;une chevelure profond\u00e9ment nourrie et revitalis\u00e9e.<\/p>\n\t\t<div data-elementor-type=\"wp-post\" data-elementor-id=\"21679\" class=\"elementor elementor-21679 elementor-21663\" data-elementor-settings=\"{&quot;ha_cmc_init_switcher&quot;:&quot;no&quot;}\">\n\t\t\t\t\t\t<section class=\"wd-negative-gap elementor-section elementor-top-section elementor-element elementor-element-dfea947 elementor-section-boxed elementor-section-height-default elementor-section-height-default\" data-id=\"dfea947\" data-element_type=\"section\" data-settings=\"{&quot;_ha_eqh_enable&quot;:false}\">\n\t\t\t\t\t\t<div class=\"elementor-container elementor-column-gap-default\">\n\t\t\t\t\t<div class=\"elementor-column elementor-col-100 elementor-top-column elementor-element elementor-element-6cceacb\" data-id=\"6cceacb\" data-element_type=\"column\">\n\t\t\t<div class=\"elementor-widget-wrap elementor-element-populated\">\n\t\t\t\t\t\t<div class=\"elementor-element elementor-element-f7e9fb2 elementor-widget elementor-widget-wd_image_or_svg\" data-id=\"f7e9fb2\" data-element_type=\"widget\" data-widget_type=\"wd_image_or_svg.default\">\n\t\t\t\t<div class=\"elementor-widget-container\">\n\t\t\t\t\t\n\t\t<div class=\"wd-image text-left\">\n\t\t\t\t\t\t\t\t<img loading=\"lazy\" decoding=\"async\" width=\"1218\" height=\"528\" src=\"https:\/\/naturalook.shop\/wp-content\/uploads\/2023\/04\/botox-fr.png\" class=\"attachment-full size-full\" alt=\"\" srcset=\"https:\/\/naturalook.shop\/wp-content\/uploads\/2023\/04\/botox-fr.png 1218w, https:\/\/naturalook.shop\/wp-content\/uploads\/2023\/04\/botox-fr-430x186.png 430w, https:\/\/naturalook.shop\/wp-content\/uploads\/2023\/04\/botox-fr-150x65.png 150w, https:\/\/naturalook.shop\/wp-content\/uploads\/2023\/04\/botox-fr-900x390.png 900w, https:\/\/naturalook.shop\/wp-content\/uploads\/2023\/04\/botox-fr-400x173.png 400w, https:\/\/naturalook.shop\/wp-content\/uploads\/2023\/04\/botox-fr-768x333.png 768w, https:\/\/naturalook.shop\/wp-content\/uploads\/2023\/04\/botox-fr-860x373.png 860w\" sizes=\"auto, (max-width: 1218px) 100vw, 1218px\" \/>\t\t\t\t\t<\/div>\n\n\t\t\t\t\t\t<\/div>\n\t\t\t\t<\/div>\n\t\t\t\t\t<\/div>\n\t\t<\/div>\n\t\t\t\t\t<\/div>\n\t\t<\/section>\n\t\t\t\t<section class=\"wd-negative-gap elementor-section elementor-top-section elementor-element elementor-element-ff14e2e elementor-section-boxed elementor-section-height-default elementor-section-height-default\" data-id=\"ff14e2e\" data-element_type=\"section\" data-settings=\"{&quot;_ha_eqh_enable&quot;:false}\">\n\t\t\t\t\t\t<div class=\"elementor-container elementor-column-gap-default\">\n\t\t\t\t\t<div class=\"elementor-column elementor-col-100 elementor-top-column elementor-element elementor-element-f23574f\" data-id=\"f23574f\" data-element_type=\"column\">\n\t\t\t<div class=\"elementor-widget-wrap elementor-element-populated\">\n\t\t\t\t\t\t<div class=\"elementor-element elementor-element-856cb2c elementor-widget elementor-widget-wd_image_or_svg\" data-id=\"856cb2c\" data-element_type=\"widget\" data-widget_type=\"wd_image_or_svg.default\">\n\t\t\t\t<div class=\"elementor-widget-container\">\n\t\t\t\t\t\n\t\t<div class=\"wd-image text-left\">\n\t\t\t\t\t\t\t\t<img loading=\"lazy\" decoding=\"async\" width=\"1978\" height=\"2560\" src=\"https:\/\/naturalook.shop\/wp-content\/uploads\/2025\/02\/FELPS-botox-FR-scaled.jpg\" class=\"attachment-full size-full\" alt=\"\" srcset=\"https:\/\/naturalook.shop\/wp-content\/uploads\/2025\/02\/FELPS-botox-FR-scaled.jpg 1978w, https:\/\/naturalook.shop\/wp-content\/uploads\/2025\/02\/FELPS-botox-FR-scaled-430x557.jpg 430w, https:\/\/naturalook.shop\/wp-content\/uploads\/2025\/02\/FELPS-botox-FR-scaled-150x194.jpg 150w, https:\/\/naturalook.shop\/wp-content\/uploads\/2025\/02\/FELPS-botox-FR-scaled-900x1165.jpg 900w, https:\/\/naturalook.shop\/wp-content\/uploads\/2025\/02\/FELPS-botox-FR-232x300.jpg 232w, https:\/\/naturalook.shop\/wp-content\/uploads\/2025\/02\/FELPS-botox-FR-618x800.jpg 618w, https:\/\/naturalook.shop\/wp-content\/uploads\/2025\/02\/FELPS-botox-FR-768x994.jpg 768w, https:\/\/naturalook.shop\/wp-content\/uploads\/2025\/02\/FELPS-botox-FR-1187x1536.jpg 1187w, https:\/\/naturalook.shop\/wp-content\/uploads\/2025\/02\/FELPS-botox-FR-1583x2048.jpg 1583w, https:\/\/naturalook.shop\/wp-content\/uploads\/2025\/02\/FELPS-botox-FR-1320x1708.jpg 1320w\" sizes=\"auto, (max-width: 1978px) 100vw, 1978px\" \/>\t\t\t\t\t<\/div>\n\n\t\t\t\t\t\t<\/div>\n\t\t\t\t<\/div>\n\t\t\t\t\t<\/div>\n\t\t<\/div>\n\t\t\t\t\t<\/div>\n\t\t<\/section>\n\t\t\t\t<\/div>\n\t\t\n","protected":false},"excerpt":{"rendered":"<p>LES ACIDES AMIN\u00c9S, LES VITAMINES ET LES MIN\u00c9RAUX RENFORCENT, HYDRATENT ET ACC\u00c9L\u00c8RENT LA CROISSANCE DES CHEVEUX<\/p>\n","protected":false},"featured_media":33101,"comment_status":"open","ping_status":"closed","template":"","meta":{"_glsr_average":0,"_glsr_ranking":0,"_glsr_reviews":0},"product_brand":[900],"product_cat":[82],"product_tag":[],"class_list":{"0":"post-17755","1":"product","2":"type-product","3":"status-publish","4":"has-post-thumbnail","6":"product_brand-felps","7":"product_cat-botox-capillaire-express","8":"_wholesalex wsx-wholesalex-product","10":"first","11":"outofstock","12":"taxable","13":"shipping-taxable","14":"purchasable","15":"product-type-simple"},"jetpack_sharing_enabled":true,"_links":{"self":[{"href":"https:\/\/naturalook.shop\/fr\/wp-json\/wp\/v2\/product\/17755","targetHints":{"allow":["GET"]}}],"collection":[{"href":"https:\/\/naturalook.shop\/fr\/wp-json\/wp\/v2\/product"}],"about":[{"href":"https:\/\/naturalook.shop\/fr\/wp-json\/wp\/v2\/types\/product"}],"replies":[{"embeddable":true,"href":"https:\/\/naturalook.shop\/fr\/wp-json\/wp\/v2\/comments?post=17755"}],"version-history":[{"count":1,"href":"https:\/\/naturalook.shop\/fr\/wp-json\/wp\/v2\/product\/17755\/revisions"}],"predecessor-version":[{"id":34145,"href":"https:\/\/naturalook.shop\/fr\/wp-json\/wp\/v2\/product\/17755\/revisions\/34145"}],"wp:featuredmedia":[{"embeddable":true,"href":"https:\/\/naturalook.shop\/fr\/wp-json\/wp\/v2\/media\/33101"}],"wp:attachment":[{"href":"https:\/\/naturalook.shop\/fr\/wp-json\/wp\/v2\/media?parent=17755"}],"wp:term":[{"taxonomy":"product_brand","embeddable":true,"href":"https:\/\/naturalook.shop\/fr\/wp-json\/wp\/v2\/product_brand?post=17755"},{"taxonomy":"product_cat","embeddable":true,"href":"https:\/\/naturalook.shop\/fr\/wp-json\/wp\/v2\/product_cat?post=17755"},{"taxonomy":"product_tag","embeddable":true,"href":"https:\/\/naturalook.shop\/fr\/wp-json\/wp\/v2\/product_tag?post=17755"}],"curies":[{"name":"wp","href":"https:\/\/api.w.org\/{rel}","templated":true}]}}