{"id":17763,"date":"2023-02-24T14:31:00","date_gmt":"2023-02-24T19:31:00","guid":{"rendered":"https:\/\/naturalook.shop\/product\/felps-sos-extreme-repair-mask-300g\/"},"modified":"2026-02-16T16:37:15","modified_gmt":"2026-02-16T21:37:15","slug":"felps-sos-extreme-repair-mask-300g","status":"publish","type":"product","link":"https:\/\/naturalook.shop\/fr\/produit\/felps-sos-extreme-repair-mask-300g\/","title":{"rendered":"Felps &#8211; SOS EXTREME REPAIR MASK &#8211; 300g"},"content":{"rendered":"<p><strong>Le masque Felps S.O.S<\/strong> est parfait pour r\u00e9parer, lisser et restaurer les cheveux en bonne sant\u00e9. Id\u00e9al pour les cheveux ab\u00eem\u00e9s, cassants et trait\u00e9s chimiquement, il pr\u00e9vient les pointes fourchues et offre un soulagement urgent pour les cheveux extr\u00eamement secs et pailleux. Avec des ingr\u00e9dients naturels tels que les huiles de Moringa et d&#8217;Argan, la k\u00e9ratine enzymatique et la pomme de terre au miel, il restaure les cheveux de l&#8217;int\u00e9rieur vers l&#8217;ext\u00e9rieur. Utilisez-le au besoin pour lutter contre les effets de la chimie excessive, des plaques \u00e0 haute temp\u00e9rature et des agents externes qui peuvent endommager les fibres capillaires.<\/p>\n<p>Utilisez-le apr\u00e8s le shampooing en l&#8217;appliquant du cuir chevelu jusqu&#8217;aux pointes, en le laissant agir pendant 5 \u00e0 10 minutes, puis rincez bien. Attendez-vous \u00e0 ce que vos cheveux soient r\u00e9par\u00e9s, doux et en bonne sant\u00e9. Coiffez comme vous le souhaitez.<\/p>\n\t\t<div data-elementor-type=\"wp-post\" data-elementor-id=\"21679\" class=\"elementor elementor-21679 elementor-21663\" data-elementor-settings=\"{&quot;ha_cmc_init_switcher&quot;:&quot;no&quot;}\">\n\t\t\t\t\t\t<section class=\"wd-negative-gap elementor-section elementor-top-section elementor-element elementor-element-dfea947 elementor-section-boxed elementor-section-height-default elementor-section-height-default\" data-id=\"dfea947\" data-element_type=\"section\" data-settings=\"{&quot;_ha_eqh_enable&quot;:false}\">\n\t\t\t\t\t\t<div class=\"elementor-container elementor-column-gap-default\">\n\t\t\t\t\t<div class=\"elementor-column elementor-col-100 elementor-top-column elementor-element elementor-element-6cceacb\" data-id=\"6cceacb\" data-element_type=\"column\">\n\t\t\t<div class=\"elementor-widget-wrap elementor-element-populated\">\n\t\t\t\t\t\t<div class=\"elementor-element elementor-element-f7e9fb2 elementor-widget elementor-widget-wd_image_or_svg\" data-id=\"f7e9fb2\" data-element_type=\"widget\" data-widget_type=\"wd_image_or_svg.default\">\n\t\t\t\t<div class=\"elementor-widget-container\">\n\t\t\t\t\t\n\t\t<div class=\"wd-image text-left\">\n\t\t\t\t\t\t\t\t<img loading=\"lazy\" decoding=\"async\" width=\"1218\" height=\"528\" src=\"https:\/\/naturalook.shop\/wp-content\/uploads\/2023\/04\/botox-fr.png\" class=\"attachment-full size-full\" alt=\"\" srcset=\"https:\/\/naturalook.shop\/wp-content\/uploads\/2023\/04\/botox-fr.png 1218w, https:\/\/naturalook.shop\/wp-content\/uploads\/2023\/04\/botox-fr-430x186.png 430w, https:\/\/naturalook.shop\/wp-content\/uploads\/2023\/04\/botox-fr-150x65.png 150w, https:\/\/naturalook.shop\/wp-content\/uploads\/2023\/04\/botox-fr-900x390.png 900w, https:\/\/naturalook.shop\/wp-content\/uploads\/2023\/04\/botox-fr-400x173.png 400w, https:\/\/naturalook.shop\/wp-content\/uploads\/2023\/04\/botox-fr-768x333.png 768w, https:\/\/naturalook.shop\/wp-content\/uploads\/2023\/04\/botox-fr-860x373.png 860w\" sizes=\"auto, (max-width: 1218px) 100vw, 1218px\" \/>\t\t\t\t\t<\/div>\n\n\t\t\t\t\t\t<\/div>\n\t\t\t\t<\/div>\n\t\t\t\t\t<\/div>\n\t\t<\/div>\n\t\t\t\t\t<\/div>\n\t\t<\/section>\n\t\t\t\t<section class=\"wd-negative-gap elementor-section elementor-top-section elementor-element elementor-element-ff14e2e elementor-section-boxed elementor-section-height-default elementor-section-height-default\" data-id=\"ff14e2e\" data-element_type=\"section\" data-settings=\"{&quot;_ha_eqh_enable&quot;:false}\">\n\t\t\t\t\t\t<div class=\"elementor-container elementor-column-gap-default\">\n\t\t\t\t\t<div class=\"elementor-column elementor-col-100 elementor-top-column elementor-element elementor-element-f23574f\" data-id=\"f23574f\" data-element_type=\"column\">\n\t\t\t<div class=\"elementor-widget-wrap elementor-element-populated\">\n\t\t\t\t\t\t<div class=\"elementor-element elementor-element-856cb2c elementor-widget elementor-widget-wd_image_or_svg\" data-id=\"856cb2c\" data-element_type=\"widget\" data-widget_type=\"wd_image_or_svg.default\">\n\t\t\t\t<div class=\"elementor-widget-container\">\n\t\t\t\t\t\n\t\t<div class=\"wd-image text-left\">\n\t\t\t\t\t\t\t\t<img loading=\"lazy\" decoding=\"async\" width=\"1978\" height=\"2560\" src=\"https:\/\/naturalook.shop\/wp-content\/uploads\/2025\/02\/FELPS-botox-FR-scaled.jpg\" class=\"attachment-full size-full\" alt=\"\" srcset=\"https:\/\/naturalook.shop\/wp-content\/uploads\/2025\/02\/FELPS-botox-FR-scaled.jpg 1978w, https:\/\/naturalook.shop\/wp-content\/uploads\/2025\/02\/FELPS-botox-FR-scaled-430x557.jpg 430w, https:\/\/naturalook.shop\/wp-content\/uploads\/2025\/02\/FELPS-botox-FR-scaled-150x194.jpg 150w, https:\/\/naturalook.shop\/wp-content\/uploads\/2025\/02\/FELPS-botox-FR-scaled-900x1165.jpg 900w, https:\/\/naturalook.shop\/wp-content\/uploads\/2025\/02\/FELPS-botox-FR-232x300.jpg 232w, https:\/\/naturalook.shop\/wp-content\/uploads\/2025\/02\/FELPS-botox-FR-618x800.jpg 618w, https:\/\/naturalook.shop\/wp-content\/uploads\/2025\/02\/FELPS-botox-FR-768x994.jpg 768w, https:\/\/naturalook.shop\/wp-content\/uploads\/2025\/02\/FELPS-botox-FR-1187x1536.jpg 1187w, https:\/\/naturalook.shop\/wp-content\/uploads\/2025\/02\/FELPS-botox-FR-1583x2048.jpg 1583w, https:\/\/naturalook.shop\/wp-content\/uploads\/2025\/02\/FELPS-botox-FR-1320x1708.jpg 1320w\" sizes=\"auto, (max-width: 1978px) 100vw, 1978px\" \/>\t\t\t\t\t<\/div>\n\n\t\t\t\t\t\t<\/div>\n\t\t\t\t<\/div>\n\t\t\t\t\t<\/div>\n\t\t<\/div>\n\t\t\t\t\t<\/div>\n\t\t<\/section>\n\t\t\t\t<\/div>\n\t\t\n","protected":false},"excerpt":{"rendered":"<p>POUR LES CHEVEUX AB\u00ceM\u00c9S, CASSANTS ET TRAIT\u00c9S CHIMIQUEMENT<\/p>\n","protected":false},"featured_media":33108,"comment_status":"open","ping_status":"closed","template":"","meta":{"_glsr_average":0,"_glsr_ranking":0,"_glsr_reviews":0},"product_brand":[900],"product_cat":[82,613],"product_tag":[],"class_list":{"0":"post-17763","1":"product","2":"type-product","3":"status-publish","4":"has-post-thumbnail","6":"product_brand-felps","7":"product_cat-botox-capillaire-express","8":"product_cat-masque","9":"_wholesalex wsx-wholesalex-product","11":"first","12":"instock","13":"taxable","14":"shipping-taxable","15":"purchasable","16":"product-type-simple"},"jetpack_sharing_enabled":true,"_links":{"self":[{"href":"https:\/\/naturalook.shop\/fr\/wp-json\/wp\/v2\/product\/17763","targetHints":{"allow":["GET"]}}],"collection":[{"href":"https:\/\/naturalook.shop\/fr\/wp-json\/wp\/v2\/product"}],"about":[{"href":"https:\/\/naturalook.shop\/fr\/wp-json\/wp\/v2\/types\/product"}],"replies":[{"embeddable":true,"href":"https:\/\/naturalook.shop\/fr\/wp-json\/wp\/v2\/comments?post=17763"}],"version-history":[{"count":1,"href":"https:\/\/naturalook.shop\/fr\/wp-json\/wp\/v2\/product\/17763\/revisions"}],"predecessor-version":[{"id":34147,"href":"https:\/\/naturalook.shop\/fr\/wp-json\/wp\/v2\/product\/17763\/revisions\/34147"}],"wp:featuredmedia":[{"embeddable":true,"href":"https:\/\/naturalook.shop\/fr\/wp-json\/wp\/v2\/media\/33108"}],"wp:attachment":[{"href":"https:\/\/naturalook.shop\/fr\/wp-json\/wp\/v2\/media?parent=17763"}],"wp:term":[{"taxonomy":"product_brand","embeddable":true,"href":"https:\/\/naturalook.shop\/fr\/wp-json\/wp\/v2\/product_brand?post=17763"},{"taxonomy":"product_cat","embeddable":true,"href":"https:\/\/naturalook.shop\/fr\/wp-json\/wp\/v2\/product_cat?post=17763"},{"taxonomy":"product_tag","embeddable":true,"href":"https:\/\/naturalook.shop\/fr\/wp-json\/wp\/v2\/product_tag?post=17763"}],"curies":[{"name":"wp","href":"https:\/\/api.w.org\/{rel}","templated":true}]}}