{"id":17770,"date":"2023-02-24T14:13:00","date_gmt":"2023-02-24T19:13:00","guid":{"rendered":"https:\/\/naturalook.shop\/product\/felps-verniz-bath-shine-mask-300g\/"},"modified":"2026-02-16T16:37:16","modified_gmt":"2026-02-16T21:37:16","slug":"felps-verniz-bath-shine-mask-300g","status":"publish","type":"product","link":"https:\/\/naturalook.shop\/fr\/produit\/felps-verniz-bath-shine-mask-300g\/","title":{"rendered":"Felps &#8211; VERNIZ BATH SHINE MASK &#8211; 300g"},"content":{"rendered":"<p>Pr\u00e9parez-vous \u00e0 transformer vos cheveux avec le <strong>Bain de Vernis Felps!<\/strong> Ce traitement capillaire incroyable est enrichi en huiles sp\u00e9ciales et en vitamine E, agissant pour traiter vos cheveux de la racine \u00e0 la pointe. Il apporte une brillance intense, une douceur et une naturalit\u00e9 \u00e0 tous les types de cheveux, tout en favorisant une action antioxydante et en luttant contre les radicaux libres.<\/p>\n<p>Ce qui distingue le Bain de Vernis, c&#8217;est son agent BIOMIM\u00c9TIQUE et sa formule sp\u00e9ciale \u00e0 la k\u00e9ratine, qui offre une hydratation intense et une \u00e9mollience, revitalisant la brillance et la souplesse de vos m\u00e8ches de cheveux.<\/p>\n<p>Pour l&#8217;utiliser, il suffit de laver vos cheveux avec votre shampooing pr\u00e9f\u00e9r\u00e9, puis d&#8217;enlever l&#8217;exc\u00e8s d&#8217;eau \u00e0 l&#8217;aide d&#8217;un peigne. Ensuite, r\u00e9partissez le Bain de Vernis sur toute la longueur de vos cheveux, en veillant \u00e0 ce qu&#8217;il soit appliqu\u00e9 uniform\u00e9ment. Laissez-le agir pendant 5 \u00e0 10 minutes pour permettre \u00e0 la formule de p\u00e9n\u00e9trer profond\u00e9ment dans vos m\u00e8ches de cheveux. Rincez-le \u00e0 l&#8217;eau ti\u00e8de et coiffez vos cheveux selon vos envies.<\/p>\n<p>Dites adieu aux cheveux ternes et sans vie et bonjour aux cheveux sains, brillants et nourris avec le Bain de Vernis Felps. Int\u00e9grez-le \u00e0 votre routine capillaire et profitez des bienfaits d&#8217;un traitement de qualit\u00e9 salon depuis le confort de votre propre maison.<\/p>\n<p><span style=\"color: #ff0000;\"><em>Veuillez noter que l&#8217;emballage de ce produit peut varier en raison de changements r\u00e9cents, mais soyez assur\u00e9 que le produit \u00e0 l&#8217;int\u00e9rieur reste le m\u00eame.<\/em><\/span><\/p>\n\t\t<div data-elementor-type=\"wp-post\" data-elementor-id=\"21679\" class=\"elementor elementor-21679 elementor-21663\" data-elementor-settings=\"{&quot;ha_cmc_init_switcher&quot;:&quot;no&quot;}\">\n\t\t\t\t\t\t<section class=\"wd-negative-gap elementor-section elementor-top-section elementor-element elementor-element-dfea947 elementor-section-boxed elementor-section-height-default elementor-section-height-default\" data-id=\"dfea947\" data-element_type=\"section\" data-settings=\"{&quot;_ha_eqh_enable&quot;:false}\">\n\t\t\t\t\t\t<div class=\"elementor-container elementor-column-gap-default\">\n\t\t\t\t\t<div class=\"elementor-column elementor-col-100 elementor-top-column elementor-element elementor-element-6cceacb\" data-id=\"6cceacb\" data-element_type=\"column\">\n\t\t\t<div class=\"elementor-widget-wrap elementor-element-populated\">\n\t\t\t\t\t\t<div class=\"elementor-element elementor-element-f7e9fb2 elementor-widget elementor-widget-wd_image_or_svg\" data-id=\"f7e9fb2\" data-element_type=\"widget\" data-widget_type=\"wd_image_or_svg.default\">\n\t\t\t\t<div class=\"elementor-widget-container\">\n\t\t\t\t\t\n\t\t<div class=\"wd-image text-left\">\n\t\t\t\t\t\t\t\t<img loading=\"lazy\" decoding=\"async\" width=\"1218\" height=\"528\" src=\"https:\/\/naturalook.shop\/wp-content\/uploads\/2023\/04\/botox-fr.png\" class=\"attachment-full size-full\" alt=\"\" srcset=\"https:\/\/naturalook.shop\/wp-content\/uploads\/2023\/04\/botox-fr.png 1218w, https:\/\/naturalook.shop\/wp-content\/uploads\/2023\/04\/botox-fr-430x186.png 430w, https:\/\/naturalook.shop\/wp-content\/uploads\/2023\/04\/botox-fr-150x65.png 150w, https:\/\/naturalook.shop\/wp-content\/uploads\/2023\/04\/botox-fr-900x390.png 900w, https:\/\/naturalook.shop\/wp-content\/uploads\/2023\/04\/botox-fr-400x173.png 400w, https:\/\/naturalook.shop\/wp-content\/uploads\/2023\/04\/botox-fr-768x333.png 768w, https:\/\/naturalook.shop\/wp-content\/uploads\/2023\/04\/botox-fr-860x373.png 860w\" sizes=\"auto, (max-width: 1218px) 100vw, 1218px\" \/>\t\t\t\t\t<\/div>\n\n\t\t\t\t\t\t<\/div>\n\t\t\t\t<\/div>\n\t\t\t\t\t<\/div>\n\t\t<\/div>\n\t\t\t\t\t<\/div>\n\t\t<\/section>\n\t\t\t\t<section class=\"wd-negative-gap elementor-section elementor-top-section elementor-element elementor-element-ff14e2e elementor-section-boxed elementor-section-height-default elementor-section-height-default\" data-id=\"ff14e2e\" data-element_type=\"section\" data-settings=\"{&quot;_ha_eqh_enable&quot;:false}\">\n\t\t\t\t\t\t<div class=\"elementor-container elementor-column-gap-default\">\n\t\t\t\t\t<div class=\"elementor-column elementor-col-100 elementor-top-column elementor-element elementor-element-f23574f\" data-id=\"f23574f\" data-element_type=\"column\">\n\t\t\t<div class=\"elementor-widget-wrap elementor-element-populated\">\n\t\t\t\t\t\t<div class=\"elementor-element elementor-element-856cb2c elementor-widget elementor-widget-wd_image_or_svg\" data-id=\"856cb2c\" data-element_type=\"widget\" data-widget_type=\"wd_image_or_svg.default\">\n\t\t\t\t<div class=\"elementor-widget-container\">\n\t\t\t\t\t\n\t\t<div class=\"wd-image text-left\">\n\t\t\t\t\t\t\t\t<img loading=\"lazy\" decoding=\"async\" width=\"1978\" height=\"2560\" src=\"https:\/\/naturalook.shop\/wp-content\/uploads\/2025\/02\/FELPS-botox-FR-scaled.jpg\" class=\"attachment-full size-full\" alt=\"\" srcset=\"https:\/\/naturalook.shop\/wp-content\/uploads\/2025\/02\/FELPS-botox-FR-scaled.jpg 1978w, https:\/\/naturalook.shop\/wp-content\/uploads\/2025\/02\/FELPS-botox-FR-scaled-430x557.jpg 430w, https:\/\/naturalook.shop\/wp-content\/uploads\/2025\/02\/FELPS-botox-FR-scaled-150x194.jpg 150w, https:\/\/naturalook.shop\/wp-content\/uploads\/2025\/02\/FELPS-botox-FR-scaled-900x1165.jpg 900w, https:\/\/naturalook.shop\/wp-content\/uploads\/2025\/02\/FELPS-botox-FR-232x300.jpg 232w, https:\/\/naturalook.shop\/wp-content\/uploads\/2025\/02\/FELPS-botox-FR-618x800.jpg 618w, https:\/\/naturalook.shop\/wp-content\/uploads\/2025\/02\/FELPS-botox-FR-768x994.jpg 768w, https:\/\/naturalook.shop\/wp-content\/uploads\/2025\/02\/FELPS-botox-FR-1187x1536.jpg 1187w, https:\/\/naturalook.shop\/wp-content\/uploads\/2025\/02\/FELPS-botox-FR-1583x2048.jpg 1583w, https:\/\/naturalook.shop\/wp-content\/uploads\/2025\/02\/FELPS-botox-FR-1320x1708.jpg 1320w\" sizes=\"auto, (max-width: 1978px) 100vw, 1978px\" \/>\t\t\t\t\t<\/div>\n\n\t\t\t\t\t\t<\/div>\n\t\t\t\t<\/div>\n\t\t\t\t\t<\/div>\n\t\t<\/div>\n\t\t\t\t\t<\/div>\n\t\t<\/section>\n\t\t\t\t<\/div>\n\t\t\n","protected":false},"excerpt":{"rendered":"<p>BRILLANCE INTENSE, DOUCEUR ET NATURALIT\u00c9<\/p>\n","protected":false},"featured_media":33115,"comment_status":"open","ping_status":"closed","template":"","meta":{"_glsr_average":0,"_glsr_ranking":0,"_glsr_reviews":0},"product_brand":[900],"product_cat":[82],"product_tag":[],"class_list":{"0":"post-17770","1":"product","2":"type-product","3":"status-publish","4":"has-post-thumbnail","6":"product_brand-felps","7":"product_cat-botox-capillaire-express","8":"_wholesalex wsx-wholesalex-product","10":"first","11":"instock","12":"taxable","13":"shipping-taxable","14":"purchasable","15":"product-type-simple"},"jetpack_sharing_enabled":true,"_links":{"self":[{"href":"https:\/\/naturalook.shop\/fr\/wp-json\/wp\/v2\/product\/17770","targetHints":{"allow":["GET"]}}],"collection":[{"href":"https:\/\/naturalook.shop\/fr\/wp-json\/wp\/v2\/product"}],"about":[{"href":"https:\/\/naturalook.shop\/fr\/wp-json\/wp\/v2\/types\/product"}],"replies":[{"embeddable":true,"href":"https:\/\/naturalook.shop\/fr\/wp-json\/wp\/v2\/comments?post=17770"}],"version-history":[{"count":2,"href":"https:\/\/naturalook.shop\/fr\/wp-json\/wp\/v2\/product\/17770\/revisions"}],"predecessor-version":[{"id":34514,"href":"https:\/\/naturalook.shop\/fr\/wp-json\/wp\/v2\/product\/17770\/revisions\/34514"}],"wp:featuredmedia":[{"embeddable":true,"href":"https:\/\/naturalook.shop\/fr\/wp-json\/wp\/v2\/media\/33115"}],"wp:attachment":[{"href":"https:\/\/naturalook.shop\/fr\/wp-json\/wp\/v2\/media?parent=17770"}],"wp:term":[{"taxonomy":"product_brand","embeddable":true,"href":"https:\/\/naturalook.shop\/fr\/wp-json\/wp\/v2\/product_brand?post=17770"},{"taxonomy":"product_cat","embeddable":true,"href":"https:\/\/naturalook.shop\/fr\/wp-json\/wp\/v2\/product_cat?post=17770"},{"taxonomy":"product_tag","embeddable":true,"href":"https:\/\/naturalook.shop\/fr\/wp-json\/wp\/v2\/product_tag?post=17770"}],"curies":[{"name":"wp","href":"https:\/\/api.w.org\/{rel}","templated":true}]}}