{"id":17789,"date":"2023-02-23T23:22:00","date_gmt":"2023-02-24T04:22:00","guid":{"rendered":"https:\/\/naturalook.shop\/product\/felps-brazilian-nuts-botox-1kg\/"},"modified":"2026-02-16T16:37:18","modified_gmt":"2026-02-16T21:37:18","slug":"felps-brazilian-nuts-botox-1kg","status":"publish","type":"product","link":"https:\/\/naturalook.shop\/fr\/produit\/felps-brazilian-nuts-botox-1kg\/","title":{"rendered":"Felps &#8211; BRAZILIAN NUTS BOTOX &#8211; 1kg"},"content":{"rendered":"<p>D\u00e9velopp\u00e9 sp\u00e9cialement avec des graines s\u00e9lectionn\u00e9es de la jungle de l&#8217;Amazonie br\u00e9silienne, comme les noix du Br\u00e9sil, Brazilian Nuts est con\u00e7u pour nourrir, r\u00e9parer et hydrater les cheveux ab\u00eem\u00e9s ayant subi des processus chimiques tels que la coloration, les m\u00e8ches et le lissage. Sa formule innovante, riche en k\u00e9ratine, om\u00e9ga-3 et acides gras, procure sant\u00e9, force, \u00e9quilibre et une belle brillance aux cheveux. L&#8217;ajout d&#8217;huiles de macadamia et d&#8217;argan contribue \u00e0 hydrater et renforcer les cheveux ternes.<\/p>\n<p>Le masque lissant \u00e0 la k\u00e9ratine de Brazilian Nuts est un traitement capillaire con\u00e7u pour r\u00e9duire les dommages, contr\u00f4ler les frisottis et favoriser la raideur des cheveux. Il aide \u00e0 r\u00e9g\u00e9n\u00e9rer les cheveux ab\u00eem\u00e9s.<\/p>\n<p><strong>Mode d&#8217;emploi :<\/strong><\/p>\n<ul>\n<li><strong>\u00c9tape 1 :<\/strong> Lavez les cheveux 1 \u00e0 2 fois avec un shampooing clarifiant pour \u00e9liminer les r\u00e9sidus et pr\u00e9parer les cheveux au traitement.<\/li>\n<li><strong>\u00c9tape 2 :<\/strong> S\u00e9chez les cheveux compl\u00e8tement ou presque compl\u00e8tement \u00e0 l&#8217;aide d&#8217;un s\u00e8che-cheveux.<\/li>\n<li><strong>\u00c9tape 3 :<\/strong> Appliquez le Botox Capillaire uniform\u00e9ment, en assurant une couverture compl\u00e8te de chaque m\u00e8che tout en \u00e9vitant les racines.<\/li>\n<li><strong>\u00c9tape 4 :<\/strong> Laissez le produit agir pendant 35 \u00e0 45 minutes pour qu&#8217;il p\u00e9n\u00e8tre la structure capillaire.<\/li>\n<li><strong>\u00c9tape 5 :<\/strong> Rincez soigneusement pour enlever tout le produit.<\/li>\n<li><strong>\u00c9tape 6 :<\/strong> Appliquez le protecteur thermique Felps pour prot\u00e9ger les cheveux durant le processus de scellage.<\/li>\n<li><strong>\u00c9tape 7 :<\/strong> S\u00e9chez les cheveux \u00e0 100 % pour qu&#8217;ils soient compl\u00e8tement secs.<\/li>\n<li><strong>\u00c9tape 8 :<\/strong> Scellez le traitement \u00e0 l&#8217;aide d&#8217;un fer \u00e0 lisser, en ajustant la temp\u00e9rature selon le niveau de dommages des cheveux.<\/li>\n<\/ul>\n<p><em><span style=\"color: #ff0000;\">Veuillez noter que l'emballage de ce produit peut varier en raison de changements r\u00e9cents, mais soyez assur\u00e9 que le produit \u00e0 l'int\u00e9rieur reste le m\u00eame.<\/span><\/em><\/p>\n\n\t\t<div data-elementor-type=\"wp-post\" data-elementor-id=\"21679\" class=\"elementor elementor-21679 elementor-21663\" data-elementor-settings=\"{&quot;ha_cmc_init_switcher&quot;:&quot;no&quot;}\">\n\t\t\t\t\t\t<section class=\"wd-negative-gap elementor-section elementor-top-section elementor-element elementor-element-dfea947 elementor-section-boxed elementor-section-height-default elementor-section-height-default\" data-id=\"dfea947\" data-element_type=\"section\" data-settings=\"{&quot;_ha_eqh_enable&quot;:false}\">\n\t\t\t\t\t\t<div class=\"elementor-container elementor-column-gap-default\">\n\t\t\t\t\t<div class=\"elementor-column elementor-col-100 elementor-top-column elementor-element elementor-element-6cceacb\" data-id=\"6cceacb\" data-element_type=\"column\">\n\t\t\t<div class=\"elementor-widget-wrap elementor-element-populated\">\n\t\t\t\t\t\t<div class=\"elementor-element elementor-element-f7e9fb2 elementor-widget elementor-widget-wd_image_or_svg\" data-id=\"f7e9fb2\" data-element_type=\"widget\" data-widget_type=\"wd_image_or_svg.default\">\n\t\t\t\t<div class=\"elementor-widget-container\">\n\t\t\t\t\t\n\t\t<div class=\"wd-image text-left\">\n\t\t\t\t\t\t\t\t<img loading=\"lazy\" decoding=\"async\" width=\"1218\" height=\"528\" src=\"https:\/\/naturalook.shop\/wp-content\/uploads\/2023\/04\/botox-fr.png\" class=\"attachment-full size-full\" alt=\"\" srcset=\"https:\/\/naturalook.shop\/wp-content\/uploads\/2023\/04\/botox-fr.png 1218w, https:\/\/naturalook.shop\/wp-content\/uploads\/2023\/04\/botox-fr-430x186.png 430w, https:\/\/naturalook.shop\/wp-content\/uploads\/2023\/04\/botox-fr-150x65.png 150w, https:\/\/naturalook.shop\/wp-content\/uploads\/2023\/04\/botox-fr-900x390.png 900w, https:\/\/naturalook.shop\/wp-content\/uploads\/2023\/04\/botox-fr-400x173.png 400w, https:\/\/naturalook.shop\/wp-content\/uploads\/2023\/04\/botox-fr-768x333.png 768w, https:\/\/naturalook.shop\/wp-content\/uploads\/2023\/04\/botox-fr-860x373.png 860w\" sizes=\"auto, (max-width: 1218px) 100vw, 1218px\" \/>\t\t\t\t\t<\/div>\n\n\t\t\t\t\t\t<\/div>\n\t\t\t\t<\/div>\n\t\t\t\t\t<\/div>\n\t\t<\/div>\n\t\t\t\t\t<\/div>\n\t\t<\/section>\n\t\t\t\t<section class=\"wd-negative-gap elementor-section elementor-top-section elementor-element elementor-element-ff14e2e elementor-section-boxed elementor-section-height-default elementor-section-height-default\" data-id=\"ff14e2e\" data-element_type=\"section\" data-settings=\"{&quot;_ha_eqh_enable&quot;:false}\">\n\t\t\t\t\t\t<div class=\"elementor-container elementor-column-gap-default\">\n\t\t\t\t\t<div class=\"elementor-column elementor-col-100 elementor-top-column elementor-element elementor-element-f23574f\" data-id=\"f23574f\" data-element_type=\"column\">\n\t\t\t<div class=\"elementor-widget-wrap elementor-element-populated\">\n\t\t\t\t\t\t<div class=\"elementor-element elementor-element-856cb2c elementor-widget elementor-widget-wd_image_or_svg\" data-id=\"856cb2c\" data-element_type=\"widget\" data-widget_type=\"wd_image_or_svg.default\">\n\t\t\t\t<div class=\"elementor-widget-container\">\n\t\t\t\t\t\n\t\t<div class=\"wd-image text-left\">\n\t\t\t\t\t\t\t\t<img loading=\"lazy\" decoding=\"async\" width=\"1978\" height=\"2560\" src=\"https:\/\/naturalook.shop\/wp-content\/uploads\/2025\/02\/FELPS-botox-FR-scaled.jpg\" class=\"attachment-full size-full\" alt=\"\" srcset=\"https:\/\/naturalook.shop\/wp-content\/uploads\/2025\/02\/FELPS-botox-FR-scaled.jpg 1978w, https:\/\/naturalook.shop\/wp-content\/uploads\/2025\/02\/FELPS-botox-FR-scaled-430x557.jpg 430w, https:\/\/naturalook.shop\/wp-content\/uploads\/2025\/02\/FELPS-botox-FR-scaled-150x194.jpg 150w, https:\/\/naturalook.shop\/wp-content\/uploads\/2025\/02\/FELPS-botox-FR-scaled-900x1165.jpg 900w, https:\/\/naturalook.shop\/wp-content\/uploads\/2025\/02\/FELPS-botox-FR-232x300.jpg 232w, https:\/\/naturalook.shop\/wp-content\/uploads\/2025\/02\/FELPS-botox-FR-618x800.jpg 618w, https:\/\/naturalook.shop\/wp-content\/uploads\/2025\/02\/FELPS-botox-FR-768x994.jpg 768w, https:\/\/naturalook.shop\/wp-content\/uploads\/2025\/02\/FELPS-botox-FR-1187x1536.jpg 1187w, https:\/\/naturalook.shop\/wp-content\/uploads\/2025\/02\/FELPS-botox-FR-1583x2048.jpg 1583w, https:\/\/naturalook.shop\/wp-content\/uploads\/2025\/02\/FELPS-botox-FR-1320x1708.jpg 1320w\" sizes=\"auto, (max-width: 1978px) 100vw, 1978px\" \/>\t\t\t\t\t<\/div>\n\n\t\t\t\t\t\t<\/div>\n\t\t\t\t<\/div>\n\t\t\t\t\t<\/div>\n\t\t<\/div>\n\t\t\t\t\t<\/div>\n\t\t<\/section>\n\t\t\t\t<\/div>\n\t\t\n","protected":false},"excerpt":{"rendered":"<p>R\u00c9DUIT LES FRISOTTIS ET ALIGNE LES CHEVEUX POUR UN LOOK LISSE ET POLI<\/p>\n","protected":false},"featured_media":33128,"comment_status":"open","ping_status":"closed","template":"","meta":{"_glsr_average":0,"_glsr_ranking":0,"_glsr_reviews":0},"product_brand":[900],"product_cat":[79],"product_tag":[],"class_list":{"0":"post-17789","1":"product","2":"type-product","3":"status-publish","4":"has-post-thumbnail","6":"product_brand-felps","7":"product_cat-botox-capillaire","8":"_wholesalex wsx-wholesalex-product","10":"first","11":"instock","12":"featured","13":"taxable","14":"shipping-taxable","15":"product-type-simple"},"jetpack_sharing_enabled":true,"_links":{"self":[{"href":"https:\/\/naturalook.shop\/fr\/wp-json\/wp\/v2\/product\/17789","targetHints":{"allow":["GET"]}}],"collection":[{"href":"https:\/\/naturalook.shop\/fr\/wp-json\/wp\/v2\/product"}],"about":[{"href":"https:\/\/naturalook.shop\/fr\/wp-json\/wp\/v2\/types\/product"}],"replies":[{"embeddable":true,"href":"https:\/\/naturalook.shop\/fr\/wp-json\/wp\/v2\/comments?post=17789"}],"version-history":[{"count":1,"href":"https:\/\/naturalook.shop\/fr\/wp-json\/wp\/v2\/product\/17789\/revisions"}],"predecessor-version":[{"id":34154,"href":"https:\/\/naturalook.shop\/fr\/wp-json\/wp\/v2\/product\/17789\/revisions\/34154"}],"wp:featuredmedia":[{"embeddable":true,"href":"https:\/\/naturalook.shop\/fr\/wp-json\/wp\/v2\/media\/33128"}],"wp:attachment":[{"href":"https:\/\/naturalook.shop\/fr\/wp-json\/wp\/v2\/media?parent=17789"}],"wp:term":[{"taxonomy":"product_brand","embeddable":true,"href":"https:\/\/naturalook.shop\/fr\/wp-json\/wp\/v2\/product_brand?post=17789"},{"taxonomy":"product_cat","embeddable":true,"href":"https:\/\/naturalook.shop\/fr\/wp-json\/wp\/v2\/product_cat?post=17789"},{"taxonomy":"product_tag","embeddable":true,"href":"https:\/\/naturalook.shop\/fr\/wp-json\/wp\/v2\/product_tag?post=17789"}],"curies":[{"name":"wp","href":"https:\/\/api.w.org\/{rel}","templated":true}]}}