{"id":17791,"date":"2023-02-23T23:11:00","date_gmt":"2023-02-24T04:11:00","guid":{"rendered":"https:\/\/naturalook.shop\/product\/felps-brazilian-nuts-keratin-conditioner-250ml\/"},"modified":"2026-02-16T16:37:19","modified_gmt":"2026-02-16T21:37:19","slug":"felps-brazilian-nuts-keratin-conditioner-250ml","status":"publish","type":"product","link":"https:\/\/naturalook.shop\/fr\/produit\/felps-brazilian-nuts-keratin-conditioner-250ml\/","title":{"rendered":"Felps &#8211; BRAZILIAN NUTS KERATIN CONDITIONER &#8211; 250ml"},"content":{"rendered":"<p>\u00c9labor\u00e9e sp\u00e9cialement avec des graines s\u00e9lectionn\u00e9es de la jungle br\u00e9silienne telles que les noix du Br\u00e9sil, Brazilian Nuts Keratin est d\u00e9velopp\u00e9e pour les cheveux qui ont subi des processus chimiques tels que la coloration, les m\u00e8ches et le lissage. Cette gamme aide \u00e0 nourrir, r\u00e9cup\u00e9rer et hydrater les cheveux ab\u00eem\u00e9s. Sa formule innovante riche en k\u00e9ratine, om\u00e9ga-3 et acides gras apporte sant\u00e9, force, \u00e9quilibre et une belle brillance aux cheveux. Les huiles de macadamia et d&#8217;argan sont d&#8217;excellents alli\u00e9s pour les cheveux ternes, les rendant hydrat\u00e9s et plus forts.<\/p>\n<p>Le Conditionneur sans sel de Brazilian Nuts Keratin est un apr\u00e8s-shampoing pour les cheveux ayant subi un traitement chimique. Avec un grand pouvoir d&#8217;absorption, le panth\u00e9nol cr\u00e9e un film autour des cheveux qui prot\u00e8ge et maintient l&#8217;humidit\u00e9 tout en aidant \u00e0 combattre les pointes fourchues.<\/p>\n<p><strong>Mode d&#8217;emploi:<\/strong><\/p>\n<p>Apr\u00e8s le shampooing avec Brazilian Nuts Keratin Shampoo, appliquer Brazilian Nuts Keratin Conditioner sur cheveux humides. Masser les cheveux, en pr\u00eatant une attention particuli\u00e8re aux pointes. Laisser agir pendant 1 \u00e0 2 minutes, puis rincer abondamment.<\/p>\n<p><em><span style=\"color: #ff0000;\">Veuillez noter que l'emballage de ce produit peut varier en raison de changements r\u00e9cents, mais soyez assur\u00e9 que le produit \u00e0 l'int\u00e9rieur reste le m\u00eame.<\/span><\/em><\/p>\n\n","protected":false},"excerpt":{"rendered":"<p>SANT\u00c9, FORCE, \u00c9QUILIBRE ET BRILLANCE BEAUT\u00c9<\/p>\n","protected":false},"featured_media":17127,"comment_status":"open","ping_status":"closed","template":"","meta":{"_glsr_average":0,"_glsr_ranking":0,"_glsr_reviews":0},"product_brand":[900],"product_cat":[610],"product_tag":[],"class_list":{"0":"post-17791","1":"product","2":"type-product","3":"status-publish","4":"has-post-thumbnail","6":"product_brand-felps","7":"product_cat-revitalisant","8":"_wholesalex wsx-wholesalex-product","10":"first","11":"outofstock","12":"sale","13":"taxable","14":"shipping-taxable","15":"purchasable","16":"product-type-simple"},"jetpack_sharing_enabled":true,"_links":{"self":[{"href":"https:\/\/naturalook.shop\/fr\/wp-json\/wp\/v2\/product\/17791","targetHints":{"allow":["GET"]}}],"collection":[{"href":"https:\/\/naturalook.shop\/fr\/wp-json\/wp\/v2\/product"}],"about":[{"href":"https:\/\/naturalook.shop\/fr\/wp-json\/wp\/v2\/types\/product"}],"replies":[{"embeddable":true,"href":"https:\/\/naturalook.shop\/fr\/wp-json\/wp\/v2\/comments?post=17791"}],"version-history":[{"count":1,"href":"https:\/\/naturalook.shop\/fr\/wp-json\/wp\/v2\/product\/17791\/revisions"}],"predecessor-version":[{"id":34156,"href":"https:\/\/naturalook.shop\/fr\/wp-json\/wp\/v2\/product\/17791\/revisions\/34156"}],"wp:featuredmedia":[{"embeddable":true,"href":"https:\/\/naturalook.shop\/fr\/wp-json\/wp\/v2\/media\/17127"}],"wp:attachment":[{"href":"https:\/\/naturalook.shop\/fr\/wp-json\/wp\/v2\/media?parent=17791"}],"wp:term":[{"taxonomy":"product_brand","embeddable":true,"href":"https:\/\/naturalook.shop\/fr\/wp-json\/wp\/v2\/product_brand?post=17791"},{"taxonomy":"product_cat","embeddable":true,"href":"https:\/\/naturalook.shop\/fr\/wp-json\/wp\/v2\/product_cat?post=17791"},{"taxonomy":"product_tag","embeddable":true,"href":"https:\/\/naturalook.shop\/fr\/wp-json\/wp\/v2\/product_tag?post=17791"}],"curies":[{"name":"wp","href":"https:\/\/api.w.org\/{rel}","templated":true}]}}