{"id":17792,"date":"2023-02-23T23:03:00","date_gmt":"2023-02-24T04:03:00","guid":{"rendered":"https:\/\/naturalook.shop\/product\/felps-brazilian-nuts-keratin-shampoo-250ml\/"},"modified":"2026-02-16T16:37:19","modified_gmt":"2026-02-16T21:37:19","slug":"felps-brazilian-nuts-keratin-shampoo-250ml","status":"publish","type":"product","link":"https:\/\/naturalook.shop\/fr\/produit\/felps-brazilian-nuts-keratin-shampoo-250ml\/","title":{"rendered":"Felps &#8211; BRAZILIAN NUTS KERATIN SHAMPOO &#8211; 250ml"},"content":{"rendered":"<p>Formul\u00e9 sp\u00e9cialement avec des graines soigneusement s\u00e9lectionn\u00e9es de la jungle amazonienne br\u00e9silienne, telles que des noix du Br\u00e9sil, la gamme Brazilian Nuts est con\u00e7ue pour les cheveux qui ont subi des processus chimiques tels que la coloration, les m\u00e8ches et le lissage. Cette ligne nourrit, r\u00e9cup\u00e8re et hydrate les cheveux endommag\u00e9s. Sa formule innovante, riche en k\u00e9ratine, en om\u00e9ga-3 et en acides gras, favorise la sant\u00e9, la force, l&#8217;\u00e9quilibre et un beau brillant des cheveux. Les huiles de macadamia et d&#8217;argan sont d&#8217;excellents alli\u00e9s pour les cheveux ternes, apportant hydratation et force.<\/p>\n<p>Le shampooing Brazilian Nuts Keratin est un shampooing apr\u00e8s-chimique qui nettoie, hydrate et r\u00e9duit les frisottis. La k\u00e9ratine r\u00e9pare, restaure, adoucit et prot\u00e8ge les cheveux endommag\u00e9s.<\/p>\n<p>Pour l&#8217;utiliser, appliquez le shampooing Brazilian Nuts sur les cheveux mouill\u00e9s, massez et rincez soigneusement.<\/p>\n<p><em><span style=\"color: #ff0000;\">Veuillez noter que l'emballage de ce produit peut varier en raison de changements r\u00e9cents, mais soyez assur\u00e9 que le produit \u00e0 l'int\u00e9rieur reste le m\u00eame.<\/span><\/em><\/p>\n\n","protected":false},"excerpt":{"rendered":"<p>SANT\u00c9, FORCE, \u00c9QUILIBRE ET BRILLANCE BEAUT\u00c9<\/p>\n","protected":false},"featured_media":17123,"comment_status":"open","ping_status":"closed","template":"","meta":{"_glsr_average":0,"_glsr_ranking":0,"_glsr_reviews":0},"product_brand":[900],"product_cat":[614],"product_tag":[],"class_list":{"0":"post-17792","1":"product","2":"type-product","3":"status-publish","4":"has-post-thumbnail","6":"product_brand-felps","7":"product_cat-shampooing","8":"_wholesalex wsx-wholesalex-product","10":"first","11":"outofstock","12":"sale","13":"taxable","14":"shipping-taxable","15":"purchasable","16":"product-type-simple"},"jetpack_sharing_enabled":true,"_links":{"self":[{"href":"https:\/\/naturalook.shop\/fr\/wp-json\/wp\/v2\/product\/17792","targetHints":{"allow":["GET"]}}],"collection":[{"href":"https:\/\/naturalook.shop\/fr\/wp-json\/wp\/v2\/product"}],"about":[{"href":"https:\/\/naturalook.shop\/fr\/wp-json\/wp\/v2\/types\/product"}],"replies":[{"embeddable":true,"href":"https:\/\/naturalook.shop\/fr\/wp-json\/wp\/v2\/comments?post=17792"}],"version-history":[{"count":1,"href":"https:\/\/naturalook.shop\/fr\/wp-json\/wp\/v2\/product\/17792\/revisions"}],"predecessor-version":[{"id":34157,"href":"https:\/\/naturalook.shop\/fr\/wp-json\/wp\/v2\/product\/17792\/revisions\/34157"}],"wp:featuredmedia":[{"embeddable":true,"href":"https:\/\/naturalook.shop\/fr\/wp-json\/wp\/v2\/media\/17123"}],"wp:attachment":[{"href":"https:\/\/naturalook.shop\/fr\/wp-json\/wp\/v2\/media?parent=17792"}],"wp:term":[{"taxonomy":"product_brand","embeddable":true,"href":"https:\/\/naturalook.shop\/fr\/wp-json\/wp\/v2\/product_brand?post=17792"},{"taxonomy":"product_cat","embeddable":true,"href":"https:\/\/naturalook.shop\/fr\/wp-json\/wp\/v2\/product_cat?post=17792"},{"taxonomy":"product_tag","embeddable":true,"href":"https:\/\/naturalook.shop\/fr\/wp-json\/wp\/v2\/product_tag?post=17792"}],"curies":[{"name":"wp","href":"https:\/\/api.w.org\/{rel}","templated":true}]}}