{"id":17803,"date":"2023-02-23T21:35:00","date_gmt":"2023-02-24T02:35:00","guid":{"rendered":"https:\/\/naturalook.shop\/product\/felps-xcolor-protector-conditioner-250ml\/"},"modified":"2026-02-16T16:37:20","modified_gmt":"2026-02-16T21:37:20","slug":"felps-xcolor-protector-conditioner-250ml","status":"publish","type":"product","link":"https:\/\/naturalook.shop\/fr\/produit\/felps-xcolor-protector-conditioner-250ml\/","title":{"rendered":"Felps &#8211; XCOLOR PROTECTOR CONDITIONER &#8211; 250ml"},"content":{"rendered":"<p>Le conditionneur XColor est enrichi d&#8217;un filtre UV, d&#8217;Huile Splendor (un m\u00e9lange de 10 huiles) et d&#8217;antioxydants, sp\u00e9cialement formul\u00e9 pour les cheveux color\u00e9s, d\u00e9color\u00e9s et naturels. Ce conditionneur aide \u00e0 conditionner, nourrir et restaurer la fibre capillaire tout en luttant contre l&#8217;usure et les dommages caus\u00e9s par l&#8217;oxydation et en prot\u00e9geant contre le d\u00e9lavage. Avec une utilisation continue, les cheveux sont nourris, avec une luminosit\u00e9 parfaite et une couleur radieuse qui dure plus longtemps.<br \/>\nPour l&#8217;utiliser, appliquez le conditionneur sur les cheveux mouill\u00e9s apr\u00e8s avoir utilis\u00e9 le shampooing ou le masque, massez doucement la longueur des cheveux et rincez soigneusement.<\/p>\n<p><em><span style=\"color: #ff0000;\">Veuillez noter que l'emballage de ce produit peut varier en raison de changements r\u00e9cents, mais soyez assur\u00e9 que le produit \u00e0 l'int\u00e9rieur reste le m\u00eame.<\/span><\/em><\/p>\n\n","protected":false},"excerpt":{"rendered":"<p>CONDITIONNER, NOURRIR ET RESTAURER<\/p>\n","protected":false},"featured_media":17056,"comment_status":"open","ping_status":"closed","template":"","meta":{"_glsr_average":0,"_glsr_ranking":0,"_glsr_reviews":0},"product_brand":[900],"product_cat":[610],"product_tag":[],"class_list":{"0":"post-17803","1":"product","2":"type-product","3":"status-publish","4":"has-post-thumbnail","6":"product_brand-felps","7":"product_cat-revitalisant","8":"_wholesalex wsx-wholesalex-product","10":"first","11":"instock","12":"sale","13":"taxable","14":"shipping-taxable","15":"purchasable","16":"product-type-simple"},"jetpack_sharing_enabled":true,"_links":{"self":[{"href":"https:\/\/naturalook.shop\/fr\/wp-json\/wp\/v2\/product\/17803","targetHints":{"allow":["GET"]}}],"collection":[{"href":"https:\/\/naturalook.shop\/fr\/wp-json\/wp\/v2\/product"}],"about":[{"href":"https:\/\/naturalook.shop\/fr\/wp-json\/wp\/v2\/types\/product"}],"replies":[{"embeddable":true,"href":"https:\/\/naturalook.shop\/fr\/wp-json\/wp\/v2\/comments?post=17803"}],"version-history":[{"count":1,"href":"https:\/\/naturalook.shop\/fr\/wp-json\/wp\/v2\/product\/17803\/revisions"}],"predecessor-version":[{"id":34159,"href":"https:\/\/naturalook.shop\/fr\/wp-json\/wp\/v2\/product\/17803\/revisions\/34159"}],"wp:featuredmedia":[{"embeddable":true,"href":"https:\/\/naturalook.shop\/fr\/wp-json\/wp\/v2\/media\/17056"}],"wp:attachment":[{"href":"https:\/\/naturalook.shop\/fr\/wp-json\/wp\/v2\/media?parent=17803"}],"wp:term":[{"taxonomy":"product_brand","embeddable":true,"href":"https:\/\/naturalook.shop\/fr\/wp-json\/wp\/v2\/product_brand?post=17803"},{"taxonomy":"product_cat","embeddable":true,"href":"https:\/\/naturalook.shop\/fr\/wp-json\/wp\/v2\/product_cat?post=17803"},{"taxonomy":"product_tag","embeddable":true,"href":"https:\/\/naturalook.shop\/fr\/wp-json\/wp\/v2\/product_tag?post=17803"}],"curies":[{"name":"wp","href":"https:\/\/api.w.org\/{rel}","templated":true}]}}