{"id":17844,"date":"2023-02-13T09:34:00","date_gmt":"2023-02-13T14:34:00","guid":{"rendered":"https:\/\/naturalook.shop\/product\/tape-in-hair-extensions-24\/"},"modified":"2026-02-16T17:00:06","modified_gmt":"2026-02-16T22:00:06","slug":"extensions-de-cheveux-a-bandes-adhesives-24","status":"publish","type":"product","link":"https:\/\/naturalook.shop\/fr\/produit\/extensions-de-cheveux-a-bandes-adhesives-24\/","title":{"rendered":"EXTENSIONS DE CHEVEUX \u00c0 BANDES ADH\u00c9SIVES \u2013 24\u2033"},"content":{"rendered":"<h3>Vous cherchez \u00e0 avoir des cheveux longs et volumineux sans vous soucier de la glisse ou de la chute? Essayez nos extensions de cheveux \u00e0 bande adh\u00e9sive!<\/h3>\n<p>Fabriqu\u00e9es avec les cheveux humains naturels les plus fins et de la plus haute qualit\u00e9, nos extensions sont exemptes de traitement chimique, garantissant qu&#8217;elles restent naturelles et saines. Nos extensions \u00e0 bande adh\u00e9sive sont disponibles en plusieurs couleurs et utilisent uniquement une bande de qualit\u00e9 sup\u00e9rieure pour une installation parfaite et durable.<\/p>\n<p>Compar\u00e9es \u00e0 d&#8217;autres extensions de cheveux sur le march\u00e9, nos extensions de cheveux ont une dur\u00e9e de vie beaucoup plus longue pouvant aller jusqu&#8217;\u00e0 12 mois, selon le soin qu&#8217;on en prend. La m\u00e9thode \u00e0 bande adh\u00e9sive est la m\u00e9thode d&#8217;extension la plus innovante et la plus r\u00e9cente sur le march\u00e9 et est extr\u00eamement populaire. Les extensions sont compl\u00e8tement invisibles et se posent \u00e0 plat contre votre t\u00eate. Elles peuvent facilement \u00eatre retir\u00e9es et la plupart peuvent \u00eatre r\u00e9utilis\u00e9es en changeant la bande.<\/p>\n<p>Transformez votre look et essayez notre m\u00e9thode d&#8217;extension de cheveux \u00e0 bande adh\u00e9sive sans couture ni renflement, qui dure normalement de 8 \u00e0 12 semaines.<\/p>\n<ul>\n<li>Facile \u00e0 attacher avec une bande adh\u00e9sive pr\u00e9encoll\u00e9e de haute qualit\u00e9, imperm\u00e9able et mince<\/li>\n<li>Fabriqu\u00e9es avec des cheveux de luxe europ\u00e9ens de haute qualit\u00e9<\/li>\n<li>100 % de cheveux humains Remy naturels pour un look et une sensation naturels<\/li>\n<li>Texture soyeuse et sans enchev\u00eatrement<\/li>\n<li>Temps d&#8217;application : 1 \u00e0 1,5 heures (par un sp\u00e9cialiste de l&#8217;extension capillaire)<\/li>\n<li>Chaque paquet comprend 25 grammes de cheveux, avec 10 bandes par paquet dans une largeur de 1,5 pouce.<\/li>\n<\/ul>\n<p><span style=\"color: #ff0000;\"><em>**Veuillez noter que les couleurs de nos produits peuvent varier l\u00e9g\u00e8rement en raison des param\u00e8tres du moniteur, et les nuances peuvent sembler l\u00e9g\u00e8rement plus fonc\u00e9es ou plus claires \u00e0 l&#8217;\u00e9cran que dans la vie r\u00e9elle.<\/em><\/span><\/p>\n","protected":false},"excerpt":{"rendered":"<p>TEXTURE D\u00c9M\u00caL\u00c9E ET SOYEUSE<\/p>\n","protected":false},"featured_media":17457,"comment_status":"open","ping_status":"closed","template":"","meta":{"_glsr_average":0,"_glsr_ranking":0,"_glsr_reviews":0},"product_brand":[905],"product_cat":[605,608],"product_tag":[],"class_list":{"0":"post-17844","1":"product","2":"type-product","3":"status-publish","4":"has-post-thumbnail","6":"product_brand-naturalook-extensions","7":"product_cat-extensions-capillaires","8":"product_cat-extensions-a-bandes-adhesives","9":"_wholesalex wsx-wholesalex-product","11":"first","12":"instock","13":"taxable","14":"shipping-taxable","15":"purchasable","16":"product-type-variable","17":"has-default-attributes"},"jetpack_sharing_enabled":true,"_links":{"self":[{"href":"https:\/\/naturalook.shop\/fr\/wp-json\/wp\/v2\/product\/17844","targetHints":{"allow":["GET"]}}],"collection":[{"href":"https:\/\/naturalook.shop\/fr\/wp-json\/wp\/v2\/product"}],"about":[{"href":"https:\/\/naturalook.shop\/fr\/wp-json\/wp\/v2\/types\/product"}],"replies":[{"embeddable":true,"href":"https:\/\/naturalook.shop\/fr\/wp-json\/wp\/v2\/comments?post=17844"}],"version-history":[{"count":1,"href":"https:\/\/naturalook.shop\/fr\/wp-json\/wp\/v2\/product\/17844\/revisions"}],"predecessor-version":[{"id":34354,"href":"https:\/\/naturalook.shop\/fr\/wp-json\/wp\/v2\/product\/17844\/revisions\/34354"}],"wp:featuredmedia":[{"embeddable":true,"href":"https:\/\/naturalook.shop\/fr\/wp-json\/wp\/v2\/media\/17457"}],"wp:attachment":[{"href":"https:\/\/naturalook.shop\/fr\/wp-json\/wp\/v2\/media?parent=17844"}],"wp:term":[{"taxonomy":"product_brand","embeddable":true,"href":"https:\/\/naturalook.shop\/fr\/wp-json\/wp\/v2\/product_brand?post=17844"},{"taxonomy":"product_cat","embeddable":true,"href":"https:\/\/naturalook.shop\/fr\/wp-json\/wp\/v2\/product_cat?post=17844"},{"taxonomy":"product_tag","embeddable":true,"href":"https:\/\/naturalook.shop\/fr\/wp-json\/wp\/v2\/product_tag?post=17844"}],"curies":[{"name":"wp","href":"https:\/\/api.w.org\/{rel}","templated":true}]}}