{"id":17860,"date":"2023-02-09T23:22:00","date_gmt":"2023-02-10T04:22:00","guid":{"rendered":"https:\/\/naturalook.shop\/product\/kevin-murphy-scalp-spa-wash\/"},"modified":"2025-10-23T22:21:22","modified_gmt":"2025-10-24T02:21:22","slug":"kevin-murphy-scalp-spa-wash","status":"publish","type":"product","link":"https:\/\/naturalook.shop\/fr\/produit\/kevin-murphy-scalp-spa-wash\/","title":{"rendered":"Kevin Murphy &#8211; SCALP.SPA WASH &#8211; 250ml"},"content":{"rendered":"<p>Avoir des cheveux en bonne sant\u00e9 commence par un cuir chevelu sain. C&#8217;est pourquoi il est important de donner \u00e0 votre cuir chevelu le soin le plus complet, tout comme vous le feriez avec votre peau. Notre shampooing purifiant, infus\u00e9 d&#8217;un m\u00e9lange luxueux d&#8217;ingr\u00e9dients bienfaisants pour la peau tels que l&#8217;eau micellaire, l&#8217;extrait de graines de c\u00e9leri et l&#8217;eau de rose, est la solution id\u00e9ale.<\/p>\n<p>Le SCALP.SPA WASH nettoie en douceur, apaise et \u00e9quilibre les niveaux d&#8217;hydratation pour prendre soin de votre cuir chevelu. Ainsi, il cr\u00e9e une base optimale pour des cheveux sains. En utilisant ce shampooing r\u00e9guli\u00e8rement, vous vous assurez que vos cheveux re\u00e7oivent les soins dont ils ont besoin pour devenir plus forts et plus sains.<\/p>\n<p>Alors, assurez-vous de traiter votre cuir chevelu avec le soin qu&#8217;il m\u00e9rite et essayez notre SCALP.SPA WASH pour faire le premier pas vers des cheveux plus sains et plus beaux.<\/p>\n","protected":false},"excerpt":{"rendered":"<p>SHAMPOING MICELLAIRE PURIFIANT POUR LE CUIR CHEVELU<\/p>\n","protected":false},"featured_media":16537,"comment_status":"open","ping_status":"closed","template":"","meta":{"_glsr_average":0,"_glsr_ranking":0,"_glsr_reviews":0},"product_brand":[902],"product_cat":[614],"product_tag":[673,669,674,671,670,675,672,677,676,678],"class_list":{"0":"post-17860","1":"product","2":"type-product","3":"status-publish","4":"has-post-thumbnail","6":"product_brand-kevin-murphy","7":"product_cat-shampooing","8":"product_tag-hair-cleanser-fr","9":"product_tag-hair-nourishment-fr","10":"product_tag-hair-rejuvenation-fr","11":"product_tag-hair-renewal-fr","12":"product_tag-hair-revitalization-fr","13":"product_tag-hair-treatment-fr","14":"product_tag-hair-wash-fr","15":"product_tag-kevin-murphy-fr","16":"product_tag-scalp-care-fr","17":"product_tag-scalp-spa-fr","18":"_wholesalex wsx-wholesalex-product","20":"first","21":"outofstock","22":"taxable","23":"shipping-taxable","24":"purchasable","25":"product-type-simple"},"jetpack_sharing_enabled":true,"_links":{"self":[{"href":"https:\/\/naturalook.shop\/fr\/wp-json\/wp\/v2\/product\/17860","targetHints":{"allow":["GET"]}}],"collection":[{"href":"https:\/\/naturalook.shop\/fr\/wp-json\/wp\/v2\/product"}],"about":[{"href":"https:\/\/naturalook.shop\/fr\/wp-json\/wp\/v2\/types\/product"}],"replies":[{"embeddable":true,"href":"https:\/\/naturalook.shop\/fr\/wp-json\/wp\/v2\/comments?post=17860"}],"version-history":[{"count":1,"href":"https:\/\/naturalook.shop\/fr\/wp-json\/wp\/v2\/product\/17860\/revisions"}],"predecessor-version":[{"id":34199,"href":"https:\/\/naturalook.shop\/fr\/wp-json\/wp\/v2\/product\/17860\/revisions\/34199"}],"wp:featuredmedia":[{"embeddable":true,"href":"https:\/\/naturalook.shop\/fr\/wp-json\/wp\/v2\/media\/16537"}],"wp:attachment":[{"href":"https:\/\/naturalook.shop\/fr\/wp-json\/wp\/v2\/media?parent=17860"}],"wp:term":[{"taxonomy":"product_brand","embeddable":true,"href":"https:\/\/naturalook.shop\/fr\/wp-json\/wp\/v2\/product_brand?post=17860"},{"taxonomy":"product_cat","embeddable":true,"href":"https:\/\/naturalook.shop\/fr\/wp-json\/wp\/v2\/product_cat?post=17860"},{"taxonomy":"product_tag","embeddable":true,"href":"https:\/\/naturalook.shop\/fr\/wp-json\/wp\/v2\/product_tag?post=17860"}],"curies":[{"name":"wp","href":"https:\/\/api.w.org\/{rel}","templated":true}]}}