{"id":17861,"date":"2023-02-09T23:22:00","date_gmt":"2023-02-10T04:22:00","guid":{"rendered":"https:\/\/naturalook.shop\/product\/kevin-murphy-killer-curls\/"},"modified":"2025-10-23T22:21:22","modified_gmt":"2025-10-24T02:21:22","slug":"kevin-murphy-killer-curls","status":"publish","type":"product","link":"https:\/\/naturalook.shop\/fr\/produit\/kevin-murphy-killer-curls\/","title":{"rendered":"Kevin Murphy &#8211; KILLER.CURLS &#8211; 200ml"},"content":{"rendered":"<p>Vos boucles manquent-elles de vitalit\u00e9 et sont-elles frisott\u00e9es? Notre cr\u00e8me d\u00e9finissante pour boucles, riche en antioxydants et anti-frisottis, peut les aider \u00e0 retrouver leur \u00e9clat. Sp\u00e9cialement con\u00e7ue pour les cheveux boucl\u00e9s ou ondul\u00e9s de texture moyenne \u00e0 \u00e9paisse, cette cr\u00e8me active et d\u00e9finit les boucles naturelles tout en combattant les frisottis.<\/p>\n<p>Infus\u00e9e avec un m\u00e9lange soigneusement s\u00e9lectionn\u00e9 d&#8217;extraits de fruits australiens hautement r\u00e9silients, d&#8217;aloe vera et d&#8217;huile de graines de baobab, cette cr\u00e8me ajoute l&#8217;humidit\u00e9 et l&#8217;\u00e9lasticit\u00e9 essentielles \u00e0 vos cheveux, les lissant et les renfor\u00e7ant des racines aux pointes. Avec KILLER.CURLS, vous obtiendrez des boucles rebondissantes et d\u00e9finies qui ne manqueront pas d&#8217;attirer les regards.<\/p>\n<p>Donc, si vous voulez dire au revoir aux boucles tristes et bonjour aux boucles de tueuses, essayez notre cr\u00e8me d\u00e9finissante pour boucles, riche en antioxydants et anti-frisottis d\u00e8s aujourd&#8217;hui!<\/p>\n","protected":false},"excerpt":{"rendered":"<p>CR\u00c8ME D\u00c9FINISSANTE ANTI-FRISSOTTIS \u00c0 LAISSER AGIR POUR CHEVEUX BOUCL\u00c9S ET FRIS\u00c9S<\/p>\n","protected":false},"featured_media":16539,"comment_status":"open","ping_status":"closed","template":"","meta":{"_glsr_average":0,"_glsr_ranking":0,"_glsr_reviews":0},"product_brand":[902],"product_cat":[615],"product_tag":[677],"class_list":{"0":"post-17861","1":"product","2":"type-product","3":"status-publish","4":"has-post-thumbnail","6":"product_brand-kevin-murphy","7":"product_cat-stylisant","8":"product_tag-kevin-murphy-fr","9":"_wholesalex wsx-wholesalex-product","11":"first","12":"outofstock","13":"taxable","14":"shipping-taxable","15":"purchasable","16":"product-type-simple"},"jetpack_sharing_enabled":true,"_links":{"self":[{"href":"https:\/\/naturalook.shop\/fr\/wp-json\/wp\/v2\/product\/17861","targetHints":{"allow":["GET"]}}],"collection":[{"href":"https:\/\/naturalook.shop\/fr\/wp-json\/wp\/v2\/product"}],"about":[{"href":"https:\/\/naturalook.shop\/fr\/wp-json\/wp\/v2\/types\/product"}],"replies":[{"embeddable":true,"href":"https:\/\/naturalook.shop\/fr\/wp-json\/wp\/v2\/comments?post=17861"}],"version-history":[{"count":1,"href":"https:\/\/naturalook.shop\/fr\/wp-json\/wp\/v2\/product\/17861\/revisions"}],"predecessor-version":[{"id":34200,"href":"https:\/\/naturalook.shop\/fr\/wp-json\/wp\/v2\/product\/17861\/revisions\/34200"}],"wp:featuredmedia":[{"embeddable":true,"href":"https:\/\/naturalook.shop\/fr\/wp-json\/wp\/v2\/media\/16539"}],"wp:attachment":[{"href":"https:\/\/naturalook.shop\/fr\/wp-json\/wp\/v2\/media?parent=17861"}],"wp:term":[{"taxonomy":"product_brand","embeddable":true,"href":"https:\/\/naturalook.shop\/fr\/wp-json\/wp\/v2\/product_brand?post=17861"},{"taxonomy":"product_cat","embeddable":true,"href":"https:\/\/naturalook.shop\/fr\/wp-json\/wp\/v2\/product_cat?post=17861"},{"taxonomy":"product_tag","embeddable":true,"href":"https:\/\/naturalook.shop\/fr\/wp-json\/wp\/v2\/product_tag?post=17861"}],"curies":[{"name":"wp","href":"https:\/\/api.w.org\/{rel}","templated":true}]}}