{"id":17862,"date":"2023-02-09T23:22:00","date_gmt":"2023-02-10T04:22:00","guid":{"rendered":"https:\/\/naturalook.shop\/product\/kevin-murphy-leave-in-repair\/"},"modified":"2025-10-23T22:21:22","modified_gmt":"2025-10-24T02:21:22","slug":"kevin-murphy-leave-in-repair","status":"publish","type":"product","link":"https:\/\/naturalook.shop\/fr\/produit\/kevin-murphy-leave-in-repair\/","title":{"rendered":"Kevin Murphy &#8211; LEAVE-IN.REPAIR &#8211; 200ml"},"content":{"rendered":"<p>Offrez \u00e0 vos cheveux une dose puissante de nutrition avec notre traitement sans rin\u00e7age. Enrichi en k\u00e9ratine et en prot\u00e9ines de pois verts, ainsi qu&#8217;en une multitude de vitamines, il est con\u00e7u pour r\u00e9parer les dommages et restaurer la force de vos cheveux l\u00e0 o\u00f9 c&#8217;est le plus n\u00e9cessaire.<\/p>\n<p>Ce traitement nourrissant ne se contente pas de r\u00e9parer vos cheveux, il les fait \u00e9galement para\u00eetre superbes. Vous obtiendrez des cheveux brillants, brillants et sains, avec en prime une protection thermique qui interdit la casse. Que vous coiffiez vos cheveux avec des outils chauds ou les laissiez naturels, ce traitement sans rin\u00e7age vous couvre.<\/p>\n<p>Alors, si vous voulez donner \u00e0 vos cheveux les soins qu&#8217;ils m\u00e9ritent, essayez notre traitement nourrissant sans rin\u00e7age. C&#8217;est le moyen id\u00e9al d&#8217;obtenir des cheveux sains, forts et magnifiques.<\/p>\n","protected":false},"excerpt":{"rendered":"<p>TRAITEMENT DE LAISSEZ-IN NOURRISSANT ET R\u00c9PARATEUR POUR CHEVEUX ENDOMMAG\u00c9S<\/p>\n","protected":false},"featured_media":16541,"comment_status":"open","ping_status":"closed","template":"","meta":{"_glsr_average":0,"_glsr_ranking":0,"_glsr_reviews":0},"product_brand":[902],"product_cat":[612,616],"product_tag":[677],"class_list":{"0":"post-17862","1":"product","2":"type-product","3":"status-publish","4":"has-post-thumbnail","6":"product_brand-kevin-murphy","7":"product_cat-leave-in-fr","8":"product_cat-traitement","9":"product_tag-kevin-murphy-fr","10":"_wholesalex wsx-wholesalex-product","12":"first","13":"outofstock","14":"taxable","15":"shipping-taxable","16":"purchasable","17":"product-type-simple"},"jetpack_sharing_enabled":true,"_links":{"self":[{"href":"https:\/\/naturalook.shop\/fr\/wp-json\/wp\/v2\/product\/17862","targetHints":{"allow":["GET"]}}],"collection":[{"href":"https:\/\/naturalook.shop\/fr\/wp-json\/wp\/v2\/product"}],"about":[{"href":"https:\/\/naturalook.shop\/fr\/wp-json\/wp\/v2\/types\/product"}],"replies":[{"embeddable":true,"href":"https:\/\/naturalook.shop\/fr\/wp-json\/wp\/v2\/comments?post=17862"}],"version-history":[{"count":1,"href":"https:\/\/naturalook.shop\/fr\/wp-json\/wp\/v2\/product\/17862\/revisions"}],"predecessor-version":[{"id":34201,"href":"https:\/\/naturalook.shop\/fr\/wp-json\/wp\/v2\/product\/17862\/revisions\/34201"}],"wp:featuredmedia":[{"embeddable":true,"href":"https:\/\/naturalook.shop\/fr\/wp-json\/wp\/v2\/media\/16541"}],"wp:attachment":[{"href":"https:\/\/naturalook.shop\/fr\/wp-json\/wp\/v2\/media?parent=17862"}],"wp:term":[{"taxonomy":"product_brand","embeddable":true,"href":"https:\/\/naturalook.shop\/fr\/wp-json\/wp\/v2\/product_brand?post=17862"},{"taxonomy":"product_cat","embeddable":true,"href":"https:\/\/naturalook.shop\/fr\/wp-json\/wp\/v2\/product_cat?post=17862"},{"taxonomy":"product_tag","embeddable":true,"href":"https:\/\/naturalook.shop\/fr\/wp-json\/wp\/v2\/product_tag?post=17862"}],"curies":[{"name":"wp","href":"https:\/\/api.w.org\/{rel}","templated":true}]}}