{"id":17865,"date":"2023-02-09T23:22:00","date_gmt":"2023-02-10T04:22:00","guid":{"rendered":"https:\/\/naturalook.shop\/product\/felps-inner-regener-acidifying-120g\/"},"modified":"2026-02-16T16:37:21","modified_gmt":"2026-02-16T21:37:21","slug":"felps-inner-regener-acidifying-120g","status":"publish","type":"product","link":"https:\/\/naturalook.shop\/fr\/produit\/felps-inner-regener-acidifying-120g\/","title":{"rendered":"Felps &#8211; INNER REGENER ACIDIFYING  &#8211; 120g"},"content":{"rendered":"<p><strong>FELPS &#8211; INNER REGENER ACIDIFYING:<\/strong> Notre traitement acidifiant Inner Regener, enrichi en Phytok\u00e9ratine, acides amin\u00e9s et Nutrimel, est formul\u00e9 pour \u00e9quilibrer le pH de vos cheveux, sceller les cuticules, am\u00e9liorer le coiffage, r\u00e9duire la porosit\u00e9, \u00e9liminer les frisottis, maintenir l&#8217;hydratation et la nutrition, prot\u00e9ger et prolonger la couleur pour les cheveux color\u00e9s. Il est id\u00e9al apr\u00e8s la coloration, la d\u00e9coloration ou les traitements chimiques qui peuvent d\u00e9stabiliser, endommager et affaiblir les cheveux.<\/p>\n<p>Ce traitement est parfait pour les cheveux affaiblis par la casse, endommag\u00e9s par les agresseurs externes ou trait\u00e9s chimiquement. Il est \u00e9galement id\u00e9al pour ceux qui subissent une coupe chimique.<\/p>\n<p>Les r\u00e9sultats attendus incluent une hydratation prolong\u00e9e, la pr\u00e9vention de la s\u00e9cheresse, de la porosit\u00e9, des dommages et des pointes fourchues caus\u00e9s par les processus chimiques et la chaleur thermique. Notre traitement favorise des cheveux volumineux, align\u00e9s, brillants et en bonne sant\u00e9.<\/p>\n<p>Nos ingr\u00e9dients actifs comprennent de l&#8217;huile d&#8217;Elaeis guineenses, riche en \u00e9mollients et antioxydants qui aident \u00e0 nettoyer et conditionner les cheveux, et pr\u00e9vient les dommages du cuir chevelu. L&#8217;huile de noix de coco favorise l&#8217;hydratation et la scellage des cheveux.<\/p>\n<p>Pour l&#8217;utiliser, appliquez l&#8217;acidifiant sur les longueurs et les pointes apr\u00e8s le shampooing, en veillant \u00e0 r\u00e9partir le produit uniform\u00e9ment. Laissez agir de 3 \u00e0 5 minutes avant de rincer et d&#8217;appliquer le masque de traitement. Pour des r\u00e9sultats optimaux, il est recommand\u00e9 de l&#8217;utiliser en conjonction avec d&#8217;autres produits de la gamme Felps Inner Regener.<\/p>\n","protected":false},"excerpt":{"rendered":"<p>ID\u00c9AL POUR LES CHEVEUX AFFAIBLIS, ENDOMMAG\u00c9S OU TRAIT\u00c9S CHIMIQUEMENT<\/p>\n","protected":false},"featured_media":16845,"comment_status":"open","ping_status":"closed","template":"","meta":{"_glsr_average":0,"_glsr_ranking":0,"_glsr_reviews":0},"product_brand":[900],"product_cat":[616],"product_tag":[],"class_list":{"0":"post-17865","1":"product","2":"type-product","3":"status-publish","4":"has-post-thumbnail","6":"product_brand-felps","7":"product_cat-traitement","8":"_wholesalex wsx-wholesalex-product","10":"first","11":"instock","12":"taxable","13":"shipping-taxable","14":"purchasable","15":"product-type-simple"},"jetpack_sharing_enabled":true,"_links":{"self":[{"href":"https:\/\/naturalook.shop\/fr\/wp-json\/wp\/v2\/product\/17865","targetHints":{"allow":["GET"]}}],"collection":[{"href":"https:\/\/naturalook.shop\/fr\/wp-json\/wp\/v2\/product"}],"about":[{"href":"https:\/\/naturalook.shop\/fr\/wp-json\/wp\/v2\/types\/product"}],"replies":[{"embeddable":true,"href":"https:\/\/naturalook.shop\/fr\/wp-json\/wp\/v2\/comments?post=17865"}],"version-history":[{"count":1,"href":"https:\/\/naturalook.shop\/fr\/wp-json\/wp\/v2\/product\/17865\/revisions"}],"predecessor-version":[{"id":34164,"href":"https:\/\/naturalook.shop\/fr\/wp-json\/wp\/v2\/product\/17865\/revisions\/34164"}],"wp:featuredmedia":[{"embeddable":true,"href":"https:\/\/naturalook.shop\/fr\/wp-json\/wp\/v2\/media\/16845"}],"wp:attachment":[{"href":"https:\/\/naturalook.shop\/fr\/wp-json\/wp\/v2\/media?parent=17865"}],"wp:term":[{"taxonomy":"product_brand","embeddable":true,"href":"https:\/\/naturalook.shop\/fr\/wp-json\/wp\/v2\/product_brand?post=17865"},{"taxonomy":"product_cat","embeddable":true,"href":"https:\/\/naturalook.shop\/fr\/wp-json\/wp\/v2\/product_cat?post=17865"},{"taxonomy":"product_tag","embeddable":true,"href":"https:\/\/naturalook.shop\/fr\/wp-json\/wp\/v2\/product_tag?post=17865"}],"curies":[{"name":"wp","href":"https:\/\/api.w.org\/{rel}","templated":true}]}}