{"id":17866,"date":"2023-02-09T23:21:00","date_gmt":"2023-02-10T04:21:00","guid":{"rendered":"https:\/\/naturalook.shop\/product\/kevin-murphy-session-spray\/"},"modified":"2025-10-23T22:21:29","modified_gmt":"2025-10-24T02:21:29","slug":"kevin-murphy-session-spray","status":"publish","type":"product","link":"https:\/\/naturalook.shop\/fr\/produit\/kevin-murphy-session-spray\/","title":{"rendered":"Kevin Murphy &#8211; SESSION.SPRAY &#8211; 337ml"},"content":{"rendered":"<p>Que vous soyez un coiffeur travaillant en salon, sur un plateau de tournage ou simplement en train de vous pr\u00e9parer \u00e0 la maison, SESSION.SPRAY est l&#8217;arme secr\u00e8te ultime pour garantir la tenue de votre coiffure. Cette laque \u00e0 tenue forte est dot\u00e9e de r\u00e9sines sp\u00e9ciales qui offrent une tenue ferme et sans poids, ainsi qu&#8217;une excellente r\u00e9sistance \u00e0 l&#8217;humidit\u00e9 pour une coiffure qui tient sous toutes les conditions.<\/p>\n<p>Notre SESSION.SPRAY est non seulement performante, mais aussi enrichie en huiles naturelles qui sentent d\u00e9licieusement bon et aident \u00e0 prot\u00e9ger l&#8217;int\u00e9grit\u00e9 des cheveux. Vous appr\u00e9cierez \u00e0 quel point elle se brosse facilement, ne laissant aucun r\u00e9sidu de pellicules derri\u00e8re elle.<\/p>\n<p>Alors, si vous voulez vous assurer que votre coiffure tient tout au long de la journ\u00e9e ou de la nuit, essayez notre SESSION.SPRAY. C&#8217;est la touche finale parfaite \u00e0 n&#8217;importe quelle coiffure et assure que votre look reste fort et beau, quoi que la journ\u00e9e puisse vous r\u00e9server.<\/p>\n","protected":false},"excerpt":{"rendered":"<p>SPRAY DE FINITION \u00c0 TENUE FORTE<\/p>\n","protected":false},"featured_media":16287,"comment_status":"open","ping_status":"closed","template":"","meta":{"_glsr_average":0,"_glsr_ranking":0,"_glsr_reviews":0},"product_brand":[902],"product_cat":[615],"product_tag":[677],"class_list":{"0":"post-17866","1":"product","2":"type-product","3":"status-publish","4":"has-post-thumbnail","6":"product_brand-kevin-murphy","7":"product_cat-stylisant","8":"product_tag-kevin-murphy-fr","9":"_wholesalex wsx-wholesalex-product","11":"first","12":"outofstock","13":"taxable","14":"shipping-taxable","15":"purchasable","16":"product-type-simple"},"jetpack_sharing_enabled":true,"_links":{"self":[{"href":"https:\/\/naturalook.shop\/fr\/wp-json\/wp\/v2\/product\/17866","targetHints":{"allow":["GET"]}}],"collection":[{"href":"https:\/\/naturalook.shop\/fr\/wp-json\/wp\/v2\/product"}],"about":[{"href":"https:\/\/naturalook.shop\/fr\/wp-json\/wp\/v2\/types\/product"}],"replies":[{"embeddable":true,"href":"https:\/\/naturalook.shop\/fr\/wp-json\/wp\/v2\/comments?post=17866"}],"version-history":[{"count":1,"href":"https:\/\/naturalook.shop\/fr\/wp-json\/wp\/v2\/product\/17866\/revisions"}],"predecessor-version":[{"id":34224,"href":"https:\/\/naturalook.shop\/fr\/wp-json\/wp\/v2\/product\/17866\/revisions\/34224"}],"wp:featuredmedia":[{"embeddable":true,"href":"https:\/\/naturalook.shop\/fr\/wp-json\/wp\/v2\/media\/16287"}],"wp:attachment":[{"href":"https:\/\/naturalook.shop\/fr\/wp-json\/wp\/v2\/media?parent=17866"}],"wp:term":[{"taxonomy":"product_brand","embeddable":true,"href":"https:\/\/naturalook.shop\/fr\/wp-json\/wp\/v2\/product_brand?post=17866"},{"taxonomy":"product_cat","embeddable":true,"href":"https:\/\/naturalook.shop\/fr\/wp-json\/wp\/v2\/product_cat?post=17866"},{"taxonomy":"product_tag","embeddable":true,"href":"https:\/\/naturalook.shop\/fr\/wp-json\/wp\/v2\/product_tag?post=17866"}],"curies":[{"name":"wp","href":"https:\/\/api.w.org\/{rel}","templated":true}]}}