{"id":17868,"date":"2023-02-09T23:21:46","date_gmt":"2023-02-10T04:21:46","guid":{"rendered":"https:\/\/naturalook.shop\/product\/kevin-murphy-yours-everlasting\/"},"modified":"2025-10-23T22:21:23","modified_gmt":"2025-10-24T02:21:23","slug":"kevin-murphy-yours-everlasting","status":"publish","type":"product","link":"https:\/\/naturalook.shop\/fr\/produit\/kevin-murphy-yours-everlasting\/","title":{"rendered":"Kevin Murphy &#8211; YOURS EVERLASTING"},"content":{"rendered":"<p>Cet ensemble de soins capillaires comprend EVERLASTING.COLOUR WASH et EVERLASTING.COLOUR RINSE pour aider \u00e0 fermer la cuticule, ajouter de la brillance et fixer la couleur des cheveux. Il est \u00e9galement livr\u00e9 avec un traitement EVERLASTING.COLOUR pour am\u00e9liorer la vibrance et la luminosit\u00e9. Utilisez le shampooing, le revitalisant et le traitement comme indiqu\u00e9 pour une couleur de cheveux durable et saine.<\/p>\n<h3>Contient:<\/h3>\n<ul>\n<li><a href=\"https:\/\/naturalook.shop\/product\/everlasting-colour-wash-250ml\/\">EVERLASTING.COLOUR WASH<\/a> &#8211; 250ml<\/li>\n<li><a href=\"https:\/\/naturalook.shop\/product\/everlasting-colour-rinse-250ml\/\">EVERLASTING.COLOUR RINSE<\/a> &#8211; 250ml<\/li>\n<li><a href=\"https:\/\/naturalook.shop\/product\/everlasting-colour-leave-in-150ml\/\">EVERLASTING.COLOUR LEAVE IN TREATMENT<\/a> &#8211; 150ml<\/li>\n<\/ul>\n<h3>Principaux avantages<\/h3>\n<ul>\n<li>Ensemble de soins capillaires en \u00e9dition limit\u00e9e<\/li>\n<li>Id\u00e9al pour les cheveux color\u00e9s<\/li>\n<li>Am\u00e9liore la couleur et la brillance<\/li>\n<li>Contient un shampooing, un revitalisant et un traitement sans rin\u00e7age<\/li>\n<li>Un excellent cadeau<\/li>\n<\/ul>\n","protected":false},"excerpt":{"rendered":"<p>ID\u00c9AL POUR CHEVEUX COLOR\u00c9S<\/p>\n","protected":false},"featured_media":16689,"comment_status":"open","ping_status":"closed","template":"","meta":{"_glsr_average":0,"_glsr_ranking":0,"_glsr_reviews":0},"product_brand":[902],"product_cat":[83,611],"product_tag":[677],"class_list":{"0":"post-17868","1":"product","2":"type-product","3":"status-publish","4":"has-post-thumbnail","6":"product_brand-kevin-murphy","7":"product_cat-soins-a-domicile","8":"product_cat-ensembles-cadeaux","9":"product_tag-kevin-murphy-fr","10":"_wholesalex wsx-wholesalex-product","12":"first","13":"outofstock","14":"taxable","15":"shipping-taxable","16":"purchasable","17":"product-type-simple"},"jetpack_sharing_enabled":true,"_links":{"self":[{"href":"https:\/\/naturalook.shop\/fr\/wp-json\/wp\/v2\/product\/17868","targetHints":{"allow":["GET"]}}],"collection":[{"href":"https:\/\/naturalook.shop\/fr\/wp-json\/wp\/v2\/product"}],"about":[{"href":"https:\/\/naturalook.shop\/fr\/wp-json\/wp\/v2\/types\/product"}],"replies":[{"embeddable":true,"href":"https:\/\/naturalook.shop\/fr\/wp-json\/wp\/v2\/comments?post=17868"}],"version-history":[{"count":1,"href":"https:\/\/naturalook.shop\/fr\/wp-json\/wp\/v2\/product\/17868\/revisions"}],"predecessor-version":[{"id":34202,"href":"https:\/\/naturalook.shop\/fr\/wp-json\/wp\/v2\/product\/17868\/revisions\/34202"}],"wp:featuredmedia":[{"embeddable":true,"href":"https:\/\/naturalook.shop\/fr\/wp-json\/wp\/v2\/media\/16689"}],"wp:attachment":[{"href":"https:\/\/naturalook.shop\/fr\/wp-json\/wp\/v2\/media?parent=17868"}],"wp:term":[{"taxonomy":"product_brand","embeddable":true,"href":"https:\/\/naturalook.shop\/fr\/wp-json\/wp\/v2\/product_brand?post=17868"},{"taxonomy":"product_cat","embeddable":true,"href":"https:\/\/naturalook.shop\/fr\/wp-json\/wp\/v2\/product_cat?post=17868"},{"taxonomy":"product_tag","embeddable":true,"href":"https:\/\/naturalook.shop\/fr\/wp-json\/wp\/v2\/product_tag?post=17868"}],"curies":[{"name":"wp","href":"https:\/\/api.w.org\/{rel}","templated":true}]}}