{"id":17869,"date":"2023-02-09T23:21:46","date_gmt":"2023-02-10T04:21:46","guid":{"rendered":"https:\/\/naturalook.shop\/product\/kevin-murphy-in-the-thick-of-it\/"},"modified":"2025-10-23T22:21:23","modified_gmt":"2025-10-24T02:21:23","slug":"kevin-murphy-in-the-thick-of-it","status":"publish","type":"product","link":"https:\/\/naturalook.shop\/fr\/produit\/kevin-murphy-in-the-thick-of-it\/","title":{"rendered":"Kevin Murphy &#8211; IN THE THICK OF IT"},"content":{"rendered":"<p>D\u00e9couvrez la transformation capillaire avec notre ensemble de soins capillaires IN THE THICK OF IT. Cet ensemble convient parfaitement aux hommes et aux femmes et comprend STIMULATE-ME.WASH et STIMULATE-ME.RINSE, sp\u00e9cialement formul\u00e9s pour favoriser la repousse du cuir chevelu tout en r\u00e9parant et revitalisant vos cheveux. De plus, il comprend un traitement en spray THICK.AGAIN, qui cr\u00e9e un corps et un rebondissement durables pour atteindre cet ultime look volumineux et audacieux, m\u00eame quand vous \u00eates en pleine action.<\/p>\n<h3>L&#8217;ensemble comprend:<\/h3>\n<ul>\n<li><a href=\"https:\/\/naturalook.shop\/product\/stimulate-me-wash-shampoo-250ml\/\">STIMULATE.ME WASH<\/a> &#8211; 250ml<\/li>\n<li><a href=\"https:\/\/naturalook.shop\/product\/stimulate-me-rinse-conditioner-250ml\/\">STIMULATE.ME RINSE<\/a> &#8211; 250ml<\/li>\n<li><a href=\"https:\/\/naturalook.shop\/product\/thick-again-treatment-leave-in-100ml\/\">THICK.AGAIN<\/a> &#8211; 100ml<\/li>\n<\/ul>\n<h3>Les principaux avantages<\/h3>\n<ul>\n<li>Ensemble de soins capillaires en \u00e9dition limit\u00e9e<\/li>\n<li>\u00c9paississement des cheveux pour les cheveux fins et sans vie<\/li>\n<li>Convient aux hommes et aux femmes<\/li>\n<li>Contient un shampooing, un revitalisant et un spray \u00e9paississant<\/li>\n<li>Stimule la croissance des cheveux<\/li>\n<\/ul>\n","protected":false},"excerpt":{"rendered":"<p>SOIN CAPILLAIRE \u00c9PAISSISSANT POUR CHEVEUX FIN ET LISSES<\/p>\n","protected":false},"featured_media":16685,"comment_status":"open","ping_status":"closed","template":"","meta":{"_glsr_average":0,"_glsr_ranking":0,"_glsr_reviews":0},"product_brand":[902],"product_cat":[83,611],"product_tag":[677],"class_list":{"0":"post-17869","1":"product","2":"type-product","3":"status-publish","4":"has-post-thumbnail","6":"product_brand-kevin-murphy","7":"product_cat-soins-a-domicile","8":"product_cat-ensembles-cadeaux","9":"product_tag-kevin-murphy-fr","10":"_wholesalex wsx-wholesalex-product","12":"first","13":"outofstock","14":"taxable","15":"shipping-taxable","16":"purchasable","17":"product-type-simple"},"jetpack_sharing_enabled":true,"_links":{"self":[{"href":"https:\/\/naturalook.shop\/fr\/wp-json\/wp\/v2\/product\/17869","targetHints":{"allow":["GET"]}}],"collection":[{"href":"https:\/\/naturalook.shop\/fr\/wp-json\/wp\/v2\/product"}],"about":[{"href":"https:\/\/naturalook.shop\/fr\/wp-json\/wp\/v2\/types\/product"}],"replies":[{"embeddable":true,"href":"https:\/\/naturalook.shop\/fr\/wp-json\/wp\/v2\/comments?post=17869"}],"version-history":[{"count":1,"href":"https:\/\/naturalook.shop\/fr\/wp-json\/wp\/v2\/product\/17869\/revisions"}],"predecessor-version":[{"id":34203,"href":"https:\/\/naturalook.shop\/fr\/wp-json\/wp\/v2\/product\/17869\/revisions\/34203"}],"wp:featuredmedia":[{"embeddable":true,"href":"https:\/\/naturalook.shop\/fr\/wp-json\/wp\/v2\/media\/16685"}],"wp:attachment":[{"href":"https:\/\/naturalook.shop\/fr\/wp-json\/wp\/v2\/media?parent=17869"}],"wp:term":[{"taxonomy":"product_brand","embeddable":true,"href":"https:\/\/naturalook.shop\/fr\/wp-json\/wp\/v2\/product_brand?post=17869"},{"taxonomy":"product_cat","embeddable":true,"href":"https:\/\/naturalook.shop\/fr\/wp-json\/wp\/v2\/product_cat?post=17869"},{"taxonomy":"product_tag","embeddable":true,"href":"https:\/\/naturalook.shop\/fr\/wp-json\/wp\/v2\/product_tag?post=17869"}],"curies":[{"name":"wp","href":"https:\/\/api.w.org\/{rel}","templated":true}]}}