{"id":17870,"date":"2023-02-09T23:21:46","date_gmt":"2023-02-10T04:21:46","guid":{"rendered":"https:\/\/naturalook.shop\/product\/kevin-murphy-lifted-gifted\/"},"modified":"2025-10-23T22:21:23","modified_gmt":"2025-10-24T02:21:23","slug":"kevin-murphy-lifted-gifted","status":"publish","type":"product","link":"https:\/\/naturalook.shop\/fr\/produit\/kevin-murphy-lifted-gifted\/","title":{"rendered":"Kevin Murphy &#8211; LIFTED &amp; GIFTED"},"content":{"rendered":"<p>Rehaussez votre jeu capillaire avec notre coffret cadeau pour cheveux volumineux. Notre ensemble comprend notre fameux PLUMPING.WASH et PLUMPING.RINSE, tous deux soigneusement con\u00e7us pour redensifier les cheveux fins et clairsem\u00e9s, leur donnant un niveau de volume suppl\u00e9mentaire. Et pour un effet de brushing professionnel, ne cherchez pas plus loin que notre spray EVER.LIFT GRATUIT pour brushing, qui s&#8217;active avec la chaleur pour offrir un volume l\u00e9ger et un lift &#8211; le cadeau qui continue de donner.<\/p>\n<h3>Ce coffret \u00e9dition limit\u00e9e contient :<\/h3>\n<ul>\n<li><a href=\"https:\/\/naturalook.shop\/product\/plumping-wash-shampoo-250ml\/\">PLUMPING.WASH<\/a> &#8211; 250ml<\/li>\n<li><a href=\"https:\/\/naturalook.shop\/product\/plumping-rinse-conditioner-250ml\/\">PLUMPING.RINSE<\/a> &#8211; 250ml<\/li>\n<li><a href=\"https:\/\/naturalook.shop\/product\/ever-lift-stylisant-150ml\/\">BLOW.DRY EVER.LIFT<\/a> &#8211; 150ml<\/li>\n<\/ul>\n<p>&nbsp;<\/p>\n<h3>Les principaux avantages :<\/h3>\n<ul>\n<li>Coffret cadeau de soins capillaires en \u00e9dition limit\u00e9e<\/li>\n<li>Id\u00e9al pour les cheveux fins et plats<\/li>\n<li>Con\u00e7u pour donner du volume et regonfler les cheveux<\/li>\n<li>Contient un shampooing, un apr\u00e8s-shampooing et un spray pour brushing<\/li>\n<li>Excellent cadeau \u00e0 offrir<\/li>\n<\/ul>\n","protected":false},"excerpt":{"rendered":"<p>ID\u00c9AL POUR LES CHEVEUX FIN ET MOUS<\/p>\n","protected":false},"featured_media":16681,"comment_status":"open","ping_status":"closed","template":"","meta":{"_glsr_average":0,"_glsr_ranking":0,"_glsr_reviews":0},"product_brand":[902],"product_cat":[83,611],"product_tag":[677],"class_list":{"0":"post-17870","1":"product","2":"type-product","3":"status-publish","4":"has-post-thumbnail","6":"product_brand-kevin-murphy","7":"product_cat-soins-a-domicile","8":"product_cat-ensembles-cadeaux","9":"product_tag-kevin-murphy-fr","10":"_wholesalex wsx-wholesalex-product","12":"first","13":"outofstock","14":"taxable","15":"shipping-taxable","16":"purchasable","17":"product-type-simple"},"jetpack_sharing_enabled":true,"_links":{"self":[{"href":"https:\/\/naturalook.shop\/fr\/wp-json\/wp\/v2\/product\/17870","targetHints":{"allow":["GET"]}}],"collection":[{"href":"https:\/\/naturalook.shop\/fr\/wp-json\/wp\/v2\/product"}],"about":[{"href":"https:\/\/naturalook.shop\/fr\/wp-json\/wp\/v2\/types\/product"}],"replies":[{"embeddable":true,"href":"https:\/\/naturalook.shop\/fr\/wp-json\/wp\/v2\/comments?post=17870"}],"version-history":[{"count":1,"href":"https:\/\/naturalook.shop\/fr\/wp-json\/wp\/v2\/product\/17870\/revisions"}],"predecessor-version":[{"id":34204,"href":"https:\/\/naturalook.shop\/fr\/wp-json\/wp\/v2\/product\/17870\/revisions\/34204"}],"wp:featuredmedia":[{"embeddable":true,"href":"https:\/\/naturalook.shop\/fr\/wp-json\/wp\/v2\/media\/16681"}],"wp:attachment":[{"href":"https:\/\/naturalook.shop\/fr\/wp-json\/wp\/v2\/media?parent=17870"}],"wp:term":[{"taxonomy":"product_brand","embeddable":true,"href":"https:\/\/naturalook.shop\/fr\/wp-json\/wp\/v2\/product_brand?post=17870"},{"taxonomy":"product_cat","embeddable":true,"href":"https:\/\/naturalook.shop\/fr\/wp-json\/wp\/v2\/product_cat?post=17870"},{"taxonomy":"product_tag","embeddable":true,"href":"https:\/\/naturalook.shop\/fr\/wp-json\/wp\/v2\/product_tag?post=17870"}],"curies":[{"name":"wp","href":"https:\/\/api.w.org\/{rel}","templated":true}]}}