{"id":17872,"date":"2023-02-09T23:21:43","date_gmt":"2023-02-10T04:21:43","guid":{"rendered":"https:\/\/naturalook.shop\/product\/kevin-murphy-velvet-fix-me-up\/"},"modified":"2025-10-23T22:21:24","modified_gmt":"2025-10-24T02:21:24","slug":"kevin-murphy-velvet-fix-me-up","status":"publish","type":"product","link":"https:\/\/naturalook.shop\/fr\/produit\/kevin-murphy-velvet-fix-me-up\/","title":{"rendered":"Kevin Murphy &#8211; VELVET FIX ME UP"},"content":{"rendered":"<p>Si vous en avez assez des cheveux secs et ternes, nous avons la solution parfaite pour vous! Notre ensemble de soins capillaires en \u00e9dition limit\u00e9e est un must pour quiconque a des cheveux ab\u00eem\u00e9s, faibles ou ternes.<\/p>\n<p>Cet ensemble comprend un shampooing r\u00e9parateur, un apr\u00e8s-shampooing r\u00e9parateur et un conditionneur sec unique qui fait des merveilles sur les cheveux ab\u00eem\u00e9s. Avec des ingr\u00e9dients puissants qui nourrissent, lissent, prot\u00e8gent et ravivent vos cheveux, cet ensemble est tout ce dont vous avez besoin pour restaurer la beaut\u00e9 naturelle et la brillance de vos cheveux.<\/p>\n<p>Mais ce n&#8217;est pas tout &#8211; avec cet ensemble, vous profiterez \u00e9galement d&#8217;une incroyable \u00e9conomie! Vous obtenez trois produits de soins capillaires de qualit\u00e9 sup\u00e9rieure pour une fraction du prix. Alors pourquoi attendre? Offrez \u00e0 vos cheveux les soins qu&#8217;ils m\u00e9ritent avec cet ensemble incroyable et dites bonjour \u00e0 des cheveux magnifiques et sains.<\/p>\n<h3>Contient:<\/h3>\n<ul>\n<li><a href=\"https:\/\/naturalook.shop\/product\/repair-me-wash-shampoo-250ml\/\">REPAIR.ME WASH<\/a> &#8211; 250ml<\/li>\n<li><a href=\"https:\/\/naturalook.shop\/product\/repair-me-rinse-conditioner-250ml\/\">REPAIR.ME RINSE<\/a> &#8211; 250ml<\/li>\n<li><a href=\"https:\/\/naturalook.shop\/product\/young-again-dry-conditioner-stylisant-250ml\/\">YOUNG.AGAIN DRY CONDITIONER<\/a> &#8211; 250ml<\/li>\n<\/ul>\n<h3>Avantages cl\u00e9s:<\/h3>\n<ul>\n<li>Ensemble de soins capillaires en \u00e9dition limit\u00e9e<\/li>\n<li>Id\u00e9al pour les cheveux secs et ab\u00eem\u00e9s<\/li>\n<li>R\u00e9pare et nourrit les cheveux<\/li>\n<li>Contient un shampooing, un apr\u00e8s-shampooing et un conditionneur sec<\/li>\n<li>Fait un excellent cadeau<\/li>\n<\/ul>\n","protected":false},"excerpt":{"rendered":"<p>ID\u00c9AL POUR CHEVEUX SECS ET ENDOMMAG\u00c9S<\/p>\n","protected":false},"featured_media":16698,"comment_status":"open","ping_status":"closed","template":"","meta":{"_glsr_average":0,"_glsr_ranking":0,"_glsr_reviews":0},"product_brand":[902],"product_cat":[83,611],"product_tag":[677],"class_list":{"0":"post-17872","1":"product","2":"type-product","3":"status-publish","4":"has-post-thumbnail","6":"product_brand-kevin-murphy","7":"product_cat-soins-a-domicile","8":"product_cat-ensembles-cadeaux","9":"product_tag-kevin-murphy-fr","10":"_wholesalex wsx-wholesalex-product","12":"first","13":"outofstock","14":"taxable","15":"shipping-taxable","16":"purchasable","17":"product-type-simple"},"jetpack_sharing_enabled":true,"_links":{"self":[{"href":"https:\/\/naturalook.shop\/fr\/wp-json\/wp\/v2\/product\/17872","targetHints":{"allow":["GET"]}}],"collection":[{"href":"https:\/\/naturalook.shop\/fr\/wp-json\/wp\/v2\/product"}],"about":[{"href":"https:\/\/naturalook.shop\/fr\/wp-json\/wp\/v2\/types\/product"}],"replies":[{"embeddable":true,"href":"https:\/\/naturalook.shop\/fr\/wp-json\/wp\/v2\/comments?post=17872"}],"version-history":[{"count":1,"href":"https:\/\/naturalook.shop\/fr\/wp-json\/wp\/v2\/product\/17872\/revisions"}],"predecessor-version":[{"id":34205,"href":"https:\/\/naturalook.shop\/fr\/wp-json\/wp\/v2\/product\/17872\/revisions\/34205"}],"wp:featuredmedia":[{"embeddable":true,"href":"https:\/\/naturalook.shop\/fr\/wp-json\/wp\/v2\/media\/16698"}],"wp:attachment":[{"href":"https:\/\/naturalook.shop\/fr\/wp-json\/wp\/v2\/media?parent=17872"}],"wp:term":[{"taxonomy":"product_brand","embeddable":true,"href":"https:\/\/naturalook.shop\/fr\/wp-json\/wp\/v2\/product_brand?post=17872"},{"taxonomy":"product_cat","embeddable":true,"href":"https:\/\/naturalook.shop\/fr\/wp-json\/wp\/v2\/product_cat?post=17872"},{"taxonomy":"product_tag","embeddable":true,"href":"https:\/\/naturalook.shop\/fr\/wp-json\/wp\/v2\/product_tag?post=17872"}],"curies":[{"name":"wp","href":"https:\/\/api.w.org\/{rel}","templated":true}]}}