{"id":17874,"date":"2023-02-09T23:21:42","date_gmt":"2023-02-10T04:21:42","guid":{"rendered":"https:\/\/naturalook.shop\/product\/kevin-murphy-send-me-an-angel\/"},"modified":"2025-10-23T22:21:25","modified_gmt":"2025-10-24T02:21:25","slug":"kevin-murphy-send-me-an-angel","status":"publish","type":"product","link":"https:\/\/naturalook.shop\/fr\/produit\/kevin-murphy-send-me-an-angel\/","title":{"rendered":"Kevin Murphy &#8211; SEND ME AN ANGEL"},"content":{"rendered":"<p>Ne laissez pas les cheveux fins et fragiles vous abattre &#8211; sauvez vos m\u00e8ches avec notre ensemble de soins capillaires en \u00e9dition limit\u00e9e. Con\u00e7u pour revitaliser et renforcer les cheveux surmen\u00e9s, trait\u00e9s chimiquement ou ab\u00eem\u00e9s, cet ensemble est la solution ultime pour tous ceux qui ont des tresses d\u00e9licates.<\/p>\n<p>Avec l&#8217;ANGEL.WASH et l&#8217;ANGEL.RINSE en taille r\u00e9elle, cet ensemble offre un nettoyage doux mais efficace et une hydratation, laissant vos cheveux doux, nourris et revitalis\u00e9s. Mais ce n&#8217;est pas tout &#8211; le spray ANTI.GRAVITY en taille r\u00e9elle ajoute du corps et de la texture aux cheveux fins et plats, vous donnant le volume et la tenue dont vous avez besoin pour passer \u00e0 la vitesse sup\u00e9rieure.<\/p>\n<p>Parfait comme cadeau ou comme r\u00e9compense pour vous-m\u00eame, cet ensemble est l&#8217;ultime must-have pour tous ceux qui cherchent \u00e0 transformer les cheveux fins. Avec son m\u00e9lange unique d&#8217;ingr\u00e9dients, il aide \u00e0 stimuler le volume, ajouter du corps et vous laisser avec des m\u00e8ches magnifiques et saines dont vous avez toujours r\u00eav\u00e9. Alors pourquoi attendre ? Donnez \u00e0 vos cheveux les soins qu&#8217;ils m\u00e9ritent avec notre ensemble de soins capillaires en \u00e9dition limit\u00e9e d\u00e8s aujourd&#8217;hui !<\/p>\n<h3>Contient:<\/h3>\n<ul>\n<li><a href=\"https:\/\/naturalook.shop\/product\/angel-wash-shampooing-250ml\/\">ANGEL.WASH<\/a> &#8211; 250ml<\/li>\n<li><a href=\"https:\/\/naturalook.shop\/product\/angel-rinse-revitalisant-250ml\/\">ANGEL.RINSE<\/a> &#8211; 250ml<\/li>\n<li><a href=\"https:\/\/naturalook.shop\/product\/anti-gravity-spray-stylisant-150ml\/\">ANTI.GRAVITY<\/a> SPRAY &#8211; 150ml<a href=\"https:\/\/www.kevinmurphystore.com\/kevin-murphy-fresh-hair\/\" target=\"_blank\" rel=\"noopener\"><br \/>\n<\/a><\/li>\n<\/ul>\n<h3>Avantages cl\u00e9s:<\/h3>\n<ul>\n<li>Ensemble de soins capillaires en \u00e9dition limit\u00e9e<\/li>\n<li>Id\u00e9al pour les cheveux fins et plats<\/li>\n<li>Contient un shampooing, un revitalisant et un spray<\/li>\n<li>Stimule le volume et ajoute du corps<\/li>\n<\/ul>\n","protected":false},"excerpt":{"rendered":"<p>ID\u00c9AL POUR CHEVEUX FIN ET LISSES<\/p>\n","protected":false},"featured_media":16706,"comment_status":"open","ping_status":"closed","template":"","meta":{"_glsr_average":0,"_glsr_ranking":0,"_glsr_reviews":0},"product_brand":[902],"product_cat":[83,611],"product_tag":[677],"class_list":{"0":"post-17874","1":"product","2":"type-product","3":"status-publish","4":"has-post-thumbnail","6":"product_brand-kevin-murphy","7":"product_cat-soins-a-domicile","8":"product_cat-ensembles-cadeaux","9":"product_tag-kevin-murphy-fr","10":"_wholesalex wsx-wholesalex-product","12":"first","13":"outofstock","14":"taxable","15":"shipping-taxable","16":"purchasable","17":"product-type-simple"},"jetpack_sharing_enabled":true,"_links":{"self":[{"href":"https:\/\/naturalook.shop\/fr\/wp-json\/wp\/v2\/product\/17874","targetHints":{"allow":["GET"]}}],"collection":[{"href":"https:\/\/naturalook.shop\/fr\/wp-json\/wp\/v2\/product"}],"about":[{"href":"https:\/\/naturalook.shop\/fr\/wp-json\/wp\/v2\/types\/product"}],"replies":[{"embeddable":true,"href":"https:\/\/naturalook.shop\/fr\/wp-json\/wp\/v2\/comments?post=17874"}],"version-history":[{"count":1,"href":"https:\/\/naturalook.shop\/fr\/wp-json\/wp\/v2\/product\/17874\/revisions"}],"predecessor-version":[{"id":34208,"href":"https:\/\/naturalook.shop\/fr\/wp-json\/wp\/v2\/product\/17874\/revisions\/34208"}],"wp:featuredmedia":[{"embeddable":true,"href":"https:\/\/naturalook.shop\/fr\/wp-json\/wp\/v2\/media\/16706"}],"wp:attachment":[{"href":"https:\/\/naturalook.shop\/fr\/wp-json\/wp\/v2\/media?parent=17874"}],"wp:term":[{"taxonomy":"product_brand","embeddable":true,"href":"https:\/\/naturalook.shop\/fr\/wp-json\/wp\/v2\/product_brand?post=17874"},{"taxonomy":"product_cat","embeddable":true,"href":"https:\/\/naturalook.shop\/fr\/wp-json\/wp\/v2\/product_cat?post=17874"},{"taxonomy":"product_tag","embeddable":true,"href":"https:\/\/naturalook.shop\/fr\/wp-json\/wp\/v2\/product_tag?post=17874"}],"curies":[{"name":"wp","href":"https:\/\/api.w.org\/{rel}","templated":true}]}}