{"id":17875,"date":"2023-02-09T23:21:00","date_gmt":"2023-02-10T04:21:00","guid":{"rendered":"https:\/\/naturalook.shop\/product\/kevin-murphy-everlasting-colour-leave-in\/"},"modified":"2025-10-23T22:21:28","modified_gmt":"2025-10-24T02:21:28","slug":"kevin-murphy-everlasting-colour-leave-in","status":"publish","type":"product","link":"https:\/\/naturalook.shop\/fr\/produit\/kevin-murphy-everlasting-colour-leave-in\/","title":{"rendered":"Kevin Murphy &#8211; EVERLASTING.COLOUR &#8211; Leave-in &#8211; 150ml"},"content":{"rendered":"<p>Offrez \u00e0 vos cheveux la protection ultime avec notre traitement colorant renfor\u00e7ateur de liens. Ce spray l\u00e9ger sans rin\u00e7age agit de l&#8217;int\u00e9rieur vers l&#8217;ext\u00e9rieur, renfor\u00e7ant la r\u00e9sistance de vos cheveux pour des cheveux plus forts, plus robustes et plus sains.<\/p>\n<p>Non seulement il rend vos cheveux plus forts, mais il pr\u00e9serve \u00e9galement la vivacit\u00e9 de votre couleur de cheveux et les prot\u00e8ge des agressions environnementales. Les propri\u00e9t\u00e9s nourrissantes et hydratantes de ce traitement laisseront vos cheveux au meilleur de leur forme tout en r\u00e9parant tout dommage qui aurait pu se produire.<\/p>\n<p>Alors, si vous voulez vous assurer que vos cheveux restent en bonne sant\u00e9, vibrants et forts, essayez notre traitement protecteur de couleur renfor\u00e7ateur de liens. C&#8217;est le moyen id\u00e9al de prot\u00e9ger vos cheveux des dommages tout en pr\u00e9servant leur beaut\u00e9 et leur couleur.<\/p>\n","protected":false},"excerpt":{"rendered":"<p>TRAITEMENT CAPILLAIRE PROTECTEUR ET RECONSTRUCTEUR SANS RIN\u00c7AGE<\/p>\n","protected":false},"featured_media":16291,"comment_status":"open","ping_status":"closed","template":"","meta":{"_glsr_average":0,"_glsr_ranking":0,"_glsr_reviews":0},"product_brand":[902],"product_cat":[612,616],"product_tag":[677],"class_list":{"0":"post-17875","1":"product","2":"type-product","3":"status-publish","4":"has-post-thumbnail","6":"product_brand-kevin-murphy","7":"product_cat-leave-in-fr","8":"product_cat-traitement","9":"product_tag-kevin-murphy-fr","10":"_wholesalex wsx-wholesalex-product","12":"first","13":"outofstock","14":"taxable","15":"shipping-taxable","16":"purchasable","17":"product-type-simple"},"jetpack_sharing_enabled":true,"_links":{"self":[{"href":"https:\/\/naturalook.shop\/fr\/wp-json\/wp\/v2\/product\/17875","targetHints":{"allow":["GET"]}}],"collection":[{"href":"https:\/\/naturalook.shop\/fr\/wp-json\/wp\/v2\/product"}],"about":[{"href":"https:\/\/naturalook.shop\/fr\/wp-json\/wp\/v2\/types\/product"}],"replies":[{"embeddable":true,"href":"https:\/\/naturalook.shop\/fr\/wp-json\/wp\/v2\/comments?post=17875"}],"version-history":[{"count":1,"href":"https:\/\/naturalook.shop\/fr\/wp-json\/wp\/v2\/product\/17875\/revisions"}],"predecessor-version":[{"id":34218,"href":"https:\/\/naturalook.shop\/fr\/wp-json\/wp\/v2\/product\/17875\/revisions\/34218"}],"wp:featuredmedia":[{"embeddable":true,"href":"https:\/\/naturalook.shop\/fr\/wp-json\/wp\/v2\/media\/16291"}],"wp:attachment":[{"href":"https:\/\/naturalook.shop\/fr\/wp-json\/wp\/v2\/media?parent=17875"}],"wp:term":[{"taxonomy":"product_brand","embeddable":true,"href":"https:\/\/naturalook.shop\/fr\/wp-json\/wp\/v2\/product_brand?post=17875"},{"taxonomy":"product_cat","embeddable":true,"href":"https:\/\/naturalook.shop\/fr\/wp-json\/wp\/v2\/product_cat?post=17875"},{"taxonomy":"product_tag","embeddable":true,"href":"https:\/\/naturalook.shop\/fr\/wp-json\/wp\/v2\/product_tag?post=17875"}],"curies":[{"name":"wp","href":"https:\/\/api.w.org\/{rel}","templated":true}]}}