{"id":17876,"date":"2023-02-09T23:21:00","date_gmt":"2023-02-10T04:21:00","guid":{"rendered":"https:\/\/naturalook.shop\/product\/kevin-murphy-everlasting-colour-rinse\/"},"modified":"2025-10-23T22:21:28","modified_gmt":"2025-10-24T02:21:28","slug":"kevin-murphy-everlasting-colour-rinse","status":"publish","type":"product","link":"https:\/\/naturalook.shop\/fr\/produit\/kevin-murphy-everlasting-colour-rinse\/","title":{"rendered":"Kevin Murphy &#8211; EVERLASTING.COLOUR &#8211; Rinse &#8211; 250ml"},"content":{"rendered":"<p>Maintenez la vivacit\u00e9 de votre couleur de cheveux avec notre revitalisant protecteur de couleur. Formul\u00e9 avec une technologie de scellement du pH, ce revitalisant de verrouillage de couleur cr\u00e9e une couche protectrice qui prot\u00e8ge contre la perte de couleur et les facteurs de stress environnementaux.<\/p>\n<p>Notre revitalisant protecteur de couleur contient des \u00e9quilibrants de pH qui aident \u00e0 cr\u00e9er de la brillance et \u00e0 am\u00e9liorer l&#8217;\u00e9tat, la douceur et l&#8217;hydratation de vos cheveux, tout en r\u00e9duisant les dommages. Ce revitalisant n&#8217;alourdit pas vos cheveux, vous pouvez donc profiter de belles m\u00e8ches rebondies qui ont l&#8217;air et se sentent au mieux de leur forme.<\/p>\n<p>Si vous voulez garder votre couleur de cheveux vibrante et en bonne sant\u00e9, essayez notre revitalisant protecteur de couleur. C&#8217;est le moyen parfait de maintenir la vivacit\u00e9 de votre couleur de cheveux tout en nourrissant et en hydratant vos cheveux, les laissant doux et en bonne sant\u00e9.<\/p>\n","protected":false},"excerpt":{"rendered":"<p>CONDITIONNEUR DE PROTECTION DE COULEUR AVEC TECHNOLOGIE DE SCELLAGE DE pH<\/p>\n","protected":false},"featured_media":16298,"comment_status":"open","ping_status":"closed","template":"","meta":{"_glsr_average":0,"_glsr_ranking":0,"_glsr_reviews":0},"product_brand":[902],"product_cat":[610],"product_tag":[677],"class_list":{"0":"post-17876","1":"product","2":"type-product","3":"status-publish","4":"has-post-thumbnail","6":"product_brand-kevin-murphy","7":"product_cat-revitalisant","8":"product_tag-kevin-murphy-fr","9":"_wholesalex wsx-wholesalex-product","11":"first","12":"outofstock","13":"taxable","14":"shipping-taxable","15":"purchasable","16":"product-type-simple"},"jetpack_sharing_enabled":true,"_links":{"self":[{"href":"https:\/\/naturalook.shop\/fr\/wp-json\/wp\/v2\/product\/17876","targetHints":{"allow":["GET"]}}],"collection":[{"href":"https:\/\/naturalook.shop\/fr\/wp-json\/wp\/v2\/product"}],"about":[{"href":"https:\/\/naturalook.shop\/fr\/wp-json\/wp\/v2\/types\/product"}],"replies":[{"embeddable":true,"href":"https:\/\/naturalook.shop\/fr\/wp-json\/wp\/v2\/comments?post=17876"}],"version-history":[{"count":1,"href":"https:\/\/naturalook.shop\/fr\/wp-json\/wp\/v2\/product\/17876\/revisions"}],"predecessor-version":[{"id":34219,"href":"https:\/\/naturalook.shop\/fr\/wp-json\/wp\/v2\/product\/17876\/revisions\/34219"}],"wp:featuredmedia":[{"embeddable":true,"href":"https:\/\/naturalook.shop\/fr\/wp-json\/wp\/v2\/media\/16298"}],"wp:attachment":[{"href":"https:\/\/naturalook.shop\/fr\/wp-json\/wp\/v2\/media?parent=17876"}],"wp:term":[{"taxonomy":"product_brand","embeddable":true,"href":"https:\/\/naturalook.shop\/fr\/wp-json\/wp\/v2\/product_brand?post=17876"},{"taxonomy":"product_cat","embeddable":true,"href":"https:\/\/naturalook.shop\/fr\/wp-json\/wp\/v2\/product_cat?post=17876"},{"taxonomy":"product_tag","embeddable":true,"href":"https:\/\/naturalook.shop\/fr\/wp-json\/wp\/v2\/product_tag?post=17876"}],"curies":[{"name":"wp","href":"https:\/\/api.w.org\/{rel}","templated":true}]}}