{"id":17877,"date":"2023-02-09T23:21:00","date_gmt":"2023-02-10T04:21:00","guid":{"rendered":"https:\/\/naturalook.shop\/product\/kevin-murphy-everlasting-colour-wash\/"},"modified":"2025-10-23T22:21:28","modified_gmt":"2025-10-24T02:21:28","slug":"kevin-murphy-everlasting-colour-wash","status":"publish","type":"product","link":"https:\/\/naturalook.shop\/fr\/produit\/kevin-murphy-everlasting-colour-wash\/","title":{"rendered":"Kevin Murphy &#8211; EVERLASTING.COLOUR &#8211; Wash &#8211; 250ml"},"content":{"rendered":"<p>Gardez vos cheveux color\u00e9s au meilleur de leur forme avec notre shampooing Colour Protect. Cette formule pH \u00e9quilibr\u00e9e et sans sulfate nettoie d\u00e9licatement vos cheveux tout en scellant la cuticule pour un \u00e9clat radieux. Elle aide \u00e0 conserver la couleur de vos cheveux tout en prot\u00e9geant vos m\u00e8ches de l&#8217;accumulation de min\u00e9raux d&#8217;eau dure, garantissant ainsi que vos cheveux ont toujours l&#8217;air brillants.<\/p>\n<p>Notre shampooing Colour Protect est dot\u00e9 d&#8217;une technologie de scellement du pH qui fonctionne en refermant la cuticule et en bloquant la couleur, assurant ainsi une plus grande dur\u00e9e de vie de la couleur. Avec son action nettoyante douce et ses propri\u00e9t\u00e9s protectrices, ce shampooing est parfait pour maintenir la vibrance de vos cheveux color\u00e9s, les laissant sains et brillants.<\/p>\n<p>Alors, si vous voulez garder vos cheveux au meilleur de leur forme, essayez notre shampooing Colour Protect. C&#8217;est le moyen id\u00e9al de conserver la couleur de vos cheveux et de prot\u00e9ger vos m\u00e8ches contre les dommages, garantissant ainsi que vos cheveux ont toujours l&#8217;air radieux et brillants.<\/p>\n","protected":false},"excerpt":{"rendered":"<p>SHAMPOOING PROTECTEUR DE COULEUR AVEC TECHNOLOGIE DE SCELLAGE pH<\/p>\n","protected":false},"featured_media":16294,"comment_status":"open","ping_status":"closed","template":"","meta":{"_glsr_average":0,"_glsr_ranking":0,"_glsr_reviews":0},"product_brand":[902],"product_cat":[614],"product_tag":[677],"class_list":{"0":"post-17877","1":"product","2":"type-product","3":"status-publish","4":"has-post-thumbnail","6":"product_brand-kevin-murphy","7":"product_cat-shampooing","8":"product_tag-kevin-murphy-fr","9":"_wholesalex wsx-wholesalex-product","11":"first","12":"outofstock","13":"taxable","14":"shipping-taxable","15":"purchasable","16":"product-type-simple"},"jetpack_sharing_enabled":true,"_links":{"self":[{"href":"https:\/\/naturalook.shop\/fr\/wp-json\/wp\/v2\/product\/17877","targetHints":{"allow":["GET"]}}],"collection":[{"href":"https:\/\/naturalook.shop\/fr\/wp-json\/wp\/v2\/product"}],"about":[{"href":"https:\/\/naturalook.shop\/fr\/wp-json\/wp\/v2\/types\/product"}],"replies":[{"embeddable":true,"href":"https:\/\/naturalook.shop\/fr\/wp-json\/wp\/v2\/comments?post=17877"}],"version-history":[{"count":1,"href":"https:\/\/naturalook.shop\/fr\/wp-json\/wp\/v2\/product\/17877\/revisions"}],"predecessor-version":[{"id":34220,"href":"https:\/\/naturalook.shop\/fr\/wp-json\/wp\/v2\/product\/17877\/revisions\/34220"}],"wp:featuredmedia":[{"embeddable":true,"href":"https:\/\/naturalook.shop\/fr\/wp-json\/wp\/v2\/media\/16294"}],"wp:attachment":[{"href":"https:\/\/naturalook.shop\/fr\/wp-json\/wp\/v2\/media?parent=17877"}],"wp:term":[{"taxonomy":"product_brand","embeddable":true,"href":"https:\/\/naturalook.shop\/fr\/wp-json\/wp\/v2\/product_brand?post=17877"},{"taxonomy":"product_cat","embeddable":true,"href":"https:\/\/naturalook.shop\/fr\/wp-json\/wp\/v2\/product_cat?post=17877"},{"taxonomy":"product_tag","embeddable":true,"href":"https:\/\/naturalook.shop\/fr\/wp-json\/wp\/v2\/product_tag?post=17877"}],"curies":[{"name":"wp","href":"https:\/\/api.w.org\/{rel}","templated":true}]}}