{"id":17878,"date":"2023-02-09T23:21:00","date_gmt":"2023-02-10T04:21:00","guid":{"rendered":"https:\/\/naturalook.shop\/product\/kevin-murphy-scalp-spa-serum\/"},"modified":"2025-10-23T22:21:28","modified_gmt":"2025-10-24T02:21:28","slug":"kevin-murphy-scalp-spa-serum","status":"publish","type":"product","link":"https:\/\/naturalook.shop\/fr\/produit\/kevin-murphy-scalp-spa-serum\/","title":{"rendered":"Kevin Murphy &#8211; SCALP.SPA &#8211; Serum &#8211; 45ml"},"content":{"rendered":"<p>D\u00e9tendez et r\u00e9g\u00e9n\u00e9rez votre cuir chevelu avec notre SERUM SCALP.SPA. Ce traitement apaisant et \u00e9quilibrant cibl\u00e9 offre un soulagement instantan\u00e9 pour le cuir chevelu irrit\u00e9, sec ou qui d\u00e9mange, vous laissant une sensation de fra\u00eecheur et de revitalisation.<\/p>\n<p>Notre traitement sans rin\u00e7age, l\u00e9ger et \u00e0 absorption rapide est parfait pour promouvoir la meilleure sant\u00e9 du cuir chevelu. La formule soyeuse est enrichie d&#8217;extrait de graines de c\u00e9leri pour aider \u00e0 apaiser et \u00e0 hydrater, tandis que les huiles de fleur de rose et de lavande aident \u00e0 calmer, nourrir et restaurer l&#8217;\u00e9quilibre de votre cuir chevelu.<\/p>\n<p>Que vous souhaitiez le masser sur tout votre cuir chevelu ou cibler des zones sp\u00e9cifiques qui en ont le plus besoin, notre SERUM SCALP.SPA est con\u00e7u pour transformer votre cuir chevelu de mal en merveilleux. Alors, pourquoi attendre ? Ajoutez ce s\u00e9rum \u00e0 votre routine de spa et profitez de l&#8217;ultime bien-\u00eatre du cuir chevelu.<\/p>\n","protected":false},"excerpt":{"rendered":"<p>TRAITEMENT APAISANT \u00c0 LAISSER SUR LE CUIR CHEVELU<\/p>\n","protected":false},"featured_media":16302,"comment_status":"open","ping_status":"closed","template":"","meta":{"_glsr_average":0,"_glsr_ranking":0,"_glsr_reviews":0},"product_brand":[902],"product_cat":[612,616],"product_tag":[677],"class_list":{"0":"post-17878","1":"product","2":"type-product","3":"status-publish","4":"has-post-thumbnail","6":"product_brand-kevin-murphy","7":"product_cat-leave-in-fr","8":"product_cat-traitement","9":"product_tag-kevin-murphy-fr","10":"_wholesalex wsx-wholesalex-product","12":"first","13":"outofstock","14":"taxable","15":"shipping-taxable","16":"purchasable","17":"product-type-simple"},"jetpack_sharing_enabled":true,"_links":{"self":[{"href":"https:\/\/naturalook.shop\/fr\/wp-json\/wp\/v2\/product\/17878","targetHints":{"allow":["GET"]}}],"collection":[{"href":"https:\/\/naturalook.shop\/fr\/wp-json\/wp\/v2\/product"}],"about":[{"href":"https:\/\/naturalook.shop\/fr\/wp-json\/wp\/v2\/types\/product"}],"replies":[{"embeddable":true,"href":"https:\/\/naturalook.shop\/fr\/wp-json\/wp\/v2\/comments?post=17878"}],"version-history":[{"count":1,"href":"https:\/\/naturalook.shop\/fr\/wp-json\/wp\/v2\/product\/17878\/revisions"}],"predecessor-version":[{"id":34221,"href":"https:\/\/naturalook.shop\/fr\/wp-json\/wp\/v2\/product\/17878\/revisions\/34221"}],"wp:featuredmedia":[{"embeddable":true,"href":"https:\/\/naturalook.shop\/fr\/wp-json\/wp\/v2\/media\/16302"}],"wp:attachment":[{"href":"https:\/\/naturalook.shop\/fr\/wp-json\/wp\/v2\/media?parent=17878"}],"wp:term":[{"taxonomy":"product_brand","embeddable":true,"href":"https:\/\/naturalook.shop\/fr\/wp-json\/wp\/v2\/product_brand?post=17878"},{"taxonomy":"product_cat","embeddable":true,"href":"https:\/\/naturalook.shop\/fr\/wp-json\/wp\/v2\/product_cat?post=17878"},{"taxonomy":"product_tag","embeddable":true,"href":"https:\/\/naturalook.shop\/fr\/wp-json\/wp\/v2\/product_tag?post=17878"}],"curies":[{"name":"wp","href":"https:\/\/api.w.org\/{rel}","templated":true}]}}