{"id":17879,"date":"2023-02-09T23:21:00","date_gmt":"2023-02-10T04:21:00","guid":{"rendered":"https:\/\/naturalook.shop\/product\/kevin-murphy-scalp-spa-treatment\/"},"modified":"2025-10-23T22:21:29","modified_gmt":"2025-10-24T02:21:29","slug":"kevin-murphy-scalp-spa-treatment","status":"publish","type":"product","link":"https:\/\/naturalook.shop\/fr\/produit\/kevin-murphy-scalp-spa-treatment\/","title":{"rendered":"Kevin Murphy &#8211; SCALP.SPA &#8211; Treatment &#8211; 170ml"},"content":{"rendered":"<p>Offrez \u00e0 votre cuir chevelu l&#8217;exp\u00e9rience spa ultime avec notre traitement SCALP.SPA riche et luxueux. Ce masque moussant concentr\u00e9 est con\u00e7u pour apaiser et nourrir votre cuir chevelu, le laissant frais et revitalis\u00e9.<\/p>\n<p>Notre traitement SCALP.SPA est infus\u00e9 d&#8217;acide hyaluronique qui aime la peau et offre une hydratation en scellant l&#8217;humidit\u00e9. Les extraits de racine de carotte et de graines de c\u00e9leri aident \u00e0 \u00e9liminer les impuret\u00e9s et l&#8217;exc\u00e8s de s\u00e9bum tout en conditionnant votre cuir chevelu pour qu&#8217;il reste \u00e9quilibr\u00e9 et calme.<\/p>\n<p>Avec une utilisation r\u00e9guli\u00e8re, notre traitement aide \u00e0 soulager un cuir chevelu sensible et \u00e0 le nourrir pour le r\u00e9tablir en sant\u00e9. Ajoutez-le \u00e0 votre routine d&#8217;auto-soin une fois par semaine pour un cuir chevelu plus heureux et une croissance des cheveux plus saine. N&#8217;attendez plus, chouchoutez votre cuir chevelu avec notre traitement SCALP.SPA et accordez \u00e0 vos cheveux l&#8217;attention qu&#8217;ils m\u00e9ritent.<\/p>\n","protected":false},"excerpt":{"rendered":"<p>MASQUE MOUSSANT APAISANT<\/p>\n","protected":false},"featured_media":16306,"comment_status":"open","ping_status":"closed","template":"","meta":{"_glsr_average":0,"_glsr_ranking":0,"_glsr_reviews":0},"product_brand":[902],"product_cat":[616],"product_tag":[677],"class_list":{"0":"post-17879","1":"product","2":"type-product","3":"status-publish","4":"has-post-thumbnail","6":"product_brand-kevin-murphy","7":"product_cat-traitement","8":"product_tag-kevin-murphy-fr","9":"_wholesalex wsx-wholesalex-product","11":"first","12":"outofstock","13":"taxable","14":"shipping-taxable","15":"purchasable","16":"product-type-simple"},"jetpack_sharing_enabled":true,"_links":{"self":[{"href":"https:\/\/naturalook.shop\/fr\/wp-json\/wp\/v2\/product\/17879","targetHints":{"allow":["GET"]}}],"collection":[{"href":"https:\/\/naturalook.shop\/fr\/wp-json\/wp\/v2\/product"}],"about":[{"href":"https:\/\/naturalook.shop\/fr\/wp-json\/wp\/v2\/types\/product"}],"replies":[{"embeddable":true,"href":"https:\/\/naturalook.shop\/fr\/wp-json\/wp\/v2\/comments?post=17879"}],"version-history":[{"count":1,"href":"https:\/\/naturalook.shop\/fr\/wp-json\/wp\/v2\/product\/17879\/revisions"}],"predecessor-version":[{"id":34222,"href":"https:\/\/naturalook.shop\/fr\/wp-json\/wp\/v2\/product\/17879\/revisions\/34222"}],"wp:featuredmedia":[{"embeddable":true,"href":"https:\/\/naturalook.shop\/fr\/wp-json\/wp\/v2\/media\/16306"}],"wp:attachment":[{"href":"https:\/\/naturalook.shop\/fr\/wp-json\/wp\/v2\/media?parent=17879"}],"wp:term":[{"taxonomy":"product_brand","embeddable":true,"href":"https:\/\/naturalook.shop\/fr\/wp-json\/wp\/v2\/product_brand?post=17879"},{"taxonomy":"product_cat","embeddable":true,"href":"https:\/\/naturalook.shop\/fr\/wp-json\/wp\/v2\/product_cat?post=17879"},{"taxonomy":"product_tag","embeddable":true,"href":"https:\/\/naturalook.shop\/fr\/wp-json\/wp\/v2\/product_tag?post=17879"}],"curies":[{"name":"wp","href":"https:\/\/api.w.org\/{rel}","templated":true}]}}