{"id":17880,"date":"2023-02-09T23:21:38","date_gmt":"2023-02-10T04:21:38","guid":{"rendered":"https:\/\/naturalook.shop\/product\/kevin-murphy-scalp-spa-scrub\/"},"modified":"2025-10-23T22:21:25","modified_gmt":"2025-10-24T02:21:25","slug":"kevin-murphy-scalp-spa-scrub","status":"publish","type":"product","link":"https:\/\/naturalook.shop\/fr\/produit\/kevin-murphy-scalp-spa-scrub\/","title":{"rendered":"Kevin Murphy &#8211; SCALP.SPA &#8211; Scrub &#8211; 180ml"},"content":{"rendered":"<p>Offrez \u00e0 votre cuir chevelu une exp\u00e9rience digne d&#8217;un spa avec notre exfoliant purifiant pr\u00e9-shampooing pour le cuir chevelu. Ce gommage luxueux et unique est con\u00e7u pour laisser votre cuir chevelu et vos follicules pileux frais et revitalis\u00e9s.<\/p>\n<p>Notre gommage contient du Perlite, une roche volcanique taill\u00e9e en sph\u00e8res parfaites pour exfolier en douceur les impuret\u00e9s de votre cuir chevelu et de vos cheveux. L&#8217;eau micellaire et l&#8217;extrait de graines de c\u00e9leri travaillent ensemble pour \u00e9liminer l&#8217;exc\u00e8s de s\u00e9bum et hydrater votre cuir chevelu pour une sensation apaisante et \u00e9quilibr\u00e9e.<\/p>\n<p>Mais ce n&#8217;est pas tout &#8211; ce gommage polyvalent peut \u00e9galement \u00eatre utilis\u00e9 comme gommage pour le corps pour laisser votre peau douce et lisse. Alors pourquoi ne pas vous offrir le summum de la d\u00e9tente de la t\u00eate aux pieds avec notre exfoliant pour le cuir chevelu. Votre cuir chevelu et votre corps vous remercieront !<\/p>\n","protected":false},"excerpt":{"rendered":"<p>EXFOLIANT PR\u00c9-LAVAGE PURIFIANT POUR LE CUIR CHEVELU<\/p>\n","protected":false},"featured_media":16310,"comment_status":"open","ping_status":"closed","template":"","meta":{"_glsr_average":0,"_glsr_ranking":0,"_glsr_reviews":0},"product_brand":[902],"product_cat":[83],"product_tag":[677],"class_list":{"0":"post-17880","1":"product","2":"type-product","3":"status-publish","4":"has-post-thumbnail","6":"product_brand-kevin-murphy","7":"product_cat-soins-a-domicile","8":"product_tag-kevin-murphy-fr","9":"_wholesalex wsx-wholesalex-product","11":"first","12":"outofstock","13":"taxable","14":"shipping-taxable","15":"purchasable","16":"product-type-simple"},"jetpack_sharing_enabled":true,"_links":{"self":[{"href":"https:\/\/naturalook.shop\/fr\/wp-json\/wp\/v2\/product\/17880","targetHints":{"allow":["GET"]}}],"collection":[{"href":"https:\/\/naturalook.shop\/fr\/wp-json\/wp\/v2\/product"}],"about":[{"href":"https:\/\/naturalook.shop\/fr\/wp-json\/wp\/v2\/types\/product"}],"replies":[{"embeddable":true,"href":"https:\/\/naturalook.shop\/fr\/wp-json\/wp\/v2\/comments?post=17880"}],"version-history":[{"count":1,"href":"https:\/\/naturalook.shop\/fr\/wp-json\/wp\/v2\/product\/17880\/revisions"}],"predecessor-version":[{"id":34209,"href":"https:\/\/naturalook.shop\/fr\/wp-json\/wp\/v2\/product\/17880\/revisions\/34209"}],"wp:featuredmedia":[{"embeddable":true,"href":"https:\/\/naturalook.shop\/fr\/wp-json\/wp\/v2\/media\/16310"}],"wp:attachment":[{"href":"https:\/\/naturalook.shop\/fr\/wp-json\/wp\/v2\/media?parent=17880"}],"wp:term":[{"taxonomy":"product_brand","embeddable":true,"href":"https:\/\/naturalook.shop\/fr\/wp-json\/wp\/v2\/product_brand?post=17880"},{"taxonomy":"product_cat","embeddable":true,"href":"https:\/\/naturalook.shop\/fr\/wp-json\/wp\/v2\/product_cat?post=17880"},{"taxonomy":"product_tag","embeddable":true,"href":"https:\/\/naturalook.shop\/fr\/wp-json\/wp\/v2\/product_tag?post=17880"}],"curies":[{"name":"wp","href":"https:\/\/api.w.org\/{rel}","templated":true}]}}