{"id":17881,"date":"2023-02-09T23:21:35","date_gmt":"2023-02-10T04:21:35","guid":{"rendered":"https:\/\/naturalook.shop\/product\/kevin-murphy-love-is-in-the-hair\/"},"modified":"2025-10-23T22:21:26","modified_gmt":"2025-10-24T02:21:26","slug":"kevin-murphy-love-is-in-the-hair","status":"publish","type":"product","link":"https:\/\/naturalook.shop\/fr\/produit\/kevin-murphy-love-is-in-the-hair\/","title":{"rendered":"Kevin Murphy &#8211; LOVE IS IN THE HAIR"},"content":{"rendered":"<p>Pourquoi attendre la Saint-Valentin pour montrer de l&#8217;amour \u00e0 vos cheveux? Ce mois de f\u00e9vrier, offrez \u00e0 vos cheveux notre ensemble de soins capillaires YOUNG.AGAIN en \u00e9dition limit\u00e9e &#8211; la solution ultime pour les cheveux expos\u00e9s \u00e0 la sur-stylisation, \u00e0 la chaleur et au vieillissement.<\/p>\n<p>Comprenant un trio de produits de notre gamme YOUNG.AGAIN \u00e0 succ\u00e8s, cet ensemble est sp\u00e9cialement con\u00e7u pour r\u00e9approvisionner, raviver et rajeunir vos cheveux, les laissant au meilleur de leur forme. Notre shampooing YOUNG.AGAIN.WASH est infus\u00e9 d&#8217;immortelle et de baobab pour adoucir et r\u00e9approvisionner, tandis que notre revitalisant YOUNG.AGAIN.RINSE s&#8217;attaque \u00e0 la s\u00e9cheresse, aux frisottis et aux dommages.<\/p>\n<p>Mais ce n&#8217;est pas tout &#8211; le spray sans rin\u00e7age ultra-nourrissant YOUNG.AGAIN treatment oil conditionne en profondeur vos cheveux, favorisant la brillance, la luminosit\u00e9 et une croissance saine. Avec cet ensemble, vous pouvez profiter de l&#8217;ultime soin capillaire et offrir \u00e0 vos cheveux la nourriture dont ils ont besoin pour s&#8217;\u00e9panouir.<\/p>\n<p>Alors pourquoi attendre? Offrez-vous ou offrez \u00e0 un \u00eatre cher notre ensemble de soins capillaires YOUNG.AGAIN incontournable ce mois de f\u00e9vrier et montrez de l&#8217;amour \u00e0 vos cheveux.<\/p>\n<h3>Contient:<\/h3>\n<ul>\n<li><a href=\"https:\/\/naturalook.shop\/product\/young-again-wash-shampooing-250ml\/\">Kevin Murphy YOUNG.AGAIN.WASH <\/a>&#8211; 250ml<\/li>\n<li><a href=\"https:\/\/naturalook.shop\/product\/young-again-rinse-conditioner-250ml\/\">Kevin Murphy YOUNG.AGAIN.RINSE<\/a> &#8211; 250ml<\/li>\n<li><a href=\"https:\/\/naturalook.shop\/product\/young-again-treatment-100ml\/\">Kevin Murphy YOUNG.AGAIN<\/a> &#8211; 100ml<\/li>\n<\/ul>\n<h3>Principaux avantages:<\/h3>\n<ul>\n<li>Ensemble de valeur en \u00e9dition limit\u00e9e<\/li>\n<li>Contient un YOUNG.AGAIN<\/li>\n<li>Id\u00e9al pour les cheveux secs, ab\u00eem\u00e9s et vieillissants<\/li>\n<li>Adoucit, rajeunit, r\u00e9approvisionne et ravive<\/li>\n<li>Contient de l&#8217;immortelle et du baobab pour adoucir et conditionner en profondeur<\/li>\n<li>Contient un WASH, un RINSE et un TREATMENT<\/li>\n<li>Fait un excellent cadeau<\/li>\n<\/ul>\n","protected":false},"excerpt":{"rendered":"<p>ID\u00c9AL POUR LES TYPES DE CHEVEUX SECS, AB\u00ceM\u00c9S ET VIEILLISSANTS<\/p>\n","protected":false},"featured_media":16710,"comment_status":"open","ping_status":"closed","template":"","meta":{"_glsr_average":0,"_glsr_ranking":0,"_glsr_reviews":0},"product_brand":[902],"product_cat":[83,611],"product_tag":[677],"class_list":{"0":"post-17881","1":"product","2":"type-product","3":"status-publish","4":"has-post-thumbnail","6":"product_brand-kevin-murphy","7":"product_cat-soins-a-domicile","8":"product_cat-ensembles-cadeaux","9":"product_tag-kevin-murphy-fr","10":"_wholesalex wsx-wholesalex-product","12":"first","13":"outofstock","14":"taxable","15":"shipping-taxable","16":"purchasable","17":"product-type-simple"},"jetpack_sharing_enabled":true,"_links":{"self":[{"href":"https:\/\/naturalook.shop\/fr\/wp-json\/wp\/v2\/product\/17881","targetHints":{"allow":["GET"]}}],"collection":[{"href":"https:\/\/naturalook.shop\/fr\/wp-json\/wp\/v2\/product"}],"about":[{"href":"https:\/\/naturalook.shop\/fr\/wp-json\/wp\/v2\/types\/product"}],"replies":[{"embeddable":true,"href":"https:\/\/naturalook.shop\/fr\/wp-json\/wp\/v2\/comments?post=17881"}],"version-history":[{"count":1,"href":"https:\/\/naturalook.shop\/fr\/wp-json\/wp\/v2\/product\/17881\/revisions"}],"predecessor-version":[{"id":34212,"href":"https:\/\/naturalook.shop\/fr\/wp-json\/wp\/v2\/product\/17881\/revisions\/34212"}],"wp:featuredmedia":[{"embeddable":true,"href":"https:\/\/naturalook.shop\/fr\/wp-json\/wp\/v2\/media\/16710"}],"wp:attachment":[{"href":"https:\/\/naturalook.shop\/fr\/wp-json\/wp\/v2\/media?parent=17881"}],"wp:term":[{"taxonomy":"product_brand","embeddable":true,"href":"https:\/\/naturalook.shop\/fr\/wp-json\/wp\/v2\/product_brand?post=17881"},{"taxonomy":"product_cat","embeddable":true,"href":"https:\/\/naturalook.shop\/fr\/wp-json\/wp\/v2\/product_cat?post=17881"},{"taxonomy":"product_tag","embeddable":true,"href":"https:\/\/naturalook.shop\/fr\/wp-json\/wp\/v2\/product_tag?post=17881"}],"curies":[{"name":"wp","href":"https:\/\/api.w.org\/{rel}","templated":true}]}}