{"id":17882,"date":"2023-02-09T23:21:00","date_gmt":"2023-02-10T04:21:00","guid":{"rendered":"https:\/\/naturalook.shop\/product\/kevin-murphy-sugared-angel-treatment\/"},"modified":"2025-10-23T22:21:29","modified_gmt":"2025-10-24T02:21:29","slug":"kevin-murphy-sugared-angel-treatment","status":"publish","type":"product","link":"https:\/\/naturalook.shop\/fr\/produit\/kevin-murphy-sugared-angel-treatment\/","title":{"rendered":"Kevin Murphy &#8211; SUGARED.ANGEL &#8211; Treatment &#8211; 250ml"},"content":{"rendered":"<h3>SUGARED.ANGEL est une solution r\u00e9volutionnaire de soins capillaires adapt\u00e9e \u00e0 tous les types de cheveux.<\/h3>\n<p>Non seulement elle aide \u00e0 am\u00e9liorer l&#8217;\u00e9tat g\u00e9n\u00e9ral de vos cheveux, mais elle leur conf\u00e8re \u00e9galement une superbe brillance lustr\u00e9e et offre une large gamme de solutions tonales. Les pigments uniques ont \u00e9t\u00e9 soigneusement s\u00e9lectionn\u00e9s pour am\u00e9liorer les tons existants de vos cheveux, neutraliser tous les tons ind\u00e9sirables et am\u00e9liorer la long\u00e9vit\u00e9 de votre couleur, sans causer de d\u00e9p\u00f4ts sur vos cheveux.<\/p>\n<p>Avec cette famille de quatre traitements de couleur, vous pouvez transformer vos cheveux en une \u0153uvre d&#8217;art de couleur qui semble incroyable et se sent merveilleusement bien. Que vous cherchiez \u00e0 \u00e9claircir vos m\u00e8ches, \u00e0 am\u00e9liorer la couleur naturelle de vos cheveux ou \u00e0 neutraliser les tons cuivr\u00e9s, SUGARED.ANGEL est la solution ultime pour tous vos besoins de coloration capillaire. Essayez-le aujourd&#8217;hui et d\u00e9couvrez la diff\u00e9rence!<\/p>\n<h3>Traitement de brillance am\u00e9liorant la couleur beige cr\u00e9meux SUGARED.ANGEL:<\/h3>\n<ul>\n<li>Infus\u00e9 avec des pigments de couleur pour am\u00e9liorer les tons naturels et neutraliser les tons ind\u00e9sirables<\/li>\n<li>Fournit une brillance illuminante pour une finition brillante<\/li>\n<li>Nourrit et hydrate les cheveux pour am\u00e9liorer leur \u00e9tat g\u00e9n\u00e9ral<\/li>\n<li>Prot\u00e8ge les cheveux des dommages<\/li>\n<li>Sans sulfate et sans parab\u00e8ne pour une formule douce et non irritante<\/li>\n<\/ul>\n<h3>Mode d&#8217;emploi:<\/h3>\n<ol>\n<li>Mouillez les cheveux et lavez-les comme d&#8217;habitude<\/li>\n<li>Appliquez le traitement SUGARED.ANGEL et r\u00e9partissez-le uniform\u00e9ment sur les cheveux<\/li>\n<li>Laissez le traitement absorber pendant 3 \u00e0 5 minutes<\/li>\n<li>Rincez abondamment<\/li>\n<\/ol>\n","protected":false},"excerpt":{"rendered":"<p>TONE ET AM\u00c9LIORER<\/p>\n","protected":false},"featured_media":16757,"comment_status":"open","ping_status":"closed","template":"","meta":{"_glsr_average":0,"_glsr_ranking":0,"_glsr_reviews":0},"product_brand":[902],"product_cat":[616],"product_tag":[677],"class_list":{"0":"post-17882","1":"product","2":"type-product","3":"status-publish","4":"has-post-thumbnail","6":"product_brand-kevin-murphy","7":"product_cat-traitement","8":"product_tag-kevin-murphy-fr","9":"_wholesalex wsx-wholesalex-product","11":"first","12":"outofstock","13":"taxable","14":"shipping-taxable","15":"purchasable","16":"product-type-simple"},"jetpack_sharing_enabled":true,"_links":{"self":[{"href":"https:\/\/naturalook.shop\/fr\/wp-json\/wp\/v2\/product\/17882","targetHints":{"allow":["GET"]}}],"collection":[{"href":"https:\/\/naturalook.shop\/fr\/wp-json\/wp\/v2\/product"}],"about":[{"href":"https:\/\/naturalook.shop\/fr\/wp-json\/wp\/v2\/types\/product"}],"replies":[{"embeddable":true,"href":"https:\/\/naturalook.shop\/fr\/wp-json\/wp\/v2\/comments?post=17882"}],"version-history":[{"count":1,"href":"https:\/\/naturalook.shop\/fr\/wp-json\/wp\/v2\/product\/17882\/revisions"}],"predecessor-version":[{"id":34223,"href":"https:\/\/naturalook.shop\/fr\/wp-json\/wp\/v2\/product\/17882\/revisions\/34223"}],"wp:featuredmedia":[{"embeddable":true,"href":"https:\/\/naturalook.shop\/fr\/wp-json\/wp\/v2\/media\/16757"}],"wp:attachment":[{"href":"https:\/\/naturalook.shop\/fr\/wp-json\/wp\/v2\/media?parent=17882"}],"wp:term":[{"taxonomy":"product_brand","embeddable":true,"href":"https:\/\/naturalook.shop\/fr\/wp-json\/wp\/v2\/product_brand?post=17882"},{"taxonomy":"product_cat","embeddable":true,"href":"https:\/\/naturalook.shop\/fr\/wp-json\/wp\/v2\/product_cat?post=17882"},{"taxonomy":"product_tag","embeddable":true,"href":"https:\/\/naturalook.shop\/fr\/wp-json\/wp\/v2\/product_tag?post=17882"}],"curies":[{"name":"wp","href":"https:\/\/api.w.org\/{rel}","templated":true}]}}