{"id":17883,"date":"2023-02-09T23:21:18","date_gmt":"2023-02-10T04:21:18","guid":{"rendered":"https:\/\/naturalook.shop\/product\/seamless-clip-in-hair-extensions-22\/"},"modified":"2026-02-16T17:00:27","modified_gmt":"2026-02-16T22:00:27","slug":"seamless-clip-in-hair-extensions-22","status":"publish","type":"product","link":"https:\/\/naturalook.shop\/fr\/produit\/seamless-clip-in-hair-extensions-22\/","title":{"rendered":"SEAMLESS CLIP-IN HAIR EXTENSIONS &#8211; 22 INCHES"},"content":{"rendered":"<p>Si vous avez les cheveux fins et que vous avez du mal \u00e0 cacher les extensions clip-in traditionnelles, nos extensions <strong>clip-in sans couture<\/strong> sont la solution parfaite pour ajouter du volume et de la longueur. Notre derni\u00e8re technologie utilise des bandes de silicone qui se couchent \u00e0 plat contre le cuir chevelu et sont invisibles \u00e0 l&#8217;\u0153il. Les cheveux sont fix\u00e9s aux fines bandes de silicone, ce qui garde vos cheveux sans dommage et sans emm\u00ealement, en vous offrant un r\u00e9sultat naturel. Veuillez noter que les couleurs peuvent varier en raison des param\u00e8tres du moniteur et que les nuances peuvent sembler plus fonc\u00e9es ou plus claires sur l&#8217;\u00e9cran que dans la r\u00e9alit\u00e9. Chez <strong>Naturalook Hair Extensions<\/strong>, nous utilisons les cheveux les plus fins et les plus doux de qualit\u00e9 sup\u00e9rieure, 100% Remy Human Russian, qui se marient parfaitement avec vos cheveux naturels.<\/p>\n<h3>Principaux avantages :<\/h3>\n<ul>\n<li>Fabriqu\u00e9 avec des cheveux luxueux 100% Remy human Russian pour un aspect et une sensation naturels.<\/li>\n<li>Comporte une bande de silicone plus l\u00e9g\u00e8re et plus douce qui est plus confortable que les clips traditionnels.<\/li>\n<li>Chaque m\u00e8che de cheveux est fix\u00e9e \u00e0 la bande de silicone pour r\u00e9duire les pertes et les emm\u00ealements, et prolonger la dur\u00e9e de vie des extensions.<\/li>\n<li>50% plus fin en haut avec une bande invisible qui se pose tr\u00e8s plat sur la t\u00eate pour un look sans couture.<\/li>\n<li>Doublement tir\u00e9 pour \u00eatre \u00e9pais de la racine \u00e0 la pointe, pour un maximum de volume et de longueur.<\/li>\n<li>R\u00e9sistant \u00e0 la chaleur et aux couleurs pour garantir que les extensions peuvent \u00eatre stylis\u00e9es pour correspondre parfaitement \u00e0 vos cheveux.<\/li>\n<\/ul>\n<h3>L&#8217;ensemble comprend 7 pi\u00e8ces clip-in de diff\u00e9rentes largeurs pour une personnalisation facile :<\/h3>\n<ul>\n<li>Deux pi\u00e8ces de 3&#8243; avec 2 clips<\/li>\n<li>Trois pi\u00e8ces de 5&#8243; avec 3 clips<\/li>\n<li>Deux pi\u00e8ces de 6&#8243; avec 2 clips<\/li>\n<li>Poids : 120g<\/li>\n<li>Style : Droit<\/li>\n<li>Longueur : 22&#8243;<\/li>\n<\/ul>\n<p><span style=\"color: #ff0000;\"><em>**Veuillez noter que les couleurs de nos produits peuvent varier l\u00e9g\u00e8rement en raison des param\u00e8tres du moniteur et que les nuances peuvent sembler l\u00e9g\u00e8rement plus fonc\u00e9es ou plus claires sur l&#8217;\u00e9cran que dans la r\u00e9alit\u00e9.<\/em><\/span><\/p>\n","protected":false},"excerpt":{"rendered":"<p>SOLUTION PARFAITE POUR AJOUTER DU VOLUME ET DE LA LONGUEUR<\/p>\n","protected":false},"featured_media":17467,"comment_status":"open","ping_status":"closed","template":"","meta":{"_glsr_average":0,"_glsr_ranking":0,"_glsr_reviews":0},"product_brand":[905],"product_cat":[605,604],"product_tag":[],"class_list":{"0":"post-17883","1":"product","2":"type-product","3":"status-publish","4":"has-post-thumbnail","6":"product_brand-naturalook-extensions","7":"product_cat-extensions-capillaires","8":"product_cat-seamless-clip-ins-fr","9":"_wholesalex wsx-wholesalex-product","11":"first","12":"instock","13":"taxable","14":"shipping-taxable","15":"purchasable","16":"product-type-variable","17":"has-default-attributes"},"jetpack_sharing_enabled":true,"_links":{"self":[{"href":"https:\/\/naturalook.shop\/fr\/wp-json\/wp\/v2\/product\/17883","targetHints":{"allow":["GET"]}}],"collection":[{"href":"https:\/\/naturalook.shop\/fr\/wp-json\/wp\/v2\/product"}],"about":[{"href":"https:\/\/naturalook.shop\/fr\/wp-json\/wp\/v2\/types\/product"}],"replies":[{"embeddable":true,"href":"https:\/\/naturalook.shop\/fr\/wp-json\/wp\/v2\/comments?post=17883"}],"version-history":[{"count":1,"href":"https:\/\/naturalook.shop\/fr\/wp-json\/wp\/v2\/product\/17883\/revisions"}],"predecessor-version":[{"id":34355,"href":"https:\/\/naturalook.shop\/fr\/wp-json\/wp\/v2\/product\/17883\/revisions\/34355"}],"wp:featuredmedia":[{"embeddable":true,"href":"https:\/\/naturalook.shop\/fr\/wp-json\/wp\/v2\/media\/17467"}],"wp:attachment":[{"href":"https:\/\/naturalook.shop\/fr\/wp-json\/wp\/v2\/media?parent=17883"}],"wp:term":[{"taxonomy":"product_brand","embeddable":true,"href":"https:\/\/naturalook.shop\/fr\/wp-json\/wp\/v2\/product_brand?post=17883"},{"taxonomy":"product_cat","embeddable":true,"href":"https:\/\/naturalook.shop\/fr\/wp-json\/wp\/v2\/product_cat?post=17883"},{"taxonomy":"product_tag","embeddable":true,"href":"https:\/\/naturalook.shop\/fr\/wp-json\/wp\/v2\/product_tag?post=17883"}],"curies":[{"name":"wp","href":"https:\/\/api.w.org\/{rel}","templated":true}]}}