{"id":17897,"date":"2023-02-09T23:21:00","date_gmt":"2023-02-10T04:21:00","guid":{"rendered":"https:\/\/naturalook.shop\/product\/kevin-murphy-night-rider-paste\/"},"modified":"2025-10-23T22:21:29","modified_gmt":"2025-10-24T02:21:29","slug":"kevin-murphy-night-rider-paste","status":"publish","type":"product","link":"https:\/\/naturalook.shop\/fr\/produit\/kevin-murphy-night-rider-paste\/","title":{"rendered":"Kevin Murphy &#8211; NIGHT.RIDER &#8211; Paste 100g"},"content":{"rendered":"<p>Pr\u00e9parez-vous \u00e0 \u00e9lever votre coiffure au niveau sup\u00e9rieur avec NIGHT.RIDER, la p\u00e2te \u00e0 modeler la plus forte et la plus r\u00e9sistante de notre gamme. Que vous arboriez une coupe courte et \u00e9bouriff\u00e9e ou que vous cherchiez simplement une texture rugueuse et mate, NIGHT.RIDER offre une tenue forte qui durera toute la nuit.<\/p>\n<p>Formul\u00e9e avec de la cire d&#8217;abeille naturelle, cette p\u00e2te aide \u00e0 modeler et fixer vos cheveux tout en scellant l&#8217;hydratation pour \u00e9viter la casse. Mais ne prenez pas trop de temps \u00e0 travailler vos cheveux, car elle commence \u00e0 prendre au contact.<\/p>\n<p>Alors, attachez vos ceintures et tenez-vous pr\u00eat pour une aventure folle, car avec NIGHT.RIDER, vous \u00eates sur le point de vivre une exp\u00e9rience unique. Dites adieu aux cheveux qui tombent plats apr\u00e8s quelques heures et bonjour \u00e0 la tenue forte et textur\u00e9e dont vous r\u00eavez.<\/p>\n","protected":false},"excerpt":{"rendered":"<p>P\u00c2TE MATTE, TEXTURE ET D\u00c9FINITION<\/p>\n","protected":false},"featured_media":16314,"comment_status":"open","ping_status":"closed","template":"","meta":{"_glsr_average":0,"_glsr_ranking":0,"_glsr_reviews":0},"product_brand":[902],"product_cat":[615],"product_tag":[677],"class_list":{"0":"post-17897","1":"product","2":"type-product","3":"status-publish","4":"has-post-thumbnail","6":"product_brand-kevin-murphy","7":"product_cat-stylisant","8":"product_tag-kevin-murphy-fr","9":"_wholesalex wsx-wholesalex-product","11":"first","12":"outofstock","13":"taxable","14":"shipping-taxable","15":"purchasable","16":"product-type-simple"},"jetpack_sharing_enabled":true,"_links":{"self":[{"href":"https:\/\/naturalook.shop\/fr\/wp-json\/wp\/v2\/product\/17897","targetHints":{"allow":["GET"]}}],"collection":[{"href":"https:\/\/naturalook.shop\/fr\/wp-json\/wp\/v2\/product"}],"about":[{"href":"https:\/\/naturalook.shop\/fr\/wp-json\/wp\/v2\/types\/product"}],"replies":[{"embeddable":true,"href":"https:\/\/naturalook.shop\/fr\/wp-json\/wp\/v2\/comments?post=17897"}],"version-history":[{"count":1,"href":"https:\/\/naturalook.shop\/fr\/wp-json\/wp\/v2\/product\/17897\/revisions"}],"predecessor-version":[{"id":34225,"href":"https:\/\/naturalook.shop\/fr\/wp-json\/wp\/v2\/product\/17897\/revisions\/34225"}],"wp:featuredmedia":[{"embeddable":true,"href":"https:\/\/naturalook.shop\/fr\/wp-json\/wp\/v2\/media\/16314"}],"wp:attachment":[{"href":"https:\/\/naturalook.shop\/fr\/wp-json\/wp\/v2\/media?parent=17897"}],"wp:term":[{"taxonomy":"product_brand","embeddable":true,"href":"https:\/\/naturalook.shop\/fr\/wp-json\/wp\/v2\/product_brand?post=17897"},{"taxonomy":"product_cat","embeddable":true,"href":"https:\/\/naturalook.shop\/fr\/wp-json\/wp\/v2\/product_cat?post=17897"},{"taxonomy":"product_tag","embeddable":true,"href":"https:\/\/naturalook.shop\/fr\/wp-json\/wp\/v2\/product_tag?post=17897"}],"curies":[{"name":"wp","href":"https:\/\/api.w.org\/{rel}","templated":true}]}}