{"id":17898,"date":"2023-02-09T23:21:00","date_gmt":"2023-02-10T04:21:00","guid":{"rendered":"https:\/\/naturalook.shop\/product\/kevin-murphy-rough-rider-styling-clay\/"},"modified":"2025-10-23T22:21:30","modified_gmt":"2025-10-24T02:21:30","slug":"kevin-murphy-rough-rider-styling-clay","status":"publish","type":"product","link":"https:\/\/naturalook.shop\/fr\/produit\/kevin-murphy-rough-rider-styling-clay\/","title":{"rendered":"Kevin Murphy &#8211; ROUGH.RIDER &#8211; Styling Clay 100g"},"content":{"rendered":"<p>Pr\u00e9parez-vous \u00e0 arborer une coiffure branch\u00e9e et edgy avec ROUGH.RIDER. Cette argile coiffante modelable pr\u00e9sente une texture unique huileuse et granuleuse qui cr\u00e9e un look mat et \u00e9l\u00e9gant avec une tenue s\u00e9rieusement forte. Parfait pour \u00e9bouriffer les cheveux de toutes les longueurs, il contient des extraits naturels de bambou et de soja qui nourrissent et renforcent vos cheveux, tout en scellant les extr\u00e9mit\u00e9s rugueuses pour \u00e9viter la casse. Adoptez votre c\u00f4t\u00e9 rebelle et coiffez vos cheveux en toute confiance avec ROUGH.RIDER.<\/p>\n","protected":false},"excerpt":{"rendered":"<p>P\u00c2TE MODELABLE \u00c0 TENUE FORTE<\/p>\n","protected":false},"featured_media":16318,"comment_status":"open","ping_status":"closed","template":"","meta":{"_glsr_average":0,"_glsr_ranking":0,"_glsr_reviews":0},"product_brand":[902],"product_cat":[615],"product_tag":[677],"class_list":{"0":"post-17898","1":"product","2":"type-product","3":"status-publish","4":"has-post-thumbnail","6":"product_brand-kevin-murphy","7":"product_cat-stylisant","8":"product_tag-kevin-murphy-fr","9":"_wholesalex wsx-wholesalex-product","11":"first","12":"outofstock","13":"taxable","14":"shipping-taxable","15":"purchasable","16":"product-type-simple"},"jetpack_sharing_enabled":true,"_links":{"self":[{"href":"https:\/\/naturalook.shop\/fr\/wp-json\/wp\/v2\/product\/17898","targetHints":{"allow":["GET"]}}],"collection":[{"href":"https:\/\/naturalook.shop\/fr\/wp-json\/wp\/v2\/product"}],"about":[{"href":"https:\/\/naturalook.shop\/fr\/wp-json\/wp\/v2\/types\/product"}],"replies":[{"embeddable":true,"href":"https:\/\/naturalook.shop\/fr\/wp-json\/wp\/v2\/comments?post=17898"}],"version-history":[{"count":1,"href":"https:\/\/naturalook.shop\/fr\/wp-json\/wp\/v2\/product\/17898\/revisions"}],"predecessor-version":[{"id":34226,"href":"https:\/\/naturalook.shop\/fr\/wp-json\/wp\/v2\/product\/17898\/revisions\/34226"}],"wp:featuredmedia":[{"embeddable":true,"href":"https:\/\/naturalook.shop\/fr\/wp-json\/wp\/v2\/media\/16318"}],"wp:attachment":[{"href":"https:\/\/naturalook.shop\/fr\/wp-json\/wp\/v2\/media?parent=17898"}],"wp:term":[{"taxonomy":"product_brand","embeddable":true,"href":"https:\/\/naturalook.shop\/fr\/wp-json\/wp\/v2\/product_brand?post=17898"},{"taxonomy":"product_cat","embeddable":true,"href":"https:\/\/naturalook.shop\/fr\/wp-json\/wp\/v2\/product_cat?post=17898"},{"taxonomy":"product_tag","embeddable":true,"href":"https:\/\/naturalook.shop\/fr\/wp-json\/wp\/v2\/product_tag?post=17898"}],"curies":[{"name":"wp","href":"https:\/\/api.w.org\/{rel}","templated":true}]}}