{"id":17900,"date":"2023-02-09T23:21:00","date_gmt":"2023-02-10T04:21:00","guid":{"rendered":"https:\/\/naturalook.shop\/product\/kevin-murphy-super-goo-sculpting-gel\/"},"modified":"2025-10-23T22:21:30","modified_gmt":"2025-10-24T02:21:30","slug":"kevin-murphy-super-goo-sculpting-gel","status":"publish","type":"product","link":"https:\/\/naturalook.shop\/fr\/produit\/kevin-murphy-super-goo-sculpting-gel\/","title":{"rendered":"Kevin Murphy &#8211; SUPER.GOO &#8211; Sculpting Gel 100g"},"content":{"rendered":"<p>Soyez \u00e0 la recherche d&#8217;un produit coiffant \u00e0 la fois \u00e0 tenue ferme et flexible ? Ne cherchez pas plus loin que SUPER.GOO ! Ce gel sculptant unique cr\u00e9e une texture moderne et volumineuse avec une tenue forte, sans la rigidit\u00e9 des gels traditionnels. Emball\u00e9 avec des ingr\u00e9dients nourrissants tels que des extraits de th\u00e9 vert riche en antioxydants et de bambou, SUPER.GOO aide \u00e0 am\u00e9liorer la sant\u00e9 des cheveux et \u00e0 augmenter leur \u00e9lasticit\u00e9, r\u00e9sultant en une finition lisse et naturelle. De plus, il peut m\u00eame am\u00e9liorer les boucles pour ceux qui ont des cheveux ondul\u00e9s ou boucl\u00e9s.<\/p>\n","protected":false},"excerpt":{"rendered":"<p>GEL COIFFANT SCULPTANT CAOUTCHOUTEUX POUR UN FINI LISSE<\/p>\n","protected":false},"featured_media":16322,"comment_status":"open","ping_status":"closed","template":"","meta":{"_glsr_average":0,"_glsr_ranking":0,"_glsr_reviews":0},"product_brand":[902],"product_cat":[615],"product_tag":[677],"class_list":{"0":"post-17900","1":"product","2":"type-product","3":"status-publish","4":"has-post-thumbnail","6":"product_brand-kevin-murphy","7":"product_cat-stylisant","8":"product_tag-kevin-murphy-fr","9":"_wholesalex wsx-wholesalex-product","11":"first","12":"outofstock","13":"taxable","14":"shipping-taxable","15":"purchasable","16":"product-type-simple"},"jetpack_sharing_enabled":true,"_links":{"self":[{"href":"https:\/\/naturalook.shop\/fr\/wp-json\/wp\/v2\/product\/17900","targetHints":{"allow":["GET"]}}],"collection":[{"href":"https:\/\/naturalook.shop\/fr\/wp-json\/wp\/v2\/product"}],"about":[{"href":"https:\/\/naturalook.shop\/fr\/wp-json\/wp\/v2\/types\/product"}],"replies":[{"embeddable":true,"href":"https:\/\/naturalook.shop\/fr\/wp-json\/wp\/v2\/comments?post=17900"}],"version-history":[{"count":1,"href":"https:\/\/naturalook.shop\/fr\/wp-json\/wp\/v2\/product\/17900\/revisions"}],"predecessor-version":[{"id":34227,"href":"https:\/\/naturalook.shop\/fr\/wp-json\/wp\/v2\/product\/17900\/revisions\/34227"}],"wp:featuredmedia":[{"embeddable":true,"href":"https:\/\/naturalook.shop\/fr\/wp-json\/wp\/v2\/media\/16322"}],"wp:attachment":[{"href":"https:\/\/naturalook.shop\/fr\/wp-json\/wp\/v2\/media?parent=17900"}],"wp:term":[{"taxonomy":"product_brand","embeddable":true,"href":"https:\/\/naturalook.shop\/fr\/wp-json\/wp\/v2\/product_brand?post=17900"},{"taxonomy":"product_cat","embeddable":true,"href":"https:\/\/naturalook.shop\/fr\/wp-json\/wp\/v2\/product_cat?post=17900"},{"taxonomy":"product_tag","embeddable":true,"href":"https:\/\/naturalook.shop\/fr\/wp-json\/wp\/v2\/product_tag?post=17900"}],"curies":[{"name":"wp","href":"https:\/\/api.w.org\/{rel}","templated":true}]}}