{"id":17901,"date":"2023-02-09T23:21:00","date_gmt":"2023-02-10T04:21:00","guid":{"rendered":"https:\/\/naturalook.shop\/product\/kevin-murphy-free-hold-styling-paste\/"},"modified":"2025-10-23T22:21:30","modified_gmt":"2025-10-24T02:21:30","slug":"kevin-murphy-free-hold-styling-paste","status":"publish","type":"product","link":"https:\/\/naturalook.shop\/fr\/produit\/kevin-murphy-free-hold-styling-paste\/","title":{"rendered":"Kevin Murphy &#8211; FREE.HOLD &#8211; Styling Paste &#8211; 100g"},"content":{"rendered":"<p>Pr\u00e9parez-vous \u00e0 ressentir la libert\u00e9 de mouvement avec une tenue moyenne. FREE.HOLD est notre p\u00e2te coiffante unique avec de la cire de Carnauba qui ajoute de l&#8217;\u00e9paisseur et une brillance naturelle \u00e0 votre coiffure, tout en lui donnant de la flexibilit\u00e9 et de la forme qui durent, m\u00eame sous le soleil chaud. Dot\u00e9 d&#8217;antioxydants et de vitamines, FREE.HOLD aide \u00e0 nourrir et \u00e0 conditionner les cheveux et le cuir chevelu, les laissant sains et revitalis\u00e9s.<\/p>\n","protected":false},"excerpt":{"rendered":"<p>P\u00c2TE DE STYLEMENT \u00c0 TENUE MOYENNE FLEXIBLE<\/p>\n","protected":false},"featured_media":16326,"comment_status":"open","ping_status":"closed","template":"","meta":{"_glsr_average":0,"_glsr_ranking":0,"_glsr_reviews":0},"product_brand":[902],"product_cat":[615],"product_tag":[677],"class_list":{"0":"post-17901","1":"product","2":"type-product","3":"status-publish","4":"has-post-thumbnail","6":"product_brand-kevin-murphy","7":"product_cat-stylisant","8":"product_tag-kevin-murphy-fr","9":"_wholesalex wsx-wholesalex-product","11":"first","12":"outofstock","13":"taxable","14":"shipping-taxable","15":"purchasable","16":"product-type-simple"},"jetpack_sharing_enabled":true,"_links":{"self":[{"href":"https:\/\/naturalook.shop\/fr\/wp-json\/wp\/v2\/product\/17901","targetHints":{"allow":["GET"]}}],"collection":[{"href":"https:\/\/naturalook.shop\/fr\/wp-json\/wp\/v2\/product"}],"about":[{"href":"https:\/\/naturalook.shop\/fr\/wp-json\/wp\/v2\/types\/product"}],"replies":[{"embeddable":true,"href":"https:\/\/naturalook.shop\/fr\/wp-json\/wp\/v2\/comments?post=17901"}],"version-history":[{"count":1,"href":"https:\/\/naturalook.shop\/fr\/wp-json\/wp\/v2\/product\/17901\/revisions"}],"predecessor-version":[{"id":34228,"href":"https:\/\/naturalook.shop\/fr\/wp-json\/wp\/v2\/product\/17901\/revisions\/34228"}],"wp:featuredmedia":[{"embeddable":true,"href":"https:\/\/naturalook.shop\/fr\/wp-json\/wp\/v2\/media\/16326"}],"wp:attachment":[{"href":"https:\/\/naturalook.shop\/fr\/wp-json\/wp\/v2\/media?parent=17901"}],"wp:term":[{"taxonomy":"product_brand","embeddable":true,"href":"https:\/\/naturalook.shop\/fr\/wp-json\/wp\/v2\/product_brand?post=17901"},{"taxonomy":"product_cat","embeddable":true,"href":"https:\/\/naturalook.shop\/fr\/wp-json\/wp\/v2\/product_cat?post=17901"},{"taxonomy":"product_tag","embeddable":true,"href":"https:\/\/naturalook.shop\/fr\/wp-json\/wp\/v2\/product_tag?post=17901"}],"curies":[{"name":"wp","href":"https:\/\/api.w.org\/{rel}","templated":true}]}}