{"id":17902,"date":"2023-02-09T23:21:00","date_gmt":"2023-02-10T04:21:00","guid":{"rendered":"https:\/\/naturalook.shop\/product\/kevin-murphy-touchable-spray-wax\/"},"modified":"2025-10-23T22:21:27","modified_gmt":"2025-10-24T02:21:27","slug":"kevin-murphy-touchable-spray-wax","status":"publish","type":"product","link":"https:\/\/naturalook.shop\/fr\/produit\/kevin-murphy-touchable-spray-wax\/","title":{"rendered":"Kevin Murphy &#8211; TOUCHABLE &#8211; Spray Wax &#8211; 250ml"},"content":{"rendered":"<p>Transformez vos cheveux en une \u0153uvre d&#8217;art douce et mall\u00e9able avec TOUCHABLE, la laque de finition qui offre la finition d&#8217;une cire sans aucun poids. Cette laque de pulv\u00e9risation unique maintient la texture et la tenue de vos cheveux, renfor\u00e7ant l&#8217;apparence de la s\u00e9paration pour ce look parfaitement d\u00e9sordonn\u00e9. TOUCHABLE n&#8217;est jamais collant et ajoute une dose saine d&#8217;antioxydants de l&#8217;extrait de fleur d&#8217;hibiscus, de chardon-Marie, de lavande de mer et d&#8217;huile de graines de carotte, aidant \u00e0 prot\u00e9ger et \u00e0 conditionner vos cheveux, leur donnant un bel \u00e9clat satin\u00e9.<\/p>\n","protected":false},"excerpt":{"rendered":"<p>SPRAY FINITION CIRE POUR CHEVEUX<\/p>\n","protected":false},"featured_media":16329,"comment_status":"open","ping_status":"closed","template":"","meta":{"_glsr_average":0,"_glsr_ranking":0,"_glsr_reviews":0},"product_brand":[902],"product_cat":[615],"product_tag":[677],"class_list":{"0":"post-17902","1":"product","2":"type-product","3":"status-publish","4":"has-post-thumbnail","6":"product_brand-kevin-murphy","7":"product_cat-stylisant","8":"product_tag-kevin-murphy-fr","9":"_wholesalex wsx-wholesalex-product","11":"first","12":"outofstock","13":"taxable","14":"shipping-taxable","15":"purchasable","16":"product-type-simple"},"jetpack_sharing_enabled":true,"_links":{"self":[{"href":"https:\/\/naturalook.shop\/fr\/wp-json\/wp\/v2\/product\/17902","targetHints":{"allow":["GET"]}}],"collection":[{"href":"https:\/\/naturalook.shop\/fr\/wp-json\/wp\/v2\/product"}],"about":[{"href":"https:\/\/naturalook.shop\/fr\/wp-json\/wp\/v2\/types\/product"}],"replies":[{"embeddable":true,"href":"https:\/\/naturalook.shop\/fr\/wp-json\/wp\/v2\/comments?post=17902"}],"version-history":[{"count":1,"href":"https:\/\/naturalook.shop\/fr\/wp-json\/wp\/v2\/product\/17902\/revisions"}],"predecessor-version":[{"id":34217,"href":"https:\/\/naturalook.shop\/fr\/wp-json\/wp\/v2\/product\/17902\/revisions\/34217"}],"wp:featuredmedia":[{"embeddable":true,"href":"https:\/\/naturalook.shop\/fr\/wp-json\/wp\/v2\/media\/16329"}],"wp:attachment":[{"href":"https:\/\/naturalook.shop\/fr\/wp-json\/wp\/v2\/media?parent=17902"}],"wp:term":[{"taxonomy":"product_brand","embeddable":true,"href":"https:\/\/naturalook.shop\/fr\/wp-json\/wp\/v2\/product_brand?post=17902"},{"taxonomy":"product_cat","embeddable":true,"href":"https:\/\/naturalook.shop\/fr\/wp-json\/wp\/v2\/product_cat?post=17902"},{"taxonomy":"product_tag","embeddable":true,"href":"https:\/\/naturalook.shop\/fr\/wp-json\/wp\/v2\/product_tag?post=17902"}],"curies":[{"name":"wp","href":"https:\/\/api.w.org\/{rel}","templated":true}]}}