{"id":17903,"date":"2023-02-09T23:20:00","date_gmt":"2023-02-10T04:20:00","guid":{"rendered":"https:\/\/naturalook.shop\/product\/kevin-murphy-bedroom-hair-hairspray\/"},"modified":"2025-10-23T22:21:31","modified_gmt":"2025-10-24T02:21:31","slug":"kevin-murphy-bedroom-hair-hairspray","status":"publish","type":"product","link":"https:\/\/naturalook.shop\/fr\/produit\/kevin-murphy-bedroom-hair-hairspray\/","title":{"rendered":"Kevin Murphy &#8211; BEDROOM.HAIR &#8211; Hairspray &#8211; 235ml"},"content":{"rendered":"<p>Ravivez vos cheveux avec une texture sans effort, sexy et \u00e9bouriff\u00e9e gr\u00e2ce \u00e0 BEDROOM.HAIR, la laque texturisante flexible. Ce produit de coiffage cr\u00e9e une tenue flexible qui permet un mouvement et une s\u00e9paration naturels dans vos cheveux, tout en restant facile \u00e0 toucher pour passer vos doigts \u00e0 travers. Avec de l&#8217;extrait de racine de gingembre qui am\u00e9liore l&#8217;\u00e9lasticit\u00e9 et la souplesse des cheveux, cette laque offre la quantit\u00e9 parfaite de texture pour obtenir ce look sans effort &#8220;cheveux de chambre&#8221;. Ainsi, que vous vous pr\u00e9pariez pour une soir\u00e9e ou que vous vouliez simplement adopter cette ambiance &#8220;je me suis r\u00e9veill\u00e9(e) comme \u00e7a&#8221;, BEDROOM.HAIR a tout pr\u00e9vu.<\/p>\n","protected":false},"excerpt":{"rendered":"<p>SPRAY TEXTURISANT FLEXIBLE POUR CHEVEUX<\/p>\n","protected":false},"featured_media":16333,"comment_status":"open","ping_status":"closed","template":"","meta":{"_glsr_average":0,"_glsr_ranking":0,"_glsr_reviews":0},"product_brand":[902],"product_cat":[615],"product_tag":[677],"class_list":{"0":"post-17903","1":"product","2":"type-product","3":"status-publish","4":"has-post-thumbnail","6":"product_brand-kevin-murphy","7":"product_cat-stylisant","8":"product_tag-kevin-murphy-fr","9":"_wholesalex wsx-wholesalex-product","11":"first","12":"outofstock","13":"taxable","14":"shipping-taxable","15":"purchasable","16":"product-type-simple"},"jetpack_sharing_enabled":true,"_links":{"self":[{"href":"https:\/\/naturalook.shop\/fr\/wp-json\/wp\/v2\/product\/17903","targetHints":{"allow":["GET"]}}],"collection":[{"href":"https:\/\/naturalook.shop\/fr\/wp-json\/wp\/v2\/product"}],"about":[{"href":"https:\/\/naturalook.shop\/fr\/wp-json\/wp\/v2\/types\/product"}],"replies":[{"embeddable":true,"href":"https:\/\/naturalook.shop\/fr\/wp-json\/wp\/v2\/comments?post=17903"}],"version-history":[{"count":1,"href":"https:\/\/naturalook.shop\/fr\/wp-json\/wp\/v2\/product\/17903\/revisions"}],"predecessor-version":[{"id":34230,"href":"https:\/\/naturalook.shop\/fr\/wp-json\/wp\/v2\/product\/17903\/revisions\/34230"}],"wp:featuredmedia":[{"embeddable":true,"href":"https:\/\/naturalook.shop\/fr\/wp-json\/wp\/v2\/media\/16333"}],"wp:attachment":[{"href":"https:\/\/naturalook.shop\/fr\/wp-json\/wp\/v2\/media?parent=17903"}],"wp:term":[{"taxonomy":"product_brand","embeddable":true,"href":"https:\/\/naturalook.shop\/fr\/wp-json\/wp\/v2\/product_brand?post=17903"},{"taxonomy":"product_cat","embeddable":true,"href":"https:\/\/naturalook.shop\/fr\/wp-json\/wp\/v2\/product_cat?post=17903"},{"taxonomy":"product_tag","embeddable":true,"href":"https:\/\/naturalook.shop\/fr\/wp-json\/wp\/v2\/product_tag?post=17903"}],"curies":[{"name":"wp","href":"https:\/\/api.w.org\/{rel}","templated":true}]}}