{"id":17904,"date":"2023-02-09T23:20:00","date_gmt":"2023-02-10T04:20:00","guid":{"rendered":"https:\/\/naturalook.shop\/product\/kevin-murphy-fresh-hair-dry-shampoo\/"},"modified":"2025-10-23T22:21:31","modified_gmt":"2025-10-24T02:21:31","slug":"kevin-murphy-fresh-hair-dry-shampoo","status":"publish","type":"product","link":"https:\/\/naturalook.shop\/fr\/produit\/kevin-murphy-fresh-hair-dry-shampoo\/","title":{"rendered":"Kevin Murphy &#8211; FRESH.HAIR &#8211; Dry Shampoo &#8211; 250ml"},"content":{"rendered":"<p>Rafra\u00eechissez vos cheveux sans les laver avec FRESH.HAIR, notre spray shampooing sec qui absorbe l&#8217;exc\u00e8s de salet\u00e9, d&#8217;huile et de r\u00e9sidus de produits. Avec le parfum rafra\u00eechissant de l&#8217;huile d&#8217;agrumes, ce spray offre \u00e9galement des avantages antioxydants et de la brillance pour redonner un coup de pep&#8217;s rapide \u00e0 vos cheveux. Que vous ayez besoin d&#8217;effacer les p\u00e9ch\u00e9s capillaires de la nuit pr\u00e9c\u00e9dente ou de raviver les m\u00e8ches affaiss\u00e9es en milieu de journ\u00e9e, FRESH.HAIR est votre produit de choix pour des cheveux frais et rebondis.<\/p>\n","protected":false},"excerpt":{"rendered":"<p>RAFRA\u00ceCHISSEMENT SHAMPOOING SEC<\/p>\n","protected":false},"featured_media":16337,"comment_status":"open","ping_status":"closed","template":"","meta":{"_glsr_average":0,"_glsr_ranking":0,"_glsr_reviews":0},"product_brand":[902],"product_cat":[614,615],"product_tag":[677],"class_list":{"0":"post-17904","1":"product","2":"type-product","3":"status-publish","4":"has-post-thumbnail","6":"product_brand-kevin-murphy","7":"product_cat-shampooing","8":"product_cat-stylisant","9":"product_tag-kevin-murphy-fr","10":"_wholesalex wsx-wholesalex-product","12":"first","13":"outofstock","14":"taxable","15":"shipping-taxable","16":"purchasable","17":"product-type-simple"},"jetpack_sharing_enabled":true,"_links":{"self":[{"href":"https:\/\/naturalook.shop\/fr\/wp-json\/wp\/v2\/product\/17904","targetHints":{"allow":["GET"]}}],"collection":[{"href":"https:\/\/naturalook.shop\/fr\/wp-json\/wp\/v2\/product"}],"about":[{"href":"https:\/\/naturalook.shop\/fr\/wp-json\/wp\/v2\/types\/product"}],"replies":[{"embeddable":true,"href":"https:\/\/naturalook.shop\/fr\/wp-json\/wp\/v2\/comments?post=17904"}],"version-history":[{"count":1,"href":"https:\/\/naturalook.shop\/fr\/wp-json\/wp\/v2\/product\/17904\/revisions"}],"predecessor-version":[{"id":34232,"href":"https:\/\/naturalook.shop\/fr\/wp-json\/wp\/v2\/product\/17904\/revisions\/34232"}],"wp:featuredmedia":[{"embeddable":true,"href":"https:\/\/naturalook.shop\/fr\/wp-json\/wp\/v2\/media\/16337"}],"wp:attachment":[{"href":"https:\/\/naturalook.shop\/fr\/wp-json\/wp\/v2\/media?parent=17904"}],"wp:term":[{"taxonomy":"product_brand","embeddable":true,"href":"https:\/\/naturalook.shop\/fr\/wp-json\/wp\/v2\/product_brand?post=17904"},{"taxonomy":"product_cat","embeddable":true,"href":"https:\/\/naturalook.shop\/fr\/wp-json\/wp\/v2\/product_cat?post=17904"},{"taxonomy":"product_tag","embeddable":true,"href":"https:\/\/naturalook.shop\/fr\/wp-json\/wp\/v2\/product_tag?post=17904"}],"curies":[{"name":"wp","href":"https:\/\/api.w.org\/{rel}","templated":true}]}}