{"id":17905,"date":"2023-02-09T23:20:00","date_gmt":"2023-02-10T04:20:00","guid":{"rendered":"https:\/\/naturalook.shop\/product\/kevin-murphy-body-builder-volumising-mousse\/"},"modified":"2025-10-23T22:21:32","modified_gmt":"2025-10-24T02:21:32","slug":"kevin-murphy-body-builder-volumising-mousse","status":"publish","type":"product","link":"https:\/\/naturalook.shop\/fr\/produit\/kevin-murphy-body-builder-volumising-mousse\/","title":{"rendered":"Kevin Murphy &#8211; BODY.BUILDER &#8211; Volumising Mousse 350ml"},"content":{"rendered":"<p>Obtenez des cheveux volumineux en un rien de temps avec BODY.BUILDER, notre mousse a\u00e9rienne sans poids. Dites adieu \u00e0 la texture collante et bonjour \u00e0 un volume flexible et tenace. Vous pouvez appliquer plusieurs couches pour cr\u00e9er le corps d\u00e9sir\u00e9. L&#8217;huile de mandarine riche en antioxydants et la vitamine B5 hydratent les cheveux et leur donnent une brillance naturelle.<\/p>\n","protected":false},"excerpt":{"rendered":"<p>MOUSSE VOLUMISANTE SANS POIDS<\/p>\n","protected":false},"featured_media":16342,"comment_status":"open","ping_status":"closed","template":"","meta":{"_glsr_average":0,"_glsr_ranking":0,"_glsr_reviews":0},"product_brand":[902],"product_cat":[615],"product_tag":[677],"class_list":{"0":"post-17905","1":"product","2":"type-product","3":"status-publish","4":"has-post-thumbnail","6":"product_brand-kevin-murphy","7":"product_cat-stylisant","8":"product_tag-kevin-murphy-fr","9":"_wholesalex wsx-wholesalex-product","11":"first","12":"outofstock","13":"taxable","14":"shipping-taxable","15":"purchasable","16":"product-type-simple"},"jetpack_sharing_enabled":true,"_links":{"self":[{"href":"https:\/\/naturalook.shop\/fr\/wp-json\/wp\/v2\/product\/17905","targetHints":{"allow":["GET"]}}],"collection":[{"href":"https:\/\/naturalook.shop\/fr\/wp-json\/wp\/v2\/product"}],"about":[{"href":"https:\/\/naturalook.shop\/fr\/wp-json\/wp\/v2\/types\/product"}],"replies":[{"embeddable":true,"href":"https:\/\/naturalook.shop\/fr\/wp-json\/wp\/v2\/comments?post=17905"}],"version-history":[{"count":1,"href":"https:\/\/naturalook.shop\/fr\/wp-json\/wp\/v2\/product\/17905\/revisions"}],"predecessor-version":[{"id":34234,"href":"https:\/\/naturalook.shop\/fr\/wp-json\/wp\/v2\/product\/17905\/revisions\/34234"}],"wp:featuredmedia":[{"embeddable":true,"href":"https:\/\/naturalook.shop\/fr\/wp-json\/wp\/v2\/media\/16342"}],"wp:attachment":[{"href":"https:\/\/naturalook.shop\/fr\/wp-json\/wp\/v2\/media?parent=17905"}],"wp:term":[{"taxonomy":"product_brand","embeddable":true,"href":"https:\/\/naturalook.shop\/fr\/wp-json\/wp\/v2\/product_brand?post=17905"},{"taxonomy":"product_cat","embeddable":true,"href":"https:\/\/naturalook.shop\/fr\/wp-json\/wp\/v2\/product_cat?post=17905"},{"taxonomy":"product_tag","embeddable":true,"href":"https:\/\/naturalook.shop\/fr\/wp-json\/wp\/v2\/product_tag?post=17905"}],"curies":[{"name":"wp","href":"https:\/\/api.w.org\/{rel}","templated":true}]}}