{"id":17908,"date":"2023-02-09T23:20:00","date_gmt":"2023-02-10T04:20:00","guid":{"rendered":"https:\/\/naturalook.shop\/product\/kevin-murphy-cool-angel-treatment\/"},"modified":"2025-10-23T22:21:33","modified_gmt":"2025-10-24T02:21:33","slug":"kevin-murphy-cool-angel-treatment","status":"publish","type":"product","link":"https:\/\/naturalook.shop\/fr\/produit\/kevin-murphy-cool-angel-treatment\/","title":{"rendered":"Kevin Murphy &#8211; COOL.ANGEL &#8211; Treatment &#8211; 250ml"},"content":{"rendered":"<p>COOL.ANGEL est un produit de traitement capillaire con\u00e7u pour garder vos cheveux frais et rafra\u00eechis entre les rendez-vous de coloration. C&#8217;est un m\u00e9lange \u00e9quilibr\u00e9 de pigment gris qui donne des tons d&#8217;ardoise, magnifie les nuances de cendres fra\u00eeches et aide \u00e0 \u00e9liminer les reflets rouges et orange tenaces des cheveux. Ce produit est particuli\u00e8rement utile pour ceux qui ont des blonds cristal, des blonds cendr\u00e9s et bruns, ainsi que des cheveux gris.<\/p>\n<p>En plus de ses avantages cosm\u00e9tiques, COOL.ANGEL contient \u00e9galement un m\u00e9lange nourrissant d&#8217;ingr\u00e9dients qui fournissent de l&#8217;hydratation et de la protection aux cheveux. Le beurre de graines de Murumuru, l&#8217;extrait de th\u00e9 vert, l&#8217;extrait de feuille d&#8217;olivier et les huiles essentielles travaillent ensemble pour am\u00e9liorer la long\u00e9vit\u00e9 de la couleur et donner un \u00e9clat brillant aux cheveux.<\/p>\n<p>Le beurre de graines de Murumuru aide \u00e0 nourrir et \u00e0 hydrater les cheveux, tandis que l&#8217;extrait de th\u00e9 vert et l&#8217;extrait de feuille d&#8217;olivier fournissent une protection antioxydante pour pr\u00e9venir les dommages caus\u00e9s par les radicaux libres. Les huiles essentielles comme la lavande, l&#8217;ylang-ylang et le g\u00e9ranium aident \u00e0 apaiser le cuir chevelu et fournissent une belle fragrance au produit.<\/p>\n<p>En r\u00e9sum\u00e9, COOL.ANGEL est un produit de traitement capillaire qui non seulement am\u00e9liore la couleur de vos cheveux, mais aussi les nourrit et les prot\u00e8ge. C&#8217;est un excellent choix pour ceux qui cherchent \u00e0 maintenir un look frais et rafra\u00eechissant entre les rendez-vous de coloration.<\/p>\n","protected":false},"excerpt":{"rendered":"<p>TRAITEMENT DE BRILLANCE AM\u00c9LIORANT LA COULEUR DE CENDRES COOL<\/p>\n","protected":false},"featured_media":16355,"comment_status":"open","ping_status":"closed","template":"","meta":{"_glsr_average":0,"_glsr_ranking":0,"_glsr_reviews":0},"product_brand":[902],"product_cat":[616],"product_tag":[677],"class_list":{"0":"post-17908","1":"product","2":"type-product","3":"status-publish","4":"has-post-thumbnail","6":"product_brand-kevin-murphy","7":"product_cat-traitement","8":"product_tag-kevin-murphy-fr","9":"_wholesalex wsx-wholesalex-product","11":"first","12":"outofstock","13":"taxable","14":"shipping-taxable","15":"purchasable","16":"product-type-simple"},"jetpack_sharing_enabled":true,"_links":{"self":[{"href":"https:\/\/naturalook.shop\/fr\/wp-json\/wp\/v2\/product\/17908","targetHints":{"allow":["GET"]}}],"collection":[{"href":"https:\/\/naturalook.shop\/fr\/wp-json\/wp\/v2\/product"}],"about":[{"href":"https:\/\/naturalook.shop\/fr\/wp-json\/wp\/v2\/types\/product"}],"replies":[{"embeddable":true,"href":"https:\/\/naturalook.shop\/fr\/wp-json\/wp\/v2\/comments?post=17908"}],"version-history":[{"count":1,"href":"https:\/\/naturalook.shop\/fr\/wp-json\/wp\/v2\/product\/17908\/revisions"}],"predecessor-version":[{"id":34240,"href":"https:\/\/naturalook.shop\/fr\/wp-json\/wp\/v2\/product\/17908\/revisions\/34240"}],"wp:featuredmedia":[{"embeddable":true,"href":"https:\/\/naturalook.shop\/fr\/wp-json\/wp\/v2\/media\/16355"}],"wp:attachment":[{"href":"https:\/\/naturalook.shop\/fr\/wp-json\/wp\/v2\/media?parent=17908"}],"wp:term":[{"taxonomy":"product_brand","embeddable":true,"href":"https:\/\/naturalook.shop\/fr\/wp-json\/wp\/v2\/product_brand?post=17908"},{"taxonomy":"product_cat","embeddable":true,"href":"https:\/\/naturalook.shop\/fr\/wp-json\/wp\/v2\/product_cat?post=17908"},{"taxonomy":"product_tag","embeddable":true,"href":"https:\/\/naturalook.shop\/fr\/wp-json\/wp\/v2\/product_tag?post=17908"}],"curies":[{"name":"wp","href":"https:\/\/api.w.org\/{rel}","templated":true}]}}