{"id":17909,"date":"2023-02-09T23:20:00","date_gmt":"2023-02-10T04:20:00","guid":{"rendered":"https:\/\/naturalook.shop\/product\/kevin-murphy-hair-resort-texturiser\/"},"modified":"2025-10-23T22:21:34","modified_gmt":"2025-10-24T02:21:34","slug":"kevin-murphy-hair-resort-texturiser","status":"publish","type":"product","link":"https:\/\/naturalook.shop\/fr\/produit\/kevin-murphy-hair-resort-texturiser\/","title":{"rendered":"Kevin Murphy &#8211; HAIR.RESORT &#8211; Texturiser &#8211; 150ml"},"content":{"rendered":"<p>HAIR.RESORT est un produit capillaire polyvalent qui vous permet de cr\u00e9er le look embl\u00e9matique de la plage pour lequel Kevin Murphy est connu. Ce texturisant de plage et lotion de finition en un seul produit travaille rapidement pour donner \u00e0 vos cheveux du volume et une texture de surfeur sexy avec une tenue durable. C&#8217;est un produit id\u00e9al pour ceux qui veulent obtenir un look n\u00e9glig\u00e9 et frais de la plage.<\/p>\n<p>L&#8217;un des principaux avantages de HAIR.RESORT est sa teneur en antioxydants. Le produit est charg\u00e9 des bienfaits des vitamines C et E, qui offrent une protection aux cheveux et au cuir chevelu, tout en aidant \u00e0 lutter contre les radicaux libres. Cela signifie que pendant que vous profitez de votre style de plage, vos cheveux b\u00e9n\u00e9ficient \u00e9galement des ingr\u00e9dients nourrissants du produit.<\/p>\n<p>L&#8217;utilisation de HAIR.RESORT est facile. Il suffit de le froisser dans vos cheveux et de jouer avec jusqu&#8217;\u00e0 ce que vous obteniez le look souhait\u00e9. Le produit agit rapidement, vous donnant un volume et une texture instantan\u00e9s, tandis que la tenue durable assure que votre style reste en place toute la journ\u00e9e.<\/p>\n<p>En fin de compte, HAIR.RESORT est un produit indispensable pour toute personne cherchant \u00e0 obtenir le look embl\u00e9matique de la plage. Il est facile \u00e0 utiliser, polyvalent et rempli d&#8217;ingr\u00e9dients nourrissants qui aident \u00e0 prot\u00e9ger et renforcer vos cheveux.<\/p>\n","protected":false},"excerpt":{"rendered":"<p>TEXTURISEUR DE PLAGE ET AM\u00c9LIORATEUR DE BOUCLES<\/p>\n","protected":false},"featured_media":16360,"comment_status":"open","ping_status":"closed","template":"","meta":{"_glsr_average":0,"_glsr_ranking":0,"_glsr_reviews":0},"product_brand":[902],"product_cat":[615],"product_tag":[677],"class_list":{"0":"post-17909","1":"product","2":"type-product","3":"status-publish","4":"has-post-thumbnail","6":"product_brand-kevin-murphy","7":"product_cat-stylisant","8":"product_tag-kevin-murphy-fr","9":"_wholesalex wsx-wholesalex-product","11":"first","12":"outofstock","13":"taxable","14":"shipping-taxable","15":"purchasable","16":"product-type-simple"},"jetpack_sharing_enabled":true,"_links":{"self":[{"href":"https:\/\/naturalook.shop\/fr\/wp-json\/wp\/v2\/product\/17909","targetHints":{"allow":["GET"]}}],"collection":[{"href":"https:\/\/naturalook.shop\/fr\/wp-json\/wp\/v2\/product"}],"about":[{"href":"https:\/\/naturalook.shop\/fr\/wp-json\/wp\/v2\/types\/product"}],"replies":[{"embeddable":true,"href":"https:\/\/naturalook.shop\/fr\/wp-json\/wp\/v2\/comments?post=17909"}],"version-history":[{"count":1,"href":"https:\/\/naturalook.shop\/fr\/wp-json\/wp\/v2\/product\/17909\/revisions"}],"predecessor-version":[{"id":34242,"href":"https:\/\/naturalook.shop\/fr\/wp-json\/wp\/v2\/product\/17909\/revisions\/34242"}],"wp:featuredmedia":[{"embeddable":true,"href":"https:\/\/naturalook.shop\/fr\/wp-json\/wp\/v2\/media\/16360"}],"wp:attachment":[{"href":"https:\/\/naturalook.shop\/fr\/wp-json\/wp\/v2\/media?parent=17909"}],"wp:term":[{"taxonomy":"product_brand","embeddable":true,"href":"https:\/\/naturalook.shop\/fr\/wp-json\/wp\/v2\/product_brand?post=17909"},{"taxonomy":"product_cat","embeddable":true,"href":"https:\/\/naturalook.shop\/fr\/wp-json\/wp\/v2\/product_cat?post=17909"},{"taxonomy":"product_tag","embeddable":true,"href":"https:\/\/naturalook.shop\/fr\/wp-json\/wp\/v2\/product_tag?post=17909"}],"curies":[{"name":"wp","href":"https:\/\/api.w.org\/{rel}","templated":true}]}}