{"id":17911,"date":"2023-02-09T23:20:00","date_gmt":"2023-02-10T04:20:00","guid":{"rendered":"https:\/\/naturalook.shop\/product\/kevin-murphy-hair-resort-spray-hair-spray\/"},"modified":"2025-10-23T22:21:34","modified_gmt":"2025-10-24T02:21:34","slug":"kevin-murphy-hair-resort-spray-hair-spray","status":"publish","type":"product","link":"https:\/\/naturalook.shop\/fr\/produit\/kevin-murphy-hair-resort-spray-hair-spray\/","title":{"rendered":"Kevin Murphy &#8211; HAIR.RESORT.SPRAY &#8211; Hair Spray &#8211; 150ml"},"content":{"rendered":"<p>HAIR.RESORT.SPRAY est un spray capillaire con\u00e7u pour vous aider \u00e0 cr\u00e9er le look iconique de cheveux de plage pour lequel Kevin Murphy est connu. Avec ce produit, vous pouvez faire en sorte que chaque jour soit une journ\u00e9e \u00e0 la plage pour vos cheveux. Le spray offre des \u00e9clats rafra\u00eechissants d&#8217;huile de citron qui non seulement offrent des bienfaits antioxydants et de la brillance, mais stimulent \u00e9galement vos sens pendant que vous arborez le look de surfeur sexy.<\/p>\n<p>Le produit est con\u00e7u pour rendre plus facile que jamais l&#8217;obtention d&#8217;un look de cheveux de plage. Il suffit de le vaporiser sur vos cheveux et de le laisser faire sa magie. Le spray capillaire offre une tenue longue dur\u00e9e qui garantit que votre style reste en place tout au long de la journ\u00e9e. Il ajoute \u00e9galement de la texture et du volume \u00e0 vos cheveux, leur donnant le look de plage frais et d\u00e9coiff\u00e9 que tant de gens adorent.<\/p>\n<p>En plus de ses avantages cosm\u00e9tiques, HAIR.RESORT.SPRAY contient \u00e9galement des ingr\u00e9dients nourrissants qui aident \u00e0 prot\u00e9ger et renforcer vos cheveux. L&#8217;huile de citron offre des bienfaits antioxydants et de la brillance, tandis que les autres ingr\u00e9dients aident \u00e0 maintenir vos cheveux en bonne sant\u00e9 et vibrants.<\/p>\n<p>En somme, HAIR.RESORT.SPRAY est un produit incontournable pour quiconque cherche \u00e0 cr\u00e9er le look iconique de cheveux de plage. Il est facile \u00e0 utiliser, offre une tenue longue dur\u00e9e et est rempli d&#8217;ingr\u00e9dients nourrissants qui aident \u00e0 prot\u00e9ger et renforcer vos cheveux. De plus, les \u00e9clats rafra\u00eechissants d&#8217;huile de citron en font une exp\u00e9rience sensorielle agr\u00e9able.<\/p>\n","protected":false},"excerpt":{"rendered":"<p>SPRAY COIFFANT POUR CHEVEUX FINS<\/p>\n","protected":false},"featured_media":16388,"comment_status":"open","ping_status":"closed","template":"","meta":{"_glsr_average":0,"_glsr_ranking":0,"_glsr_reviews":0},"product_brand":[902],"product_cat":[615],"product_tag":[677],"class_list":{"0":"post-17911","1":"product","2":"type-product","3":"status-publish","4":"has-post-thumbnail","6":"product_brand-kevin-murphy","7":"product_cat-stylisant","8":"product_tag-kevin-murphy-fr","9":"_wholesalex wsx-wholesalex-product","11":"first","12":"outofstock","13":"taxable","14":"shipping-taxable","15":"purchasable","16":"product-type-simple"},"jetpack_sharing_enabled":true,"_links":{"self":[{"href":"https:\/\/naturalook.shop\/fr\/wp-json\/wp\/v2\/product\/17911","targetHints":{"allow":["GET"]}}],"collection":[{"href":"https:\/\/naturalook.shop\/fr\/wp-json\/wp\/v2\/product"}],"about":[{"href":"https:\/\/naturalook.shop\/fr\/wp-json\/wp\/v2\/types\/product"}],"replies":[{"embeddable":true,"href":"https:\/\/naturalook.shop\/fr\/wp-json\/wp\/v2\/comments?post=17911"}],"version-history":[{"count":1,"href":"https:\/\/naturalook.shop\/fr\/wp-json\/wp\/v2\/product\/17911\/revisions"}],"predecessor-version":[{"id":34243,"href":"https:\/\/naturalook.shop\/fr\/wp-json\/wp\/v2\/product\/17911\/revisions\/34243"}],"wp:featuredmedia":[{"embeddable":true,"href":"https:\/\/naturalook.shop\/fr\/wp-json\/wp\/v2\/media\/16388"}],"wp:attachment":[{"href":"https:\/\/naturalook.shop\/fr\/wp-json\/wp\/v2\/media?parent=17911"}],"wp:term":[{"taxonomy":"product_brand","embeddable":true,"href":"https:\/\/naturalook.shop\/fr\/wp-json\/wp\/v2\/product_brand?post=17911"},{"taxonomy":"product_cat","embeddable":true,"href":"https:\/\/naturalook.shop\/fr\/wp-json\/wp\/v2\/product_cat?post=17911"},{"taxonomy":"product_tag","embeddable":true,"href":"https:\/\/naturalook.shop\/fr\/wp-json\/wp\/v2\/product_tag?post=17911"}],"curies":[{"name":"wp","href":"https:\/\/api.w.org\/{rel}","templated":true}]}}