{"id":17913,"date":"2023-02-09T23:20:00","date_gmt":"2023-02-10T04:20:00","guid":{"rendered":"https:\/\/naturalook.shop\/product\/kevin-murphy-heated-defense-leave-in\/"},"modified":"2025-10-23T22:21:34","modified_gmt":"2025-10-24T02:21:34","slug":"kevin-murphy-heated-defense-leave-in","status":"publish","type":"product","link":"https:\/\/naturalook.shop\/fr\/produit\/kevin-murphy-heated-defense-leave-in\/","title":{"rendered":"Kevin Murphy &#8211; HEATED.DEFENSE &#8211; Leave-in &#8211; 150ml"},"content":{"rendered":"<p>HEATED.DEFENSE est un traitement capillaire puissant qui offre une protection invisible et sans poids pour prot\u00e9ger vos cheveux des dommages caus\u00e9s par les outils chauffants et m\u00e9caniques. Ce traitement en mousse sans rin\u00e7age est con\u00e7u pour \u00eatre une ligne de d\u00e9fense supr\u00eame contre les effets de la chaleur sur vos cheveux, et il offre une protection contre les hautes temp\u00e9ratures allant jusqu&#8217;\u00e0 232\u00b0C \/ 450\u00b0F.<\/p>\n<p>L&#8217;utilisation d&#8217;outils de coiffage chauffants peut \u00eatre un moyen rapide et facile d&#8217;obtenir la coiffure que vous voulez, mais cela peut \u00e9galement causer des dommages \u00e0 vos cheveux au fil du temps. HEATED.DEFENSE aide \u00e0 r\u00e9duire ces dommages en formant une barri\u00e8re protectrice autour de vos cheveux. Cette barri\u00e8re prot\u00e8ge vos cheveux de la chaleur de vos outils de coiffage, les emp\u00eachant de devenir secs, cassants ou ab\u00eem\u00e9s.<\/p>\n<p>HEATED.DEFENSE est facile \u00e0 utiliser &#8211; il suffit d&#8217;appliquer la mousse invisible sans poids sur vos cheveux avant d&#8217;utiliser vos outils de coiffage chauffants. La mousse p\u00e9n\u00e8tre vos cheveux et cr\u00e9e une barri\u00e8re protectrice, assurant que vos cheveux restent sains et forts. Ce traitement sans rin\u00e7age peut \u00eatre utilis\u00e9 sur tous les types de cheveux, et il ne les alourdira pas ou ne les laissera pas gras.<\/p>\n<p>En r\u00e9sum\u00e9, HEATED.DEFENSE est un produit essentiel pour toute personne qui utilise r\u00e9guli\u00e8rement des outils de coiffage chauffants. Il offre une protection extr\u00eame contre la chaleur, vous permettant d&#8217;utiliser vos outils en toute confiance, sachant que vos cheveux sont prot\u00e9g\u00e9s des dommages. Avec ce traitement, vous pouvez armer vos cheveux d&#8217;une barri\u00e8re protectrice qui les maintient sains et forts, m\u00eame avec une utilisation fr\u00e9quente d&#8217;outils de coiffage chauffants.<\/p>\n","protected":false},"excerpt":{"rendered":"<p>PROTECTION THERMIQUE SANS RIN\u00c7AGE POUR TOUS LES TYPES DE CHEVEUX<\/p>\n","protected":false},"featured_media":16365,"comment_status":"open","ping_status":"closed","template":"","meta":{"_glsr_average":0,"_glsr_ranking":0,"_glsr_reviews":0},"product_brand":[902],"product_cat":[612,616,615],"product_tag":[677],"class_list":{"0":"post-17913","1":"product","2":"type-product","3":"status-publish","4":"has-post-thumbnail","6":"product_brand-kevin-murphy","7":"product_cat-leave-in-fr","8":"product_cat-traitement","9":"product_cat-stylisant","10":"product_tag-kevin-murphy-fr","11":"_wholesalex wsx-wholesalex-product","13":"first","14":"outofstock","15":"taxable","16":"shipping-taxable","17":"purchasable","18":"product-type-simple"},"jetpack_sharing_enabled":true,"_links":{"self":[{"href":"https:\/\/naturalook.shop\/fr\/wp-json\/wp\/v2\/product\/17913","targetHints":{"allow":["GET"]}}],"collection":[{"href":"https:\/\/naturalook.shop\/fr\/wp-json\/wp\/v2\/product"}],"about":[{"href":"https:\/\/naturalook.shop\/fr\/wp-json\/wp\/v2\/types\/product"}],"replies":[{"embeddable":true,"href":"https:\/\/naturalook.shop\/fr\/wp-json\/wp\/v2\/comments?post=17913"}],"version-history":[{"count":1,"href":"https:\/\/naturalook.shop\/fr\/wp-json\/wp\/v2\/product\/17913\/revisions"}],"predecessor-version":[{"id":34244,"href":"https:\/\/naturalook.shop\/fr\/wp-json\/wp\/v2\/product\/17913\/revisions\/34244"}],"wp:featuredmedia":[{"embeddable":true,"href":"https:\/\/naturalook.shop\/fr\/wp-json\/wp\/v2\/media\/16365"}],"wp:attachment":[{"href":"https:\/\/naturalook.shop\/fr\/wp-json\/wp\/v2\/media?parent=17913"}],"wp:term":[{"taxonomy":"product_brand","embeddable":true,"href":"https:\/\/naturalook.shop\/fr\/wp-json\/wp\/v2\/product_brand?post=17913"},{"taxonomy":"product_cat","embeddable":true,"href":"https:\/\/naturalook.shop\/fr\/wp-json\/wp\/v2\/product_cat?post=17913"},{"taxonomy":"product_tag","embeddable":true,"href":"https:\/\/naturalook.shop\/fr\/wp-json\/wp\/v2\/product_tag?post=17913"}],"curies":[{"name":"wp","href":"https:\/\/api.w.org\/{rel}","templated":true}]}}