{"id":17919,"date":"2023-02-09T23:20:00","date_gmt":"2023-02-10T04:20:00","guid":{"rendered":"https:\/\/naturalook.shop\/product\/kevin-murphy-young-again-masque\/"},"modified":"2025-10-23T22:21:35","modified_gmt":"2025-10-24T02:21:35","slug":"kevin-murphy-young-again-masque","status":"publish","type":"product","link":"https:\/\/naturalook.shop\/fr\/produit\/kevin-murphy-young-again-masque\/","title":{"rendered":"Kevin Murphy &#8211; YOUNG.AGAIN.MASQUE &#8211; 200ml"},"content":{"rendered":"<p>Vous cherchez \u00e0 redonner vie \u00e0 vos cheveux cassants et vieillissants? Notre masque r\u00e9parateur \u00e0 utiliser \u00e0 la maison, de la gamme REJUVENATE, est l\u00e0 pour vous aider. Il est rempli d&#8217;ingr\u00e9dients puissants anti-\u00e2ge tels que l&#8217;Immortelle et les huiles de Baobab, la fleur de lotus, l&#8217;extrait d&#8217;orchid\u00e9e et un complexe d&#8217;acides amin\u00e9s nourrissants, ce masque conditionne en profondeur tout en aidant \u00e0 renforcer et \u00e0 r\u00e9parer les cheveux endommag\u00e9s.<\/p>\n<p>Le r\u00e9sultat est des cheveux qui semblent et se sentent revitalis\u00e9s, avec un corps renouvel\u00e9, un rebondissement et une brillance incroyable qui les rendent semblables \u00e0 des cheveux JEUNES \u00c0 NOUVEAU. Que vos cheveux aient \u00e9t\u00e9 endommag\u00e9s par des stress environnementaux ou qu&#8217;ils montrent simplement des signes de vieillissement, ce masque est la solution parfaite pour restaurer leur sant\u00e9 et leur vitalit\u00e9.<\/p>\n<p>Pour l&#8217;utiliser, il suffit de l&#8217;appliquer sur des cheveux propres et humides et de le laisser agir pendant 5 \u00e0 10 minutes avant de rincer abondamment. Le m\u00e9lange nourrissant d&#8217;ingr\u00e9dients fonctionnera pour conditionner en profondeur vos cheveux, aidant \u00e0 restaurer leur force et leur vitalit\u00e9 tout en offrant de puissants avantages antioxydants et anti-\u00e2ge.<\/p>\n<p>En r\u00e9sum\u00e9, notre masque r\u00e9parateur \u00e0 utiliser \u00e0 la maison est un must pour toute personne cherchant \u00e0 am\u00e9liorer la sant\u00e9 et l&#8217;apparence de ses cheveux vieillissants ou endommag\u00e9s. Avec son m\u00e9lange puissant d&#8217;ingr\u00e9dients nourrissants et ses propri\u00e9t\u00e9s de conditionnement en profondeur, vous direz adieu aux cheveux cassants et ternes et bonjour aux cheveux qui semblent et se sentent revitalis\u00e9s, rebondissants et pleins de vie.<\/p>\n","protected":false},"excerpt":{"rendered":"<p>MASQUE ANTI-\u00c2GE, R\u00c9G\u00c9N\u00c9RANT ET ADOUCISSANT<\/p>\n","protected":false},"featured_media":16378,"comment_status":"open","ping_status":"closed","template":"","meta":{"_glsr_average":0,"_glsr_ranking":0,"_glsr_reviews":0},"product_brand":[902],"product_cat":[613,616],"product_tag":[677],"class_list":{"0":"post-17919","1":"product","2":"type-product","3":"status-publish","4":"has-post-thumbnail","6":"product_brand-kevin-murphy","7":"product_cat-masque","8":"product_cat-traitement","9":"product_tag-kevin-murphy-fr","10":"_wholesalex wsx-wholesalex-product","12":"first","13":"outofstock","14":"taxable","15":"shipping-taxable","16":"purchasable","17":"product-type-simple"},"jetpack_sharing_enabled":true,"_links":{"self":[{"href":"https:\/\/naturalook.shop\/fr\/wp-json\/wp\/v2\/product\/17919","targetHints":{"allow":["GET"]}}],"collection":[{"href":"https:\/\/naturalook.shop\/fr\/wp-json\/wp\/v2\/product"}],"about":[{"href":"https:\/\/naturalook.shop\/fr\/wp-json\/wp\/v2\/types\/product"}],"replies":[{"embeddable":true,"href":"https:\/\/naturalook.shop\/fr\/wp-json\/wp\/v2\/comments?post=17919"}],"version-history":[{"count":1,"href":"https:\/\/naturalook.shop\/fr\/wp-json\/wp\/v2\/product\/17919\/revisions"}],"predecessor-version":[{"id":34247,"href":"https:\/\/naturalook.shop\/fr\/wp-json\/wp\/v2\/product\/17919\/revisions\/34247"}],"wp:featuredmedia":[{"embeddable":true,"href":"https:\/\/naturalook.shop\/fr\/wp-json\/wp\/v2\/media\/16378"}],"wp:attachment":[{"href":"https:\/\/naturalook.shop\/fr\/wp-json\/wp\/v2\/media?parent=17919"}],"wp:term":[{"taxonomy":"product_brand","embeddable":true,"href":"https:\/\/naturalook.shop\/fr\/wp-json\/wp\/v2\/product_brand?post=17919"},{"taxonomy":"product_cat","embeddable":true,"href":"https:\/\/naturalook.shop\/fr\/wp-json\/wp\/v2\/product_cat?post=17919"},{"taxonomy":"product_tag","embeddable":true,"href":"https:\/\/naturalook.shop\/fr\/wp-json\/wp\/v2\/product_tag?post=17919"}],"curies":[{"name":"wp","href":"https:\/\/api.w.org\/{rel}","templated":true}]}}