{"id":17921,"date":"2023-02-09T23:20:00","date_gmt":"2023-02-10T04:20:00","guid":{"rendered":"https:\/\/naturalook.shop\/product\/kevin-murphy-young-again-rinse-conditioner\/"},"modified":"2025-10-23T22:21:35","modified_gmt":"2025-10-24T02:21:35","slug":"kevin-murphy-young-again-rinse-conditioner","status":"publish","type":"product","link":"https:\/\/naturalook.shop\/fr\/produit\/kevin-murphy-young-again-rinse-conditioner\/","title":{"rendered":"Kevin Murphy &#8211; YOUNG.AGAIN RINSE &#8211; Conditioner &#8211; 250ml"},"content":{"rendered":"<p>D\u00e9couvrez les effets rajeunissants du YOUNG.AGAIN.RINSE, un apr\u00e8s-shampooing luxueux qui aide \u00e0 restaurer l&#8217;\u00e9clat de jeunesse des cheveux secs, cassants et vieillissants. Infus\u00e9 d&#8217;Immortelle et d&#8217;huiles de Baobab anti-\u00e2ge, d&#8217;extrait d&#8217;orchid\u00e9e et d&#8217;un complexe nourrissant d&#8217;acides amin\u00e9s, cet apr\u00e8s-shampooing apporte une profonde nutrition pour renforcer et r\u00e9parer les cheveux ab\u00eem\u00e9s. Il fournit \u00e9galement une hydratation essentielle pour restaurer la douceur et la brillance, laissant vos cheveux avec un aspect et une sensation de jeunesse retrouv\u00e9e.<\/p>\n","protected":false},"excerpt":{"rendered":"<p>CONDITIONNEUR ANTI-\u00c2GE, R\u00c9G\u00c9N\u00c9RANT ET ADOUCISSANT<\/p>\n","protected":false},"featured_media":16382,"comment_status":"open","ping_status":"closed","template":"","meta":{"_glsr_average":0,"_glsr_ranking":0,"_glsr_reviews":0},"product_brand":[902],"product_cat":[610],"product_tag":[677],"class_list":{"0":"post-17921","1":"product","2":"type-product","3":"status-publish","4":"has-post-thumbnail","6":"product_brand-kevin-murphy","7":"product_cat-revitalisant","8":"product_tag-kevin-murphy-fr","9":"_wholesalex wsx-wholesalex-product","11":"first","12":"outofstock","13":"taxable","14":"shipping-taxable","15":"purchasable","16":"product-type-simple"},"jetpack_sharing_enabled":true,"_links":{"self":[{"href":"https:\/\/naturalook.shop\/fr\/wp-json\/wp\/v2\/product\/17921","targetHints":{"allow":["GET"]}}],"collection":[{"href":"https:\/\/naturalook.shop\/fr\/wp-json\/wp\/v2\/product"}],"about":[{"href":"https:\/\/naturalook.shop\/fr\/wp-json\/wp\/v2\/types\/product"}],"replies":[{"embeddable":true,"href":"https:\/\/naturalook.shop\/fr\/wp-json\/wp\/v2\/comments?post=17921"}],"version-history":[{"count":1,"href":"https:\/\/naturalook.shop\/fr\/wp-json\/wp\/v2\/product\/17921\/revisions"}],"predecessor-version":[{"id":34249,"href":"https:\/\/naturalook.shop\/fr\/wp-json\/wp\/v2\/product\/17921\/revisions\/34249"}],"wp:featuredmedia":[{"embeddable":true,"href":"https:\/\/naturalook.shop\/fr\/wp-json\/wp\/v2\/media\/16382"}],"wp:attachment":[{"href":"https:\/\/naturalook.shop\/fr\/wp-json\/wp\/v2\/media?parent=17921"}],"wp:term":[{"taxonomy":"product_brand","embeddable":true,"href":"https:\/\/naturalook.shop\/fr\/wp-json\/wp\/v2\/product_brand?post=17921"},{"taxonomy":"product_cat","embeddable":true,"href":"https:\/\/naturalook.shop\/fr\/wp-json\/wp\/v2\/product_cat?post=17921"},{"taxonomy":"product_tag","embeddable":true,"href":"https:\/\/naturalook.shop\/fr\/wp-json\/wp\/v2\/product_tag?post=17921"}],"curies":[{"name":"wp","href":"https:\/\/api.w.org\/{rel}","templated":true}]}}