{"id":17922,"date":"2023-02-09T23:20:00","date_gmt":"2023-02-10T04:20:00","guid":{"rendered":"https:\/\/naturalook.shop\/product\/kevin-murphy-young-again-wash-shampoo\/"},"modified":"2025-10-23T22:21:36","modified_gmt":"2025-10-24T02:21:36","slug":"kevin-murphy-young-again-wash-shampoo","status":"publish","type":"product","link":"https:\/\/naturalook.shop\/fr\/produit\/kevin-murphy-young-again-wash-shampoo\/","title":{"rendered":"Kevin Murphy &#8211; YOUNG.AGAIN WASH &#8211; Shampoo &#8211; 250ml"},"content":{"rendered":"<p>Offrez \u00e0 vos cheveux ab\u00eem\u00e9s et vieillissants une exp\u00e9rience indulgente avec notre shampooing adoucissant et r\u00e9parateur qui offre de puissants bienfaits rajeunissants \u00e0 chaque lavage. Infus\u00e9 avec un m\u00e9lange riche en antioxydants d&#8217;Immortelle et d&#8217;huiles de Baobab, de fleurs de Lotus, d&#8217;extrait d&#8217;orchid\u00e9e et d&#8217;un complexe nourrissant d&#8217;acides amin\u00e9s, ce shampooing renforce les cheveux et offre une profonde conditionnement pour restaurer l&#8217;hydratation, ce qui donne une nouvelle brillance, du corps et du rebond. Offrez un coup de jeune \u00e0 vos cheveux et profitez des effets rajeunissants de ce shampooing nourrissant.<\/p>\n","protected":false},"excerpt":{"rendered":"<p>SHAMPOOING ANTI-\u00c2GE, R\u00c9G\u00c9N\u00c9RANT ET ADOUCISSANT<\/p>\n","protected":false},"featured_media":16385,"comment_status":"open","ping_status":"closed","template":"","meta":{"_glsr_average":0,"_glsr_ranking":0,"_glsr_reviews":0},"product_brand":[902],"product_cat":[614],"product_tag":[677],"class_list":{"0":"post-17922","1":"product","2":"type-product","3":"status-publish","4":"has-post-thumbnail","6":"product_brand-kevin-murphy","7":"product_cat-shampooing","8":"product_tag-kevin-murphy-fr","9":"_wholesalex wsx-wholesalex-product","11":"first","12":"outofstock","13":"taxable","14":"shipping-taxable","15":"purchasable","16":"product-type-simple"},"jetpack_sharing_enabled":true,"_links":{"self":[{"href":"https:\/\/naturalook.shop\/fr\/wp-json\/wp\/v2\/product\/17922","targetHints":{"allow":["GET"]}}],"collection":[{"href":"https:\/\/naturalook.shop\/fr\/wp-json\/wp\/v2\/product"}],"about":[{"href":"https:\/\/naturalook.shop\/fr\/wp-json\/wp\/v2\/types\/product"}],"replies":[{"embeddable":true,"href":"https:\/\/naturalook.shop\/fr\/wp-json\/wp\/v2\/comments?post=17922"}],"version-history":[{"count":1,"href":"https:\/\/naturalook.shop\/fr\/wp-json\/wp\/v2\/product\/17922\/revisions"}],"predecessor-version":[{"id":34251,"href":"https:\/\/naturalook.shop\/fr\/wp-json\/wp\/v2\/product\/17922\/revisions\/34251"}],"wp:featuredmedia":[{"embeddable":true,"href":"https:\/\/naturalook.shop\/fr\/wp-json\/wp\/v2\/media\/16385"}],"wp:attachment":[{"href":"https:\/\/naturalook.shop\/fr\/wp-json\/wp\/v2\/media?parent=17922"}],"wp:term":[{"taxonomy":"product_brand","embeddable":true,"href":"https:\/\/naturalook.shop\/fr\/wp-json\/wp\/v2\/product_brand?post=17922"},{"taxonomy":"product_cat","embeddable":true,"href":"https:\/\/naturalook.shop\/fr\/wp-json\/wp\/v2\/product_cat?post=17922"},{"taxonomy":"product_tag","embeddable":true,"href":"https:\/\/naturalook.shop\/fr\/wp-json\/wp\/v2\/product_tag?post=17922"}],"curies":[{"name":"wp","href":"https:\/\/api.w.org\/{rel}","templated":true}]}}