{"id":17923,"date":"2023-02-09T23:20:00","date_gmt":"2023-02-10T04:20:00","guid":{"rendered":"https:\/\/naturalook.shop\/product\/kevin-murphy-blonde-angel-wash-shampoo\/"},"modified":"2025-10-23T22:21:36","modified_gmt":"2025-10-24T02:21:36","slug":"kevin-murphy-blonde-angel-wash-shampoo","status":"publish","type":"product","link":"https:\/\/naturalook.shop\/fr\/produit\/kevin-murphy-blonde-angel-wash-shampoo\/","title":{"rendered":"Kevin Murphy &#8211; BLONDE.ANGEL.WASH &#8211; Shampoo &#8211; 250ml"},"content":{"rendered":"<p>Offrez \u00e0 vos m\u00e8ches blondes un soin d&#8217;amour avec notre shampooing infus\u00e9 \u00e0 la lavande et rehausseur de couleur, con\u00e7u pour maintenir la fra\u00eecheur de votre couleur de salon. Que vous ayez des m\u00e8ches blondes cr\u00e9meuses ou platine, notre shampooing est l\u00e0 pour vous avec ses agents optiques qui \u00e9liminent les tons cuivr\u00e9s, ravivent la couleur terne et restaurent la brillance. Enrichi en beurres nourrissants, vos cheveux resteront hydrat\u00e9s et votre couleur restera intacte, faisant de chaque jour un moment de diva.<\/p>\n","protected":false},"excerpt":{"rendered":"<p>SHAMPOOING AM\u00c9LIORATEUR DE COULEUR POUR CHEVEUX BLONDS<\/p>\n","protected":false},"featured_media":16390,"comment_status":"open","ping_status":"closed","template":"","meta":{"_glsr_average":0,"_glsr_ranking":0,"_glsr_reviews":0},"product_brand":[902],"product_cat":[614],"product_tag":[677],"class_list":{"0":"post-17923","1":"product","2":"type-product","3":"status-publish","4":"has-post-thumbnail","6":"product_brand-kevin-murphy","7":"product_cat-shampooing","8":"product_tag-kevin-murphy-fr","9":"_wholesalex wsx-wholesalex-product","11":"first","12":"outofstock","13":"taxable","14":"shipping-taxable","15":"purchasable","16":"product-type-simple"},"jetpack_sharing_enabled":true,"_links":{"self":[{"href":"https:\/\/naturalook.shop\/fr\/wp-json\/wp\/v2\/product\/17923","targetHints":{"allow":["GET"]}}],"collection":[{"href":"https:\/\/naturalook.shop\/fr\/wp-json\/wp\/v2\/product"}],"about":[{"href":"https:\/\/naturalook.shop\/fr\/wp-json\/wp\/v2\/types\/product"}],"replies":[{"embeddable":true,"href":"https:\/\/naturalook.shop\/fr\/wp-json\/wp\/v2\/comments?post=17923"}],"version-history":[{"count":1,"href":"https:\/\/naturalook.shop\/fr\/wp-json\/wp\/v2\/product\/17923\/revisions"}],"predecessor-version":[{"id":34253,"href":"https:\/\/naturalook.shop\/fr\/wp-json\/wp\/v2\/product\/17923\/revisions\/34253"}],"wp:featuredmedia":[{"embeddable":true,"href":"https:\/\/naturalook.shop\/fr\/wp-json\/wp\/v2\/media\/16390"}],"wp:attachment":[{"href":"https:\/\/naturalook.shop\/fr\/wp-json\/wp\/v2\/media?parent=17923"}],"wp:term":[{"taxonomy":"product_brand","embeddable":true,"href":"https:\/\/naturalook.shop\/fr\/wp-json\/wp\/v2\/product_brand?post=17923"},{"taxonomy":"product_cat","embeddable":true,"href":"https:\/\/naturalook.shop\/fr\/wp-json\/wp\/v2\/product_cat?post=17923"},{"taxonomy":"product_tag","embeddable":true,"href":"https:\/\/naturalook.shop\/fr\/wp-json\/wp\/v2\/product_tag?post=17923"}],"curies":[{"name":"wp","href":"https:\/\/api.w.org\/{rel}","templated":true}]}}