{"id":17924,"date":"2023-02-09T23:20:00","date_gmt":"2023-02-10T04:20:00","guid":{"rendered":"https:\/\/naturalook.shop\/product\/kevin-murphy-shimmer-me-blonde-treatment\/"},"modified":"2025-10-23T22:21:30","modified_gmt":"2025-10-24T02:21:30","slug":"kevin-murphy-shimmer-me-blonde-treatment","status":"publish","type":"product","link":"https:\/\/naturalook.shop\/fr\/produit\/kevin-murphy-shimmer-me-blonde-treatment\/","title":{"rendered":"Kevin Murphy &#8211; SHIMMER.ME BLONDE &#8211; Treatment &#8211; 100ml"},"content":{"rendered":"<p>Pr\u00e9parez-vous \u00e0 briller, Blondie ! Notre traitement r\u00e9parateur et brillance est la touche parfaite pour votre routine capillaire. Cette brume rafra\u00eechissante est infus\u00e9e avec des amplificateurs de couleur, des agents de blanchiment optiques et une technologie r\u00e9fl\u00e9chissante qui capture la lumi\u00e8re pour un r\u00e9sultat \u00e9clatant, ajoutant instantan\u00e9ment de la brillance \u00e0 vos reflets blonds, cendr\u00e9s ou gris. De plus, notre m\u00e9lange soigneusement s\u00e9lectionn\u00e9 d&#8217;extraits de fruits australiens hautement r\u00e9silients ajoute de l&#8217;hydratation et de l&#8217;\u00e9lasticit\u00e9 pour redonner du rebond \u00e0 votre blonde. Dites adieu aux cheveux ternes et sans vie et bonjour aux m\u00e8ches radieuses et lumineuses.<\/p>\n","protected":false},"excerpt":{"rendered":"<p>TRAITEMENT DE BRILLANCE DE R\u00c9PARATION POUR LES BLONDES<\/p>\n","protected":false},"featured_media":16395,"comment_status":"open","ping_status":"closed","template":"","meta":{"_glsr_average":0,"_glsr_ranking":0,"_glsr_reviews":0},"product_brand":[902],"product_cat":[616],"product_tag":[677],"class_list":{"0":"post-17924","1":"product","2":"type-product","3":"status-publish","4":"has-post-thumbnail","6":"product_brand-kevin-murphy","7":"product_cat-traitement","8":"product_tag-kevin-murphy-fr","9":"_wholesalex wsx-wholesalex-product","11":"first","12":"outofstock","13":"taxable","14":"shipping-taxable","15":"purchasable","16":"product-type-simple"},"jetpack_sharing_enabled":true,"_links":{"self":[{"href":"https:\/\/naturalook.shop\/fr\/wp-json\/wp\/v2\/product\/17924","targetHints":{"allow":["GET"]}}],"collection":[{"href":"https:\/\/naturalook.shop\/fr\/wp-json\/wp\/v2\/product"}],"about":[{"href":"https:\/\/naturalook.shop\/fr\/wp-json\/wp\/v2\/types\/product"}],"replies":[{"embeddable":true,"href":"https:\/\/naturalook.shop\/fr\/wp-json\/wp\/v2\/comments?post=17924"}],"version-history":[{"count":1,"href":"https:\/\/naturalook.shop\/fr\/wp-json\/wp\/v2\/product\/17924\/revisions"}],"predecessor-version":[{"id":34229,"href":"https:\/\/naturalook.shop\/fr\/wp-json\/wp\/v2\/product\/17924\/revisions\/34229"}],"wp:featuredmedia":[{"embeddable":true,"href":"https:\/\/naturalook.shop\/fr\/wp-json\/wp\/v2\/media\/16395"}],"wp:attachment":[{"href":"https:\/\/naturalook.shop\/fr\/wp-json\/wp\/v2\/media?parent=17924"}],"wp:term":[{"taxonomy":"product_brand","embeddable":true,"href":"https:\/\/naturalook.shop\/fr\/wp-json\/wp\/v2\/product_brand?post=17924"},{"taxonomy":"product_cat","embeddable":true,"href":"https:\/\/naturalook.shop\/fr\/wp-json\/wp\/v2\/product_cat?post=17924"},{"taxonomy":"product_tag","embeddable":true,"href":"https:\/\/naturalook.shop\/fr\/wp-json\/wp\/v2\/product_tag?post=17924"}],"curies":[{"name":"wp","href":"https:\/\/api.w.org\/{rel}","templated":true}]}}