{"id":17925,"date":"2023-02-09T23:20:00","date_gmt":"2023-02-10T04:20:00","guid":{"rendered":"https:\/\/naturalook.shop\/product\/kevin-murphy-blonde-angel-treatment\/"},"modified":"2025-10-23T22:21:31","modified_gmt":"2025-10-24T02:21:31","slug":"kevin-murphy-blonde-angel-treatment","status":"publish","type":"product","link":"https:\/\/naturalook.shop\/fr\/produit\/kevin-murphy-blonde-angel-treatment\/","title":{"rendered":"Kevin Murphy &#8211; BLONDE.ANGEL &#8211; Treatment &#8211; 250ml"},"content":{"rendered":"<p>Revitalisez vos m\u00e8ches blondes avec notre traitement conditionnant rehaussant la couleur qui \u00e9limine les tons cuivr\u00e9s et redonne de la brillance et de la brillance. Infus\u00e9 d&#8217;un m\u00e9lange nourrissant d&#8217;extraits d&#8217;huile de tournesol et d&#8217;olive, de lavande et d&#8217;huile de graines de jojoba, ce traitement hydrate et conditionne en profondeur pour prot\u00e9ger les cheveux color\u00e9s et maintenir la beaut\u00e9 et la brillance de votre blonde. Dites adieu aux tons fades et sans \u00e9clat et bonjour aux cheveux blonds vibrants et sains.<\/p>\n","protected":false},"excerpt":{"rendered":"<p>TRAITEMENT AM\u00c9LIORANT LA COULEUR POUR CHEVEUX BLONDS<\/p>\n","protected":false},"featured_media":16398,"comment_status":"open","ping_status":"closed","template":"","meta":{"_glsr_average":0,"_glsr_ranking":0,"_glsr_reviews":0},"product_brand":[902],"product_cat":[616],"product_tag":[677],"class_list":{"0":"post-17925","1":"product","2":"type-product","3":"status-publish","4":"has-post-thumbnail","6":"product_brand-kevin-murphy","7":"product_cat-traitement","8":"product_tag-kevin-murphy-fr","9":"_wholesalex wsx-wholesalex-product","11":"first","12":"outofstock","13":"taxable","14":"shipping-taxable","15":"purchasable","16":"product-type-simple"},"jetpack_sharing_enabled":true,"_links":{"self":[{"href":"https:\/\/naturalook.shop\/fr\/wp-json\/wp\/v2\/product\/17925","targetHints":{"allow":["GET"]}}],"collection":[{"href":"https:\/\/naturalook.shop\/fr\/wp-json\/wp\/v2\/product"}],"about":[{"href":"https:\/\/naturalook.shop\/fr\/wp-json\/wp\/v2\/types\/product"}],"replies":[{"embeddable":true,"href":"https:\/\/naturalook.shop\/fr\/wp-json\/wp\/v2\/comments?post=17925"}],"version-history":[{"count":1,"href":"https:\/\/naturalook.shop\/fr\/wp-json\/wp\/v2\/product\/17925\/revisions"}],"predecessor-version":[{"id":34231,"href":"https:\/\/naturalook.shop\/fr\/wp-json\/wp\/v2\/product\/17925\/revisions\/34231"}],"wp:featuredmedia":[{"embeddable":true,"href":"https:\/\/naturalook.shop\/fr\/wp-json\/wp\/v2\/media\/16398"}],"wp:attachment":[{"href":"https:\/\/naturalook.shop\/fr\/wp-json\/wp\/v2\/media?parent=17925"}],"wp:term":[{"taxonomy":"product_brand","embeddable":true,"href":"https:\/\/naturalook.shop\/fr\/wp-json\/wp\/v2\/product_brand?post=17925"},{"taxonomy":"product_cat","embeddable":true,"href":"https:\/\/naturalook.shop\/fr\/wp-json\/wp\/v2\/product_cat?post=17925"},{"taxonomy":"product_tag","embeddable":true,"href":"https:\/\/naturalook.shop\/fr\/wp-json\/wp\/v2\/product_tag?post=17925"}],"curies":[{"name":"wp","href":"https:\/\/api.w.org\/{rel}","templated":true}]}}