{"id":17926,"date":"2023-02-09T23:20:00","date_gmt":"2023-02-10T04:20:00","guid":{"rendered":"https:\/\/naturalook.shop\/product\/kevin-murphy-motion-lotion\/"},"modified":"2025-10-23T22:21:31","modified_gmt":"2025-10-24T02:21:31","slug":"kevin-murphy-motion-lotion","status":"publish","type":"product","link":"https:\/\/naturalook.shop\/fr\/produit\/kevin-murphy-motion-lotion\/","title":{"rendered":"Kevin Murphy &#8211; MOTION.LOTION &#8211; 150ml"},"content":{"rendered":"<p>Obtenez des ondulations d\u00e9finies et sans frisottis facilement avec le MOTION.LOTION. Cette lotion l\u00e9g\u00e8re pour renforcer les boucles est hautement absorbante et parfaite pour d\u00e9finir des ondulations souples et l\u00e2ches avec une tenue flexible sur les cheveux longs ou fins. Le m\u00e9lange nourrissant d&#8217;huiles, comprenant de la graine de s\u00e9same et de l&#8217;ylang-ylang, renforce l&#8217;\u00e9clat naturel tout en disciplinant les frisottis et les m\u00e8ches rebelles pour un look soign\u00e9 et sans effort.<\/p>\n","protected":false},"excerpt":{"rendered":"<p>LOTION AM\u00c9LIORANTE CURL POUR CHEVEUX FIN<\/p>\n","protected":false},"featured_media":16402,"comment_status":"open","ping_status":"closed","template":"","meta":{"_glsr_average":0,"_glsr_ranking":0,"_glsr_reviews":0},"product_brand":[902],"product_cat":[615],"product_tag":[677],"class_list":{"0":"post-17926","1":"product","2":"type-product","3":"status-publish","4":"has-post-thumbnail","6":"product_brand-kevin-murphy","7":"product_cat-stylisant","8":"product_tag-kevin-murphy-fr","9":"_wholesalex wsx-wholesalex-product","11":"first","12":"outofstock","13":"taxable","14":"shipping-taxable","15":"purchasable","16":"product-type-simple"},"jetpack_sharing_enabled":true,"_links":{"self":[{"href":"https:\/\/naturalook.shop\/fr\/wp-json\/wp\/v2\/product\/17926","targetHints":{"allow":["GET"]}}],"collection":[{"href":"https:\/\/naturalook.shop\/fr\/wp-json\/wp\/v2\/product"}],"about":[{"href":"https:\/\/naturalook.shop\/fr\/wp-json\/wp\/v2\/types\/product"}],"replies":[{"embeddable":true,"href":"https:\/\/naturalook.shop\/fr\/wp-json\/wp\/v2\/comments?post=17926"}],"version-history":[{"count":1,"href":"https:\/\/naturalook.shop\/fr\/wp-json\/wp\/v2\/product\/17926\/revisions"}],"predecessor-version":[{"id":34233,"href":"https:\/\/naturalook.shop\/fr\/wp-json\/wp\/v2\/product\/17926\/revisions\/34233"}],"wp:featuredmedia":[{"embeddable":true,"href":"https:\/\/naturalook.shop\/fr\/wp-json\/wp\/v2\/media\/16402"}],"wp:attachment":[{"href":"https:\/\/naturalook.shop\/fr\/wp-json\/wp\/v2\/media?parent=17926"}],"wp:term":[{"taxonomy":"product_brand","embeddable":true,"href":"https:\/\/naturalook.shop\/fr\/wp-json\/wp\/v2\/product_brand?post=17926"},{"taxonomy":"product_cat","embeddable":true,"href":"https:\/\/naturalook.shop\/fr\/wp-json\/wp\/v2\/product_cat?post=17926"},{"taxonomy":"product_tag","embeddable":true,"href":"https:\/\/naturalook.shop\/fr\/wp-json\/wp\/v2\/product_tag?post=17926"}],"curies":[{"name":"wp","href":"https:\/\/api.w.org\/{rel}","templated":true}]}}