{"id":17927,"date":"2023-02-09T23:20:00","date_gmt":"2023-02-10T04:20:00","guid":{"rendered":"https:\/\/naturalook.shop\/product\/kevin-murphy-killer-waves-curl-enhancer\/"},"modified":"2025-10-23T22:21:32","modified_gmt":"2025-10-24T02:21:32","slug":"kevin-murphy-killer-waves-curl-enhancer","status":"publish","type":"product","link":"https:\/\/naturalook.shop\/fr\/produit\/kevin-murphy-killer-waves-curl-enhancer\/","title":{"rendered":"Kevin Murphy &#8211; KILLER.WAVES &#8211; Curl Enhancer &#8211; 150ml"},"content":{"rendered":"<p>Sublimez vos ondulations et vos boucles naturelles avec cet activateur de boucles invisible et sans poids sp\u00e9cialement con\u00e7u pour les cheveux fins. Infus\u00e9 d&#8217;antioxydants, cet activateur de boucles aide \u00e0 s\u00e9parer et \u00e0 d\u00e9finir les ondulations et les boucles naturelles tout en r\u00e9duisant les frisottis. L&#8217;extrait de graines de Baobab est ajout\u00e9 pour augmenter la brillance et l&#8217;\u00e9lasticit\u00e9, laissant vos ondulations avec un rebond incroyable qui ne manquera pas de faire tourner les t\u00eates. Pr\u00e9parez-vous \u00e0 montrer ces boucles de r\u00eave avec KILLER.WAVES!<\/p>\n","protected":false},"excerpt":{"rendered":"<p>AMPLIFICATEUR DE VAGUE SANS POIDS POUR CHEVEUX FIN<\/p>\n","protected":false},"featured_media":16405,"comment_status":"open","ping_status":"closed","template":"","meta":{"_glsr_average":0,"_glsr_ranking":0,"_glsr_reviews":0},"product_brand":[902],"product_cat":[615],"product_tag":[677],"class_list":{"0":"post-17927","1":"product","2":"type-product","3":"status-publish","4":"has-post-thumbnail","6":"product_brand-kevin-murphy","7":"product_cat-stylisant","8":"product_tag-kevin-murphy-fr","9":"_wholesalex wsx-wholesalex-product","11":"first","12":"outofstock","13":"taxable","14":"shipping-taxable","15":"purchasable","16":"product-type-simple"},"jetpack_sharing_enabled":true,"_links":{"self":[{"href":"https:\/\/naturalook.shop\/fr\/wp-json\/wp\/v2\/product\/17927","targetHints":{"allow":["GET"]}}],"collection":[{"href":"https:\/\/naturalook.shop\/fr\/wp-json\/wp\/v2\/product"}],"about":[{"href":"https:\/\/naturalook.shop\/fr\/wp-json\/wp\/v2\/types\/product"}],"replies":[{"embeddable":true,"href":"https:\/\/naturalook.shop\/fr\/wp-json\/wp\/v2\/comments?post=17927"}],"version-history":[{"count":1,"href":"https:\/\/naturalook.shop\/fr\/wp-json\/wp\/v2\/product\/17927\/revisions"}],"predecessor-version":[{"id":34235,"href":"https:\/\/naturalook.shop\/fr\/wp-json\/wp\/v2\/product\/17927\/revisions\/34235"}],"wp:featuredmedia":[{"embeddable":true,"href":"https:\/\/naturalook.shop\/fr\/wp-json\/wp\/v2\/media\/16405"}],"wp:attachment":[{"href":"https:\/\/naturalook.shop\/fr\/wp-json\/wp\/v2\/media?parent=17927"}],"wp:term":[{"taxonomy":"product_brand","embeddable":true,"href":"https:\/\/naturalook.shop\/fr\/wp-json\/wp\/v2\/product_brand?post=17927"},{"taxonomy":"product_cat","embeddable":true,"href":"https:\/\/naturalook.shop\/fr\/wp-json\/wp\/v2\/product_cat?post=17927"},{"taxonomy":"product_tag","embeddable":true,"href":"https:\/\/naturalook.shop\/fr\/wp-json\/wp\/v2\/product_tag?post=17927"}],"curies":[{"name":"wp","href":"https:\/\/api.w.org\/{rel}","templated":true}]}}